{"id":14183,"date":"2025-02-24T22:46:03","date_gmt":"2025-02-24T21:46:03","guid":{"rendered":"https:\/\/staviori.com.pl\/product\/bizuteria-inwestycyjna-kolczyk-krd4047\/"},"modified":"2026-02-11T00:08:42","modified_gmt":"2026-02-10T23:08:42","slug":"bizuteria-inwestycyjna-kolczyk-krd4047","status":"publish","type":"product","link":"https:\/\/staviori.com.pl\/de\/product\/bizuteria-inwestycyjna-kolczyk-krd4047\/","title":{"rendered":"Exklusive Ohrringe aus 750er Gelbgold mit Rauchquarz und Diamanten"},"content":{"rendered":"<p>Model: KRD4047<br \/>\nWaga ok. 7,34g<\/p>\n<p>Ohrringe.<br \/>\nGelbgold 0,750.<br \/>\n76 Diament\u00f3w, szlif brylantowy, o masie 1,37ct, barwa G-H, czysto\u015b\u0107 SI1.<br \/>\n8 Kwarc Dymny, o masie 11,42ct.<\/p>\n<p>L\u00e4nge 56,5 mm.<br \/>\n13,7 mm breit.<br \/>\nDurchmesser 6,9 mm.<br \/>\n<strong><br \/>\nProdukt nur auf Anfrage erh\u00e4ltlich, Vorlaufzeit ca. 5 Wochen.<\/strong><\/p>","protected":false},"excerpt":{"rendered":"<p>Zjawiskowe kolczyki ze z\u0142ota 18K, w kt\u00f3rych kr\u00f3luje efektowna kompozycja dymnego kwarcu i diament\u00f3w. Osiem fasetowanych kamieni o g\u0142\u0119bokiej barwie dymu w po\u0142\u0105czeniu z 76 brylantami tworzy niezwykle elegancki, a zarazem zmys\u0142owy efekt. Ich wyrafinowany kszta\u0142t i d\u0142ugie, wisz\u0105ce linie pi\u0119knie wyd\u0142u\u017caj\u0105 sylwetk\u0119 i dodaj\u0105 luksusowego charakteru ka\u017cdej stylizacji. Idealne na wiecz\u00f3r i specjalne okazje.<\/p>","protected":false},"featured_media":2263,"comment_status":"closed","ping_status":"closed","template":"","meta":{"om_disable_all_campaigns":false},"product_brand":[2284],"product_cat":[1803,6858,199],"product_tag":[2338,2337,2754,3308,2317,3311,2770,2667,3310,3312,3309,2336,2522],"class_list":{"0":"post-14183","1":"product","2":"type-product","3":"status-publish","4":"has-post-thumbnail","6":"product_brand-staviori","7":"product_cat-brylanty-exclusive","8":"product_cat-kolczyki-brylanty-exclusive","9":"product_cat-kolczyki","10":"product_tag-18k","11":"product_tag-2337","12":"product_tag-bizuteria-wieczorowa","13":"product_tag-dse1637b","14":"product_tag-elegancka-bizuteria","15":"product_tag-kolczyki-ekskluzywne","16":"product_tag-kolczyki-wiszace","17":"product_tag-kolczyki-z-diamentami","18":"product_tag-kolczyki-z-kwarcem-dymnym","19":"product_tag-krd4047","20":"product_tag-olczyki-luksusowe","21":"product_tag-rozowe-zloto","22":"product_tag-zolte-zloto","23":"pa_barwa-g-h","24":"pa_czystosc-si1","25":"pa_dlugosc-56-5mm","26":"pa_dostawca-draco","27":"pa_kamien-brylanty","28":"pa_kamien-kwarc-dymny","29":"pa_kolor-zolte","30":"pa_kruszec-zloto","31":"pa_proba-0-750","32":"pa_szerokosc-13-7mm","33":"pa_waga-730g","34":"pa_zapiecie-sztyft","36":"first","37":"onbackorder","38":"purchasable","39":"product-type-simple"},"aioseo_notices":[],"_links":{"self":[{"href":"https:\/\/staviori.com.pl\/de\/wp-json\/wp\/v2\/product\/14183","targetHints":{"allow":["GET"]}}],"collection":[{"href":"https:\/\/staviori.com.pl\/de\/wp-json\/wp\/v2\/product"}],"about":[{"href":"https:\/\/staviori.com.pl\/de\/wp-json\/wp\/v2\/types\/product"}],"replies":[{"embeddable":true,"href":"https:\/\/staviori.com.pl\/de\/wp-json\/wp\/v2\/comments?post=14183"}],"wp:featuredmedia":[{"embeddable":true,"href":"https:\/\/staviori.com.pl\/de\/wp-json\/wp\/v2\/media\/2263"}],"wp:attachment":[{"href":"https:\/\/staviori.com.pl\/de\/wp-json\/wp\/v2\/media?parent=14183"}],"wp:term":[{"taxonomy":"product_brand","embeddable":true,"href":"https:\/\/staviori.com.pl\/de\/wp-json\/wp\/v2\/product_brand?post=14183"},{"taxonomy":"product_cat","embeddable":true,"href":"https:\/\/staviori.com.pl\/de\/wp-json\/wp\/v2\/product_cat?post=14183"},{"taxonomy":"product_tag","embeddable":true,"href":"https:\/\/staviori.com.pl\/de\/wp-json\/wp\/v2\/product_tag?post=14183"}],"curies":[{"name":"wp","href":"https:\/\/api.w.org\/{rel}","templated":true}]}}