{"id":14181,"date":"2025-02-24T22:46:03","date_gmt":"2025-02-24T21:46:03","guid":{"rendered":"https:\/\/staviori.com.pl\/product\/bizuteria-inwestycyjna-kolczyk-krd4043\/"},"modified":"2026-02-11T00:08:42","modified_gmt":"2026-02-10T23:08:42","slug":"bizuteria-inwestycyjna-kolczyk-krd4043","status":"publish","type":"product","link":"https:\/\/staviori.com.pl\/de\/product\/bizuteria-inwestycyjna-kolczyk-krd4043\/","title":{"rendered":"Exklusive Ohrringe aus Rotgold mit Amethysten und Diamanten"},"content":{"rendered":"<p>Model: KRD4043<br \/>\nWaga ok. 9,90g<\/p>\n<p>Ohrringe.<br \/>\nR\u00f3\u017cowe Z\u0142oto 0,750.<br \/>\n48 Diament\u00f3w, szlif brylantowy, o masie ok. 0,62ct, barwa G, czysto\u015b\u0107 SI1-SI2.<br \/>\n2 Ametysty, o masie ok. 2,38ct.<\/p>\n<p>Wymiary 14&#215;10 mm.<br \/>\nWymiary kamieni ok. 10&#215;6 mm.<\/p>\n<p><strong>Produkt nur auf Anfrage erh\u00e4ltlich, Vorlaufzeit ca. 5 Wochen.<\/strong><\/p>\n<p>Przepi\u0119kne ametystowe kolczyki z brylantami i 18-karatowym r\u00f3\u017cowym z\u0142otem. Zapi\u0119cie typu omega &#8211; klips z bolcem.<\/p>","protected":false},"excerpt":{"rendered":"<p>Przepi\u0119kne kolczyki wykonane z 18-karatowego r\u00f3\u017cowego z\u0142ota, kt\u00f3rych sercem s\u0105 intensywnie fioletowe ametysty w szlifie gruszkowym. Otoczone 48 b\u0142yszcz\u0105cymi brylantami tworz\u0105 luksusowy, klasyczny wz\u00f3r o eleganckim charakterze. Starannie wyprofilowany kszta\u0142t i praktyczne zapi\u0119cie typu omega zapewniaj\u0105 komfort noszenia oraz bezpiecze\u0144stwo. Idealne do wieczorowych stylizacji, jak i jako wyj\u0105tkowy prezent.<\/p>","protected":false},"featured_media":2254,"comment_status":"closed","ping_status":"closed","template":"","meta":{"om_disable_all_campaigns":false},"product_brand":[2284],"product_cat":[1803,6858,199],"product_tag":[3317,3133,2698,3319,2686,3318,2672,3316,2280,2336],"class_list":{"0":"post-14181","1":"product","2":"type-product","3":"status-publish","4":"has-post-thumbnail","6":"product_brand-staviori","7":"product_cat-brylanty-exclusive","8":"product_cat-kolczyki-brylanty-exclusive","9":"product_cat-kolczyki","10":"product_tag-dde1125","11":"product_tag-kolczyki-eleganckie","12":"product_tag-kolczyki-na-prezent","13":"product_tag-kolczyki-omega","14":"product_tag-kolczyki-wieczorowe","15":"product_tag-kolczyki-z-ametystem","16":"product_tag-kolczyki-z-brylantami","17":"product_tag-krd4043","18":"product_tag-luksusowa-bizuteria","19":"product_tag-rozowe-zloto","20":"pa_barwa-g","21":"pa_czystosc-si1","22":"pa_dostawca-draco","23":"pa_kamien-ametysty","24":"pa_kamien-biale-diamenty","25":"pa_kamien-brylanty","26":"pa_kolor-rozowe","27":"pa_kruszec-zloto","28":"pa_proba-0-750","29":"pa_waga-990g","30":"pa_wymiary-14x10mm","31":"pa_wymiary-kamieni-ok-10x6mm","32":"pa_zapiecie-klips-z-bolcem","33":"pa_zapiecie-omega","35":"first","36":"onbackorder","37":"purchasable","38":"product-type-simple"},"aioseo_notices":[],"_links":{"self":[{"href":"https:\/\/staviori.com.pl\/de\/wp-json\/wp\/v2\/product\/14181","targetHints":{"allow":["GET"]}}],"collection":[{"href":"https:\/\/staviori.com.pl\/de\/wp-json\/wp\/v2\/product"}],"about":[{"href":"https:\/\/staviori.com.pl\/de\/wp-json\/wp\/v2\/types\/product"}],"replies":[{"embeddable":true,"href":"https:\/\/staviori.com.pl\/de\/wp-json\/wp\/v2\/comments?post=14181"}],"wp:featuredmedia":[{"embeddable":true,"href":"https:\/\/staviori.com.pl\/de\/wp-json\/wp\/v2\/media\/2254"}],"wp:attachment":[{"href":"https:\/\/staviori.com.pl\/de\/wp-json\/wp\/v2\/media?parent=14181"}],"wp:term":[{"taxonomy":"product_brand","embeddable":true,"href":"https:\/\/staviori.com.pl\/de\/wp-json\/wp\/v2\/product_brand?post=14181"},{"taxonomy":"product_cat","embeddable":true,"href":"https:\/\/staviori.com.pl\/de\/wp-json\/wp\/v2\/product_cat?post=14181"},{"taxonomy":"product_tag","embeddable":true,"href":"https:\/\/staviori.com.pl\/de\/wp-json\/wp\/v2\/product_tag?post=14181"}],"curies":[{"name":"wp","href":"https:\/\/api.w.org\/{rel}","templated":true}]}}