{"id":14172,"date":"2025-02-24T22:45:58","date_gmt":"2025-02-24T21:45:58","guid":{"rendered":"https:\/\/staviori.com.pl\/product\/kolczyk-z-brylantami-krd2003\/"},"modified":"2026-02-11T00:08:41","modified_gmt":"2026-02-10T23:08:41","slug":"kolczyk-z-brylantami-krd2003","status":"publish","type":"product","link":"https:\/\/staviori.com.pl\/de\/product\/kolczyk-z-brylantami-krd2003\/","title":{"rendered":"Staviori Must Have | ungew\u00f6hnliche zweiteilige Ohrringe mit Diamanten aus Ros\u00e9gold"},"content":{"rendered":"<p>Model: KRD2003<br \/>\nWaga ok. 2,04g<\/p>\n<p>Ohrringe.<br \/>\nRos\u00e9gold 0,585.<br \/>\n8 Diament\u00f3w, szlif brylantowy, o masie 0,20ct, barwa H, czysto\u015b\u0107 I1.<\/p>\n<p>Produkt dost\u0119pny w dowolnym kolorze z\u0142ota wy\u0142\u0105cznie na zam\u00f3wienie, czas realizacji ok. 4 tygodnie.<\/p>\n<p>Niezwyk\u0142e, stylowe kolczyki z najmodniejszego, r\u00f3\u017cowego z\u0142ota. Sk\u0142adaj\u0105 si\u0119 z dw\u00f3ch element\u00f3w,<br \/>\nkt\u00f3re mo\u017cna nosi\u0107 razem lub osobno. Pi\u0119kno, styl i w\u0142oski design czystej postaci.<\/p>","protected":false},"excerpt":{"rendered":"<p>Wyj\u0105tkowe kolczyki z r\u00f3\u017cowego z\u0142ota 14K, kt\u00f3re zachwycaj\u0105 nowoczesn\u0105 form\u0105 i subtelnym blaskiem o\u015bmiu brylant\u00f3w o \u0142\u0105cznej masie 0,20 ct. Ich oryginalna, dwuelementowa konstrukcja pozwala na r\u00f3\u017cnorodne sposoby noszenia \u2013 klasycznie lub w bardziej awangardowej ods\u0142onie. To bi\u017cuteria, kt\u00f3ra \u0142\u0105czy w\u0142oski szyk z ponadczasow\u0105 elegancj\u0105, idealna dla kobiet ceni\u0105cych indywidualny styl.<\/p>","protected":false},"featured_media":21850,"comment_status":"closed","ping_status":"closed","template":"","meta":{"om_disable_all_campaigns":false},"product_brand":[2284],"product_cat":[1838,1990,199,6752],"product_tag":[4124,4396,2311,2296,3829,2660,2882,2672,6813,6820,6821,6819,5927,2336],"class_list":{"0":"post-14172","1":"product","2":"type-product","3":"status-publish","4":"has-post-thumbnail","6":"product_brand-staviori","7":"product_cat-diamenty","8":"product_cat-kolczyk-z-brylantami","9":"product_cat-kolczyki","10":"product_cat-kolekcja-staviori-must-have","11":"product_tag-14k-gold","12":"product_tag-4396","13":"product_tag-bizuteria-luksusowa","14":"product_tag-diamenty","15":"product_tag-diamond-earrings","16":"product_tag-eleganckie-kolczyki","17":"product_tag-kolczyki-0","18":"product_tag-kolczyki-z-brylantami","19":"product_tag-kolczyki-z-rozowego-zlota","20":"product_tag-nausnice-z-ruzoveho-zlata","21":"product_tag-ohrringe-aus-rosegold","22":"product_tag-pink-gold-jewelry","23":"product_tag-rose-gold-earrings","24":"product_tag-rozowe-zloto","25":"pa_barwa-h-2","26":"pa_czystosc-i1","27":"pa_kamien-brylanty","28":"pa_kolor-rozowe","29":"pa_kruszec-zloto","30":"pa_proba-0-585","31":"pa_waga-200g","32":"pa_zapiecie-sztyft","34":"first","35":"onbackorder","36":"purchasable","37":"product-type-simple"},"aioseo_notices":[],"_links":{"self":[{"href":"https:\/\/staviori.com.pl\/de\/wp-json\/wp\/v2\/product\/14172","targetHints":{"allow":["GET"]}}],"collection":[{"href":"https:\/\/staviori.com.pl\/de\/wp-json\/wp\/v2\/product"}],"about":[{"href":"https:\/\/staviori.com.pl\/de\/wp-json\/wp\/v2\/types\/product"}],"replies":[{"embeddable":true,"href":"https:\/\/staviori.com.pl\/de\/wp-json\/wp\/v2\/comments?post=14172"}],"wp:featuredmedia":[{"embeddable":true,"href":"https:\/\/staviori.com.pl\/de\/wp-json\/wp\/v2\/media\/21850"}],"wp:attachment":[{"href":"https:\/\/staviori.com.pl\/de\/wp-json\/wp\/v2\/media?parent=14172"}],"wp:term":[{"taxonomy":"product_brand","embeddable":true,"href":"https:\/\/staviori.com.pl\/de\/wp-json\/wp\/v2\/product_brand?post=14172"},{"taxonomy":"product_cat","embeddable":true,"href":"https:\/\/staviori.com.pl\/de\/wp-json\/wp\/v2\/product_cat?post=14172"},{"taxonomy":"product_tag","embeddable":true,"href":"https:\/\/staviori.com.pl\/de\/wp-json\/wp\/v2\/product_tag?post=14172"}],"curies":[{"name":"wp","href":"https:\/\/api.w.org\/{rel}","templated":true}]}}