{"id":14170,"date":"2025-02-24T22:45:58","date_gmt":"2025-02-24T21:45:58","guid":{"rendered":"https:\/\/staviori.com.pl\/product\/kolczyk-z-brylantami-krd2001\/"},"modified":"2026-02-11T00:08:41","modified_gmt":"2026-02-10T23:08:41","slug":"kolczyk-z-brylantami-krd2001","status":"publish","type":"product","link":"https:\/\/staviori.com.pl\/de\/product\/kolczyk-z-brylantami-krd2001\/","title":{"rendered":"Staviori Must Have | sch\u00f6ne kleine Ohrringe aus Ros\u00e9gold mit Diamant"},"content":{"rendered":"<p>Model: KRD2001<br \/>\nWaga ok. 0,58g<\/p>\n<p>Ohrringe.<br \/>\nRos\u00e9gold 0,585.<br \/>\n2 Diamenty, szlif brylantowy, o masie 0,05ct, barwa G-H, czysto\u015b\u0107 SI1-SI2.<\/p>\n<p>\u015arednica 2.6 mm.<\/p>\n<p>Niezwyk\u0142e, stylowe kolczyki z najmodniejszego, r\u00f3\u017cowego z\u0142ota. Pi\u0119kno, styl i w\u0142oski design czystej postaci.<\/p>","protected":false},"excerpt":{"rendered":"<p>Delikatne kolczyki Staviori wykonane z r\u00f3\u017cowego z\u0142ota 0,585, ozdobione dwoma diamentami o \u0142\u0105cznej masie 0,05 ct. Minimalistyczna forma i perfekcyjnie oprawione brylanty sprawiaj\u0105, \u017ce to bi\u017cuteria pe\u0142na klasy i subtelnego blasku. Idealne na co dzie\u0144, ale r\u00f3wnie\u017c jako elegancki akcent do wieczorowych stylizacji. To po\u0142\u0105czenie nowoczesnego designu z ponadczasow\u0105 elegancj\u0105, kt\u00f3re podkre\u015bli urok ka\u017cdej kobiety.<\/p>","protected":false},"featured_media":2180,"comment_status":"closed","ping_status":"closed","template":"","meta":{"om_disable_all_campaigns":false},"product_brand":[2284],"product_cat":[1838,1990,199,6752],"product_tag":[4396,2543,6825,6823,2296,3829,5595,6824,1394,3270,2667,2708,2668,5927,6822,3724],"class_list":{"0":"post-14170","1":"product","2":"type-product","3":"status-publish","4":"has-post-thumbnail","6":"product_brand-staviori","7":"product_cat-diamenty","8":"product_cat-kolczyk-z-brylantami","9":"product_cat-kolczyki","10":"product_cat-kolekcja-staviori-must-have","11":"product_tag-4396","12":"product_tag-bizuteria-zlota","13":"product_tag-diamantohrringe","14":"product_tag-diamantove-nausnice","15":"product_tag-diamenty","16":"product_tag-diamond-earrings","17":"product_tag-gold-jewelry","18":"product_tag-goldohrringe","19":"product_tag-kolczyki","20":"product_tag-kolczyki-rozowe-zloto","21":"product_tag-kolczyki-z-diamentami","22":"product_tag-kolczyki-zlote","23":"product_tag-minimalistyczne-kolczyki","24":"product_tag-rose-gold-earrings","25":"product_tag-ruzove-zlato-nausnice","26":"product_tag-staviori","27":"pa_barwa-g-h","28":"pa_czystosc-si1","29":"pa_kamien-brylanty","30":"pa_kolor-rozowe","31":"pa_kruszec-zloto","32":"pa_proba-0-585","33":"pa_srednica-2-6mm","34":"pa_waga-058g","35":"pa_zapiecie-sztyft","37":"first","38":"instock","39":"purchasable","40":"product-type-simple"},"aioseo_notices":[],"_links":{"self":[{"href":"https:\/\/staviori.com.pl\/de\/wp-json\/wp\/v2\/product\/14170","targetHints":{"allow":["GET"]}}],"collection":[{"href":"https:\/\/staviori.com.pl\/de\/wp-json\/wp\/v2\/product"}],"about":[{"href":"https:\/\/staviori.com.pl\/de\/wp-json\/wp\/v2\/types\/product"}],"replies":[{"embeddable":true,"href":"https:\/\/staviori.com.pl\/de\/wp-json\/wp\/v2\/comments?post=14170"}],"wp:featuredmedia":[{"embeddable":true,"href":"https:\/\/staviori.com.pl\/de\/wp-json\/wp\/v2\/media\/2180"}],"wp:attachment":[{"href":"https:\/\/staviori.com.pl\/de\/wp-json\/wp\/v2\/media?parent=14170"}],"wp:term":[{"taxonomy":"product_brand","embeddable":true,"href":"https:\/\/staviori.com.pl\/de\/wp-json\/wp\/v2\/product_brand?post=14170"},{"taxonomy":"product_cat","embeddable":true,"href":"https:\/\/staviori.com.pl\/de\/wp-json\/wp\/v2\/product_cat?post=14170"},{"taxonomy":"product_tag","embeddable":true,"href":"https:\/\/staviori.com.pl\/de\/wp-json\/wp\/v2\/product_tag?post=14170"}],"curies":[{"name":"wp","href":"https:\/\/api.w.org\/{rel}","templated":true}]}}