{"id":14165,"date":"2025-02-24T22:45:58","date_gmt":"2025-02-24T21:45:58","guid":{"rendered":"https:\/\/staviori.com.pl\/product\/srebrne-kolczyki-kds6057\/"},"modified":"2026-02-11T00:08:40","modified_gmt":"2026-02-10T23:08:40","slug":"srebrne-kolczyki-kds6057","status":"publish","type":"product","link":"https:\/\/staviori.com.pl\/de\/product\/srebrne-kolczyki-kds6057\/","title":{"rendered":"Versilberte Ginkgo-Ohrringe"},"content":{"rendered":"<p>Model: KDS6057<br \/>\nGewicht ca. 1,50g<\/p>\n<p>Ohrringe.<br \/>\nSilber 0.925 vergoldet mit Gelbgold<\/p>\n<p>Szeroko\u015b\u0107 25 mm.<br \/>\nWysoko\u015b\u0107 20 mm.<br \/>\n\u015arednica 20 mm.<br \/>\nD\u0142ugo\u015b\u0107 40 mm.<\/p>\n<p>Kolczyki mi\u0142orz\u0105b z zapinanymi k\u00f3\u0142kami.<\/p>","protected":false},"excerpt":{"rendered":"<p>Delikatne kolczyki w kszta\u0142cie li\u015bci mi\u0142orz\u0119bu, wykonane ze srebra pr\u00f3by 925 pokrytego \u017c\u00f3\u0142tym z\u0142otem. Ich wyj\u0105tkowy, ro\u015blinny motyw symbolizuje harmoni\u0119 i d\u0142ugowieczno\u015b\u0107, a forma lekkich k\u00f3\u0142ek z subtelnymi zawieszkami nadaje ca\u0142o\u015bci naturalnego wdzi\u0119ku. Doskona\u0142e dla mi\u0142o\u015bniczek bi\u017cuterii inspirowanej natur\u0105 oraz eleganckiej prostoty. Sprawdz\u0105 si\u0119 zar\u00f3wno na co dzie\u0144, jak i jako oryginalny dodatek do wyj\u0105tkowych stylizacji.<\/p>","protected":false},"featured_media":17965,"comment_status":"closed","ping_status":"closed","template":"","meta":{"om_disable_all_campaigns":false},"product_brand":[2284],"product_cat":[199,1818,1817],"product_tag":[3295,2317,7103,3292,3296,2682,3293,3294,3047,1396,3297,2450,7101,7102],"class_list":{"0":"post-14165","1":"product","2":"type-product","3":"status-publish","4":"has-post-thumbnail","6":"product_brand-staviori","7":"product_cat-kolczyki","8":"product_cat-srebrne-kolczyki","9":"product_cat-srebro-2","10":"product_tag-bizuteria-inspirowana-natura","11":"product_tag-elegancka-bizuteria","12":"product_tag-ghost-of-yotei","13":"product_tag-kds6057","14":"product_tag-kolczyki-botaniczne","15":"product_tag-kolczyki-kola","16":"product_tag-kolczyki-liscie","17":"product_tag-kolczyki-milorzab","18":"product_tag-kolczyki-pozlacane","19":"product_tag-kolczyki-srebrne","20":"product_tag-kreol","21":"product_tag-milorzab","22":"product_tag-milorzeb","23":"product_tag-yotei","24":"pa_kruszec-srebro","25":"pa_kruszec-srebro-pozlacane","26":"pa_proba-0-925","27":"pa_szerokosc-25mm","28":"pa_waga-150g","29":"pa_wysokosc-20mm","30":"pa_zapiecie-kreol","32":"first","33":"instock","34":"purchasable","35":"product-type-simple"},"aioseo_notices":[],"_links":{"self":[{"href":"https:\/\/staviori.com.pl\/de\/wp-json\/wp\/v2\/product\/14165","targetHints":{"allow":["GET"]}}],"collection":[{"href":"https:\/\/staviori.com.pl\/de\/wp-json\/wp\/v2\/product"}],"about":[{"href":"https:\/\/staviori.com.pl\/de\/wp-json\/wp\/v2\/types\/product"}],"replies":[{"embeddable":true,"href":"https:\/\/staviori.com.pl\/de\/wp-json\/wp\/v2\/comments?post=14165"}],"wp:featuredmedia":[{"embeddable":true,"href":"https:\/\/staviori.com.pl\/de\/wp-json\/wp\/v2\/media\/17965"}],"wp:attachment":[{"href":"https:\/\/staviori.com.pl\/de\/wp-json\/wp\/v2\/media?parent=14165"}],"wp:term":[{"taxonomy":"product_brand","embeddable":true,"href":"https:\/\/staviori.com.pl\/de\/wp-json\/wp\/v2\/product_brand?post=14165"},{"taxonomy":"product_cat","embeddable":true,"href":"https:\/\/staviori.com.pl\/de\/wp-json\/wp\/v2\/product_cat?post=14165"},{"taxonomy":"product_tag","embeddable":true,"href":"https:\/\/staviori.com.pl\/de\/wp-json\/wp\/v2\/product_tag?post=14165"}],"curies":[{"name":"wp","href":"https:\/\/api.w.org\/{rel}","templated":true}]}}