{"id":14162,"date":"2025-02-24T22:45:58","date_gmt":"2025-02-24T21:45:58","guid":{"rendered":"https:\/\/staviori.com.pl\/product\/srebrne-kolczyki-kds4394s\/"},"modified":"2026-02-11T00:08:40","modified_gmt":"2026-02-10T23:08:40","slug":"srebrne-kolczyki-kds4394s","status":"publish","type":"product","link":"https:\/\/staviori.com.pl\/de\/product\/srebrne-kolczyki-kds4394s\/","title":{"rendered":"Silberne Ohrringe mit nat\u00fcrlichen Saphiren - KDS4394S"},"content":{"rendered":"<p>Model: PDS4394S<br \/>\nWaga ok. 2,30g<\/p>\n<p>Ring.<br \/>\n0,925 Silber.<br \/>\n1 Szafir, o masie 1,00ct.<br \/>\n\u015arednica korony ok. 7 mm.<br \/>\nH\u00f6he 4 mm.<\/p>\n<p>Certyfikat<br \/>\nUwaga! Produkt z naturalnymi kamieniami. Jako dzie\u0142o natury kamienie nie s\u0105 idealne. Naturalne p\u0119kni\u0119cia oraz inkluzje mog\u0105 by\u0107 widoczne, nie jest to wada produktu.<br \/>\nNur einige Gr\u00f6\u00dfen verf\u00fcgbar - bitte anfragen<\/p>","protected":false},"excerpt":{"rendered":"<p>Klasyczne kolczyki sztyfty wykonane ze srebra 0,925 z naturalnymi szafirami o \u0142\u0105cznej masie 1,90ct to bi\u017cuteria o ponadczasowej elegancji. G\u0142\u0119boki, granatowy odcie\u0144 kamieni pi\u0119knie kontrastuje z ch\u0142odnym po\u0142yskiem srebra, tworz\u0105c subteln\u0105, ale wyrazist\u0105 ca\u0142o\u015b\u0107. Idealne zar\u00f3wno do codziennego noszenia, jak i jako elegancki akcent do wieczorowej stylizacji. Ka\u017cda para to unikalne dzie\u0142o natury, co czyni je wyj\u0105tkowym dodatkiem.<\/p>","protected":false},"featured_media":17920,"comment_status":"closed","ping_status":"closed","template":"","meta":{"om_disable_all_campaigns":false},"product_brand":[2284],"product_cat":[199,1818,1817],"product_tag":[2660,3246,2603,1396,2656,3248,2427,2419,3247],"class_list":{"0":"post-14162","1":"product","2":"type-product","3":"status-publish","4":"has-post-thumbnail","6":"product_brand-staviori","7":"product_cat-kolczyki","8":"product_cat-srebrne-kolczyki","9":"product_cat-srebro-2","10":"product_tag-eleganckie-kolczyki","11":"product_tag-kds4394s","12":"product_tag-klasyczna-bizuteria","13":"product_tag-kolczyki-srebrne","14":"product_tag-kolczyki-z-szafirami","15":"product_tag-prezent-z-szafirem","16":"product_tag-srebro-925","17":"product_tag-szafiry-naturalne","18":"product_tag-sztyfty-z-kamieniami","19":"pa_dostawca-markazyty-hong","20":"pa_kamien-szafir","21":"pa_kruszec-srebro","22":"pa_proba-0-925","23":"pa_srednica-7mm","24":"pa_waga-180g","26":"first","27":"instock","28":"purchasable","29":"product-type-simple"},"aioseo_notices":[],"_links":{"self":[{"href":"https:\/\/staviori.com.pl\/de\/wp-json\/wp\/v2\/product\/14162","targetHints":{"allow":["GET"]}}],"collection":[{"href":"https:\/\/staviori.com.pl\/de\/wp-json\/wp\/v2\/product"}],"about":[{"href":"https:\/\/staviori.com.pl\/de\/wp-json\/wp\/v2\/types\/product"}],"replies":[{"embeddable":true,"href":"https:\/\/staviori.com.pl\/de\/wp-json\/wp\/v2\/comments?post=14162"}],"wp:featuredmedia":[{"embeddable":true,"href":"https:\/\/staviori.com.pl\/de\/wp-json\/wp\/v2\/media\/17920"}],"wp:attachment":[{"href":"https:\/\/staviori.com.pl\/de\/wp-json\/wp\/v2\/media?parent=14162"}],"wp:term":[{"taxonomy":"product_brand","embeddable":true,"href":"https:\/\/staviori.com.pl\/de\/wp-json\/wp\/v2\/product_brand?post=14162"},{"taxonomy":"product_cat","embeddable":true,"href":"https:\/\/staviori.com.pl\/de\/wp-json\/wp\/v2\/product_cat?post=14162"},{"taxonomy":"product_tag","embeddable":true,"href":"https:\/\/staviori.com.pl\/de\/wp-json\/wp\/v2\/product_tag?post=14162"}],"curies":[{"name":"wp","href":"https:\/\/api.w.org\/{rel}","templated":true}]}}