{"id":14161,"date":"2025-02-24T22:45:58","date_gmt":"2025-02-24T21:45:58","guid":{"rendered":"https:\/\/staviori.com.pl\/product\/srebrne-kolczyki-kds4394\/"},"modified":"2026-02-11T00:08:40","modified_gmt":"2026-02-10T23:08:40","slug":"srebrne-kolczyki-kds4394","status":"publish","type":"product","link":"https:\/\/staviori.com.pl\/de\/product\/srebrne-kolczyki-kds4394\/","title":{"rendered":"Silberohrringe mit nat\u00fcrlichen Smaragden - KDS4394"},"content":{"rendered":"<p>Model: KDS4394<br \/>\nWaga ok. 1,80g<\/p>\n<p>Ohrringe.<br \/>\n0,925 Silber.<br \/>\n2 Szmaragdy, o masie 1,90ct.<br \/>\n\u015arednica 7 mm.<\/p>\n<p>Certyfikat<br \/>\nUwaga! Produkt z naturalnymi kamieniami. Jako dzie\u0142o natury kamienie nie s\u0105 idealne. Naturalne p\u0119kni\u0119cia oraz inkluzje mog\u0105 by\u0107 widoczne, nie jest to wada produktu.<\/p>","protected":false},"excerpt":{"rendered":"<p>Klasyczne kolczyki sztyfty ze srebra 0,925, ozdobione naturalnymi szmaragdami o \u0142\u0105cznej masie 1,90 ct, to bi\u017cuteria pe\u0142na szlachetnego uroku. Soczysta ziele\u0144 kamieni pi\u0119knie komponuje si\u0119 z ch\u0142odnym blaskiem srebra, tworz\u0105c ponadczasowy i elegancki duet. Prosta forma kolczyk\u00f3w podkre\u015bla intensywn\u0105 barw\u0119 szmaragd\u00f3w, czyni\u0105c je idealnym dodatkiem zar\u00f3wno na co dzie\u0144, jak i na wyj\u0105tkowe okazje. Ka\u017cda para to niepowtarzalne dzie\u0142o natury.<\/p>","protected":false},"featured_media":2119,"comment_status":"closed","ping_status":"closed","template":"","meta":{"om_disable_all_campaigns":false},"product_brand":[2284],"product_cat":[199,1818,1817],"product_tag":[2317,3249,2664,1396,3250,2826,2427,2373,3247],"class_list":{"0":"post-14161","1":"product","2":"type-product","3":"status-publish","4":"has-post-thumbnail","6":"product_brand-staviori","7":"product_cat-kolczyki","8":"product_cat-srebrne-kolczyki","9":"product_cat-srebro-2","10":"product_tag-elegancka-bizuteria","11":"product_tag-kds4394","12":"product_tag-klasyczne-kolczyki","13":"product_tag-kolczyki-srebrne","14":"product_tag-kolczyki-z-naturalnymi-kamieniami","15":"product_tag-kolczyki-ze-szmaragdami","16":"product_tag-srebro-925","17":"product_tag-szmaragdy","18":"product_tag-sztyfty-z-kamieniami","19":"pa_dostawca-markazyty-hong","20":"pa_kamien-szmaragdy","21":"pa_kruszec-srebro","22":"pa_proba-0-925","23":"pa_srednica-7mm","24":"pa_waga-180g","25":"pa_zapiecie-sztyft","27":"first","28":"instock","29":"purchasable","30":"product-type-simple"},"aioseo_notices":[],"_links":{"self":[{"href":"https:\/\/staviori.com.pl\/de\/wp-json\/wp\/v2\/product\/14161","targetHints":{"allow":["GET"]}}],"collection":[{"href":"https:\/\/staviori.com.pl\/de\/wp-json\/wp\/v2\/product"}],"about":[{"href":"https:\/\/staviori.com.pl\/de\/wp-json\/wp\/v2\/types\/product"}],"replies":[{"embeddable":true,"href":"https:\/\/staviori.com.pl\/de\/wp-json\/wp\/v2\/comments?post=14161"}],"wp:featuredmedia":[{"embeddable":true,"href":"https:\/\/staviori.com.pl\/de\/wp-json\/wp\/v2\/media\/2119"}],"wp:attachment":[{"href":"https:\/\/staviori.com.pl\/de\/wp-json\/wp\/v2\/media?parent=14161"}],"wp:term":[{"taxonomy":"product_brand","embeddable":true,"href":"https:\/\/staviori.com.pl\/de\/wp-json\/wp\/v2\/product_brand?post=14161"},{"taxonomy":"product_cat","embeddable":true,"href":"https:\/\/staviori.com.pl\/de\/wp-json\/wp\/v2\/product_cat?post=14161"},{"taxonomy":"product_tag","embeddable":true,"href":"https:\/\/staviori.com.pl\/de\/wp-json\/wp\/v2\/product_tag?post=14161"}],"curies":[{"name":"wp","href":"https:\/\/api.w.org\/{rel}","templated":true}]}}