{"id":14151,"date":"2025-02-24T22:45:58","date_gmt":"2025-02-24T21:45:58","guid":{"rendered":"https:\/\/staviori.com.pl\/product\/perly-ze-srebrem-kdn6647y\/"},"modified":"2026-03-16T07:51:14","modified_gmt":"2026-03-16T06:51:14","slug":"perly-ze-srebrem-kdn6647y","status":"publish","type":"product","link":"https:\/\/staviori.com.pl\/de\/product\/perly-ze-srebrem-kdn6647y\/","title":{"rendered":"Versilberte Sch\u00e4rpe-Ohrringe mit Perlen"},"content":{"rendered":"<p>Model: KDN6647Y<br \/>\nWaga ok. 2,30g<\/p>\n<p>Ohrringe.<br \/>\nSilber 0.925 vergoldet mit Gelbgold<br \/>\nNat\u00fcrliche S\u00fc\u00dfwasser-Zuchtperlen.<br \/>\nJako\u015b\u0107 A &#8211; bia\u0142e<br \/>\n\u015arednica 8mm.<\/p>\n<p>D\u0142ugo\u015b\u0107 kolczyk\u00f3w ok. 20mm.<\/p>","protected":false},"excerpt":{"rendered":"<p>Delikatne i niezwykle kobiece kolczyki wykonane ze srebra pr\u00f3by 925, pokrytego warstw\u0105 \u017c\u00f3\u0142tego z\u0142ota, zachwycaj\u0105 subtelnym blaskiem i klasycznym wdzi\u0119kiem. Zawieszone na niewielkich ko\u0142ach per\u0142y s\u0142odkowodne o \u015brednicy 8 mm dodaj\u0105 ca\u0142o\u015bci elegancji i ponadczasowego uroku. To idealny wyb\u00f3r dla kobiet ceni\u0105cych klasyk\u0119 w nowoczesnym wydaniu \u2013 idealne zar\u00f3wno na co dzie\u0144, jak i na wyj\u0105tkowe okazje.<\/p>","protected":false},"featured_media":14152,"comment_status":"closed","ping_status":"closed","template":"","meta":{"om_disable_all_campaigns":false},"product_brand":[2284,2350],"product_cat":[1393,1919,1817],"product_tag":[3260,2660,3258,2682,1396,1395,2532,3200,3259],"class_list":{"0":"post-14151","1":"product","2":"type-product","3":"status-publish","4":"has-post-thumbnail","6":"product_brand-staviori","7":"product_brand-verona","8":"product_cat-perly","9":"product_cat-perly-ze-srebrem","10":"product_cat-srebro-2","11":"product_tag-bizuteria-z-perlami","12":"product_tag-eleganckie-kolczyki","13":"product_tag-kdn6647y","14":"product_tag-kolczyki-kola","15":"product_tag-kolczyki-srebrne","16":"product_tag-kolczyki-z-perlami","17":"product_tag-perly-slodkowodne","18":"product_tag-pozlacane-kolczyki","19":"product_tag-psb8s05","20":"pa_dlugosc-20mm","21":"pa_kamien-naturalne-perly-hodowane-slodkowodne","22":"pa_kruszec-srebro","23":"pa_kruszec-srebro-pozlacane","24":"pa_proba-0-925","25":"pa_srednica-perel-8mm","26":"pa_waga-230g","27":"pa_zapiecie-szarnir","29":"first","30":"instock","31":"purchasable","32":"product-type-simple"},"aioseo_notices":[],"_links":{"self":[{"href":"https:\/\/staviori.com.pl\/de\/wp-json\/wp\/v2\/product\/14151","targetHints":{"allow":["GET"]}}],"collection":[{"href":"https:\/\/staviori.com.pl\/de\/wp-json\/wp\/v2\/product"}],"about":[{"href":"https:\/\/staviori.com.pl\/de\/wp-json\/wp\/v2\/types\/product"}],"replies":[{"embeddable":true,"href":"https:\/\/staviori.com.pl\/de\/wp-json\/wp\/v2\/comments?post=14151"}],"wp:featuredmedia":[{"embeddable":true,"href":"https:\/\/staviori.com.pl\/de\/wp-json\/wp\/v2\/media\/14152"}],"wp:attachment":[{"href":"https:\/\/staviori.com.pl\/de\/wp-json\/wp\/v2\/media?parent=14151"}],"wp:term":[{"taxonomy":"product_brand","embeddable":true,"href":"https:\/\/staviori.com.pl\/de\/wp-json\/wp\/v2\/product_brand?post=14151"},{"taxonomy":"product_cat","embeddable":true,"href":"https:\/\/staviori.com.pl\/de\/wp-json\/wp\/v2\/product_cat?post=14151"},{"taxonomy":"product_tag","embeddable":true,"href":"https:\/\/staviori.com.pl\/de\/wp-json\/wp\/v2\/product_tag?post=14151"}],"curies":[{"name":"wp","href":"https:\/\/api.w.org\/{rel}","templated":true}]}}