{"id":14141,"date":"2025-02-24T22:45:54","date_gmt":"2025-02-24T21:45:54","guid":{"rendered":"https:\/\/staviori.com.pl\/product\/perly-ze-srebrem-kdn6484\/"},"modified":"2026-02-11T00:08:40","modified_gmt":"2026-02-10T23:08:40","slug":"perly-ze-srebrem-kdn6484","status":"publish","type":"product","link":"https:\/\/staviori.com.pl\/de\/product\/perly-ze-srebrem-kdn6484\/","title":{"rendered":"Silberne Kreis-Ohrringe mit Perlen - KDN6484"},"content":{"rendered":"<p>Model: KDN6484<br \/>\nGewicht ca. 2,40g<\/p>\n<p>Ohrringe.<br \/>\n0,925 rhodiniertes Silber.<br \/>\nNat\u00fcrliche S\u00fc\u00dfwasser-Zuchtperlen.<br \/>\n\u015arednica 18 mm.<br \/>\n\u015arednica pere\u0142 3 mm.<\/p>\n<p>Kolczyki z zapi\u0119ciem typu szarnir, wykonane ze srebra pr\u00f3by 0,925.<br \/>\nModel ozdobiono bia\u0142ymi per\u0142ami.<\/p>","protected":false},"excerpt":{"rendered":"<p>Subtelne, a zarazem pe\u0142ne klasy kolczyki ko\u0142a wykonane ze srebra pr\u00f3by 0,925, ozdobione rz\u0119dem naturalnych, s\u0142odkowodnych pere\u0142. Ich harmonijne po\u0142\u0105czenie ch\u0142odnego blasku srebra z mi\u0119kkim po\u0142yskiem bieli pere\u0142 nadaje ca\u0142o\u015bci ponadczasowy charakter. Idealne zar\u00f3wno do eleganckich stylizacji, jak i jako delikatny akcent codziennego szyku.<\/p>","protected":false},"featured_media":14142,"comment_status":"closed","ping_status":"closed","template":"","meta":{"om_disable_all_campaigns":false},"product_brand":[2284,2350],"product_cat":[1393,1919,1817],"product_tag":[3932,6826,6827],"class_list":{"0":"post-14141","1":"product","2":"type-product","3":"status-publish","4":"has-post-thumbnail","6":"product_brand-staviori","7":"product_brand-verona","8":"product_cat-perly","9":"product_cat-perly-ze-srebrem","10":"product_cat-srebro-2","11":"product_tag-3932","12":"product_tag-jemne-a-elegantni-kruhove-nausnice-ze-stribra-ryzosti-0","13":"product_tag-zdobene-prirodnimi-sladkovodnimi-perlami-spojeni-lesku-stribra-a-jemneho-trpytu-bilych-perel-pusobi-nadcasove-a-stylove-idealni-volba-pro-kazdodenni-noseni-i-slavnostni-prilezitosti","14":"pa_kamien-naturalne-perly-hodowane-slodkowodne","15":"pa_kruszec-srebro-rodowane","16":"pa_proba-0-925","17":"pa_srednica-18mm","18":"pa_srednica-perel-3mm","19":"pa_waga-240g","20":"pa_zapiecie-szarnir","22":"first","23":"instock","24":"purchasable","25":"product-type-simple"},"aioseo_notices":[],"_links":{"self":[{"href":"https:\/\/staviori.com.pl\/de\/wp-json\/wp\/v2\/product\/14141","targetHints":{"allow":["GET"]}}],"collection":[{"href":"https:\/\/staviori.com.pl\/de\/wp-json\/wp\/v2\/product"}],"about":[{"href":"https:\/\/staviori.com.pl\/de\/wp-json\/wp\/v2\/types\/product"}],"replies":[{"embeddable":true,"href":"https:\/\/staviori.com.pl\/de\/wp-json\/wp\/v2\/comments?post=14141"}],"wp:featuredmedia":[{"embeddable":true,"href":"https:\/\/staviori.com.pl\/de\/wp-json\/wp\/v2\/media\/14142"}],"wp:attachment":[{"href":"https:\/\/staviori.com.pl\/de\/wp-json\/wp\/v2\/media?parent=14141"}],"wp:term":[{"taxonomy":"product_brand","embeddable":true,"href":"https:\/\/staviori.com.pl\/de\/wp-json\/wp\/v2\/product_brand?post=14141"},{"taxonomy":"product_cat","embeddable":true,"href":"https:\/\/staviori.com.pl\/de\/wp-json\/wp\/v2\/product_cat?post=14141"},{"taxonomy":"product_tag","embeddable":true,"href":"https:\/\/staviori.com.pl\/de\/wp-json\/wp\/v2\/product_tag?post=14141"}],"curies":[{"name":"wp","href":"https:\/\/api.w.org\/{rel}","templated":true}]}}