{"id":14135,"date":"2025-02-24T22:45:54","date_gmt":"2025-02-24T21:45:54","guid":{"rendered":"https:\/\/staviori.com.pl\/product\/perly-ze-srebrem-kdn6430\/"},"modified":"2026-02-11T00:08:40","modified_gmt":"2026-02-10T23:08:40","slug":"perly-ze-srebrem-kdn6430","status":"publish","type":"product","link":"https:\/\/staviori.com.pl\/de\/product\/perly-ze-srebrem-kdn6430\/","title":{"rendered":"Silberne Ohrringe mit Perle und Zirkonia - KDN6430"},"content":{"rendered":"<p>Model: KDN6430<br \/>\nWaga ok. 1g<\/p>\n<p>Ohrringe.<br \/>\n0,925 rhodiniertes Silber.<br \/>\nNat\u00fcrliche S\u00fc\u00dfwasser-Zuchtperlen.<br \/>\nZirkoniumdioxid.<\/p>\n<p>\u015arednica 7-8 mm<br \/>\nD\u0142ugo\u015b\u0107 10 mm.<\/p>","protected":false},"excerpt":{"rendered":"<p>Delikatne i kobiece kolczyki wykonane z rodowanego srebra 0,925 zachwycaj\u0105 subtelnym po\u0142\u0105czeniem naturalnej per\u0142y hodowanej oraz b\u0142yszcz\u0105cej cyrkonii. Klasyczna forma na sztyfcie sprawia, \u017ce s\u0105 idealne na co dzie\u0144, jak i do eleganckich stylizacji. L\u015bni\u0105cy akcent cyrkonii podkre\u015bla szlachetno\u015b\u0107 per\u0142y i dodaje bi\u017cuterii wyj\u0105tkowego uroku.<\/p>","protected":false},"featured_media":10171,"comment_status":"closed","ping_status":"closed","template":"","meta":{"om_disable_all_campaigns":false},"product_brand":[2284,2350],"product_cat":[1393,1919,1817],"product_tag":[2660,3230,2603,1396,2964,1395,3029,2427],"class_list":{"0":"post-14135","1":"product","2":"type-product","3":"status-publish","4":"has-post-thumbnail","6":"product_brand-staviori","7":"product_brand-verona","8":"product_cat-perly","9":"product_cat-perly-ze-srebrem","10":"product_cat-srebro-2","11":"product_tag-eleganckie-kolczyki","12":"product_tag-kdn6430","13":"product_tag-klasyczna-bizuteria","14":"product_tag-kolczyki-srebrne","15":"product_tag-kolczyki-z-cyrkonia","16":"product_tag-kolczyki-z-perlami","17":"product_tag-perly-hodowane","18":"product_tag-srebro-925","19":"pa_dlugosc-10mm","20":"pa_kamien-naturalne-perly-hodowane-slodkowodne","21":"pa_kruszec-srebro-rodowane","22":"pa_proba-0-925","23":"pa_waga-100g-2","24":"pa_zapiecie-sztyft","26":"first","27":"instock","28":"purchasable","29":"product-type-simple"},"aioseo_notices":[],"_links":{"self":[{"href":"https:\/\/staviori.com.pl\/de\/wp-json\/wp\/v2\/product\/14135","targetHints":{"allow":["GET"]}}],"collection":[{"href":"https:\/\/staviori.com.pl\/de\/wp-json\/wp\/v2\/product"}],"about":[{"href":"https:\/\/staviori.com.pl\/de\/wp-json\/wp\/v2\/types\/product"}],"replies":[{"embeddable":true,"href":"https:\/\/staviori.com.pl\/de\/wp-json\/wp\/v2\/comments?post=14135"}],"wp:featuredmedia":[{"embeddable":true,"href":"https:\/\/staviori.com.pl\/de\/wp-json\/wp\/v2\/media\/10171"}],"wp:attachment":[{"href":"https:\/\/staviori.com.pl\/de\/wp-json\/wp\/v2\/media?parent=14135"}],"wp:term":[{"taxonomy":"product_brand","embeddable":true,"href":"https:\/\/staviori.com.pl\/de\/wp-json\/wp\/v2\/product_brand?post=14135"},{"taxonomy":"product_cat","embeddable":true,"href":"https:\/\/staviori.com.pl\/de\/wp-json\/wp\/v2\/product_cat?post=14135"},{"taxonomy":"product_tag","embeddable":true,"href":"https:\/\/staviori.com.pl\/de\/wp-json\/wp\/v2\/product_tag?post=14135"}],"curies":[{"name":"wp","href":"https:\/\/api.w.org\/{rel}","templated":true}]}}