{"id":14131,"date":"2025-02-24T22:45:54","date_gmt":"2025-02-24T21:45:54","guid":{"rendered":"https:\/\/staviori.com.pl\/product\/perly-ze-srebrem-kdn5756\/"},"modified":"2026-02-11T00:08:40","modified_gmt":"2026-02-10T23:08:40","slug":"perly-ze-srebrem-kdn5756","status":"publish","type":"product","link":"https:\/\/staviori.com.pl\/de\/product\/perly-ze-srebrem-kdn5756\/","title":{"rendered":"Naturperlen mit Silber am Ohrring - 8mm - KDN5756"},"content":{"rendered":"<p>Modell: KDN5756<br \/>\nGewicht ca. 1,90g<\/p>\n<p>Ohrringe.<br \/>\n0,925 rhodiniertes Silber.<br \/>\nNat\u00fcrliche S\u00fc\u00dfwasser-Zuchtperlen.<\/p>\n<p>8 mm Durchmesser.<br \/>\nL\u00e4nge 18 mm.<\/p>","protected":false},"excerpt":{"rendered":"<p>Elegante Ohrringe aus rhodiniertem 0,925er Silber, geschm\u00fcckt mit nat\u00fcrlichen Zuchtperlen, sind der Inbegriff von Klasse und femininem Charme. Perfekt runde Perlen mit dezentem Glanz verleihen dem Ganzen einen zeitlosen Charakter. Die leichte Form und der Ohrb\u00fcgelverschluss sorgen f\u00fcr einen hohen Tragekomfort. Eine perfekte Wahl sowohl f\u00fcr den Alltag als auch f\u00fcr besondere Anl\u00e4sse.<\/p>","protected":false},"featured_media":17884,"comment_status":"closed","ping_status":"closed","template":"","meta":{"om_disable_all_campaigns":false},"product_brand":[2284,2350],"product_cat":[1393,1919,1817],"product_tag":[2317,3229,2664,1396,1395,2513,3029,2427],"class_list":{"0":"post-14131","1":"product","2":"type-product","3":"status-publish","4":"has-post-thumbnail","6":"product_brand-staviori","7":"product_brand-verona","8":"product_cat-perly","9":"product_cat-perly-ze-srebrem","10":"product_cat-srebro-2","11":"product_tag-elegancka-bizuteria","12":"product_tag-icpw002","13":"product_tag-klasyczne-kolczyki","14":"product_tag-kolczyki-srebrne","15":"product_tag-kolczyki-z-perlami","16":"product_tag-naturalne-perly","17":"product_tag-perly-hodowane","18":"product_tag-srebro-925","19":"pa_dlugosc-18mm","20":"pa_kamien-naturalne-perly-hodowane-slodkowodne","21":"pa_kruszec-srebro-rodowane","22":"pa_proba-0-925","23":"pa_srednica-8mm","24":"pa_waga-190g","25":"pa_zapiecie-bigiel","27":"first","28":"instock","29":"purchasable","30":"product-type-simple"},"aioseo_notices":[],"_links":{"self":[{"href":"https:\/\/staviori.com.pl\/de\/wp-json\/wp\/v2\/product\/14131","targetHints":{"allow":["GET"]}}],"collection":[{"href":"https:\/\/staviori.com.pl\/de\/wp-json\/wp\/v2\/product"}],"about":[{"href":"https:\/\/staviori.com.pl\/de\/wp-json\/wp\/v2\/types\/product"}],"replies":[{"embeddable":true,"href":"https:\/\/staviori.com.pl\/de\/wp-json\/wp\/v2\/comments?post=14131"}],"wp:featuredmedia":[{"embeddable":true,"href":"https:\/\/staviori.com.pl\/de\/wp-json\/wp\/v2\/media\/17884"}],"wp:attachment":[{"href":"https:\/\/staviori.com.pl\/de\/wp-json\/wp\/v2\/media?parent=14131"}],"wp:term":[{"taxonomy":"product_brand","embeddable":true,"href":"https:\/\/staviori.com.pl\/de\/wp-json\/wp\/v2\/product_brand?post=14131"},{"taxonomy":"product_cat","embeddable":true,"href":"https:\/\/staviori.com.pl\/de\/wp-json\/wp\/v2\/product_cat?post=14131"},{"taxonomy":"product_tag","embeddable":true,"href":"https:\/\/staviori.com.pl\/de\/wp-json\/wp\/v2\/product_tag?post=14131"}],"curies":[{"name":"wp","href":"https:\/\/api.w.org\/{rel}","templated":true}]}}