{"id":14128,"date":"2025-02-24T22:45:54","date_gmt":"2025-02-24T21:45:54","guid":{"rendered":"https:\/\/staviori.com.pl\/product\/srebrne-kolczyki-kdm6140p\/"},"modified":"2026-02-11T00:08:40","modified_gmt":"2026-02-10T23:08:40","slug":"srebrne-kolczyki-kdm6140p","status":"publish","type":"product","link":"https:\/\/staviori.com.pl\/de\/product\/srebrne-kolczyki-kdm6140p\/","title":{"rendered":"Silberohrringe mit Perlmutt und Markasiten"},"content":{"rendered":"<p>Model: KDM6140P<br \/>\nWaga ok. 2,10g<\/p>\n<p>Ohrringe.<br \/>\n0,925 Silber.<br \/>\nMasa Per\u0142owa.<br \/>\nMarkasiten.<\/p>\n<p>D\u0142ugo\u015b\u0107 11 mm.<br \/>\n\u015arednica 7 mm.<br \/>\n\u015arednica 4 mm.<\/p>","protected":false},"excerpt":{"rendered":"<p>Eleganckie kolczyki wykonane ze srebra pr\u00f3by 0,925, ozdobione naturaln\u0105 mas\u0105 per\u0142ow\u0105 oraz b\u0142yszcz\u0105cymi markazytami. Po\u0142\u0105czenie subtelnego po\u0142ysku per\u0142y z charakterystycznym blaskiem markazyt\u00f3w tworzy wyj\u0105tkowo stylowy efekt vintage. To bi\u017cuteria, kt\u00f3ra doda klasy zar\u00f3wno codziennym stylizacjom, jak i wieczorowym kreacjom.<\/p>","protected":false},"featured_media":21871,"comment_status":"closed","ping_status":"closed","template":"","meta":{"om_disable_all_campaigns":false},"product_brand":[2284],"product_cat":[199,1818,1817],"product_tag":[2428,2660,1396,3581,2425,2433,6833,6834,6832,3869,6830,5820,6831,2427],"class_list":{"0":"post-14128","1":"product","2":"type-product","3":"status-publish","4":"has-post-thumbnail","6":"product_brand-staviori","7":"product_cat-kolczyki","8":"product_cat-srebrne-kolczyki","9":"product_cat-srebro-2","10":"product_tag-bizuteria-srebrna","11":"product_tag-eleganckie-kolczyki","12":"product_tag-kolczyki-srebrne","13":"product_tag-kolczyki-z-perla","14":"product_tag-markazyty","15":"product_tag-masa-perlowa","16":"product_tag-nausnice-perle","17":"product_tag-nausnice-stribro-925","18":"product_tag-ohrringe-perlmutt","19":"product_tag-pearl-earrings","20":"product_tag-perlowe-kolczyki","21":"product_tag-silver-earrings","22":"product_tag-srebrne-kolczyki-vintage","23":"product_tag-srebro-925","24":"pa_dlugosc-11mm","25":"pa_kamien-masa-perlowa","26":"pa_kruszec-srebro","27":"pa_proba-0-925","28":"pa_srednica-7mm","29":"pa_waga-210g","30":"pa_zapiecie-sztyft","32":"first","33":"instock","34":"purchasable","35":"product-type-simple"},"aioseo_notices":[],"_links":{"self":[{"href":"https:\/\/staviori.com.pl\/de\/wp-json\/wp\/v2\/product\/14128","targetHints":{"allow":["GET"]}}],"collection":[{"href":"https:\/\/staviori.com.pl\/de\/wp-json\/wp\/v2\/product"}],"about":[{"href":"https:\/\/staviori.com.pl\/de\/wp-json\/wp\/v2\/types\/product"}],"replies":[{"embeddable":true,"href":"https:\/\/staviori.com.pl\/de\/wp-json\/wp\/v2\/comments?post=14128"}],"wp:featuredmedia":[{"embeddable":true,"href":"https:\/\/staviori.com.pl\/de\/wp-json\/wp\/v2\/media\/21871"}],"wp:attachment":[{"href":"https:\/\/staviori.com.pl\/de\/wp-json\/wp\/v2\/media?parent=14128"}],"wp:term":[{"taxonomy":"product_brand","embeddable":true,"href":"https:\/\/staviori.com.pl\/de\/wp-json\/wp\/v2\/product_brand?post=14128"},{"taxonomy":"product_cat","embeddable":true,"href":"https:\/\/staviori.com.pl\/de\/wp-json\/wp\/v2\/product_cat?post=14128"},{"taxonomy":"product_tag","embeddable":true,"href":"https:\/\/staviori.com.pl\/de\/wp-json\/wp\/v2\/product_tag?post=14128"}],"curies":[{"name":"wp","href":"https:\/\/api.w.org\/{rel}","templated":true}]}}