{"id":14124,"date":"2025-02-24T22:45:54","date_gmt":"2025-02-24T21:45:54","guid":{"rendered":"https:\/\/staviori.com.pl\/product\/srebrne-kolczyki-kdm5937\/"},"modified":"2026-02-11T00:08:40","modified_gmt":"2026-02-10T23:08:40","slug":"srebrne-kolczyki-kdm5937","status":"publish","type":"product","link":"https:\/\/staviori.com.pl\/de\/product\/srebrne-kolczyki-kdm5937\/","title":{"rendered":"Silberne Herz-Ohrringe mit Markasiten - KDM5937"},"content":{"rendered":"<p>Model: KDM5937<br \/>\nWaga ok. 2,50g<\/p>\n<p>Ohrringe.<br \/>\n0,925 Silber.<br \/>\nMarkasiten.<\/p>\n<p>D\u0142ugo\u015b\u0107 10 mm.<br \/>\nSzeroko\u015b\u0107 5 mm.<\/p>","protected":false},"excerpt":{"rendered":"<p>Urocze kolczyki w kszta\u0142cie serc wykonane ze srebra 0,925 to idealna propozycja dla romantyczek i mi\u0142o\u015bniczek subtelnej bi\u017cuterii. G\u00f3rne serce zdobione jest b\u0142yszcz\u0105cymi markazytami, natomiast dolne \u2013 a\u017curowe \u2013 dodaje lekko\u015bci i wdzi\u0119ku ca\u0142ej kompozycji. Delikatne, a zarazem wyraziste, doskonale sprawdz\u0105 si\u0119 jako prezent od serca lub uzupe\u0142nienie codziennej stylizacji.<\/p>","protected":false},"featured_media":2051,"comment_status":"closed","ping_status":"closed","template":"","meta":{"om_disable_all_campaigns":false},"product_brand":[2284],"product_cat":[199,1818,1817],"product_tag":[2858,3245,3096,1396,2943,2291,2579,2427],"class_list":{"0":"post-14124","1":"product","2":"type-product","3":"status-publish","4":"has-post-thumbnail","6":"product_brand-staviori","7":"product_cat-kolczyki","8":"product_cat-srebrne-kolczyki","9":"product_cat-srebro-2","10":"product_tag-delikatne-kolczyki","11":"product_tag-kdm5937","12":"product_tag-kolczyki-serca","13":"product_tag-kolczyki-srebrne","14":"product_tag-kolczyki-z-markazytami","15":"product_tag-prezent-dla-niej","16":"product_tag-romantyczna-bizuteria","17":"product_tag-srebro-925","18":"pa_dlugosc-10mm","19":"pa_kamien-markazyty","20":"pa_kruszec-srebro","21":"pa_proba-0-925","22":"pa_szerokosc-5mm","23":"pa_waga-250g","25":"first","26":"instock","27":"purchasable","28":"product-type-simple"},"aioseo_notices":[],"_links":{"self":[{"href":"https:\/\/staviori.com.pl\/de\/wp-json\/wp\/v2\/product\/14124","targetHints":{"allow":["GET"]}}],"collection":[{"href":"https:\/\/staviori.com.pl\/de\/wp-json\/wp\/v2\/product"}],"about":[{"href":"https:\/\/staviori.com.pl\/de\/wp-json\/wp\/v2\/types\/product"}],"replies":[{"embeddable":true,"href":"https:\/\/staviori.com.pl\/de\/wp-json\/wp\/v2\/comments?post=14124"}],"wp:featuredmedia":[{"embeddable":true,"href":"https:\/\/staviori.com.pl\/de\/wp-json\/wp\/v2\/media\/2051"}],"wp:attachment":[{"href":"https:\/\/staviori.com.pl\/de\/wp-json\/wp\/v2\/media?parent=14124"}],"wp:term":[{"taxonomy":"product_brand","embeddable":true,"href":"https:\/\/staviori.com.pl\/de\/wp-json\/wp\/v2\/product_brand?post=14124"},{"taxonomy":"product_cat","embeddable":true,"href":"https:\/\/staviori.com.pl\/de\/wp-json\/wp\/v2\/product_cat?post=14124"},{"taxonomy":"product_tag","embeddable":true,"href":"https:\/\/staviori.com.pl\/de\/wp-json\/wp\/v2\/product_tag?post=14124"}],"curies":[{"name":"wp","href":"https:\/\/api.w.org\/{rel}","templated":true}]}}