{"id":14121,"date":"2025-02-24T22:45:54","date_gmt":"2025-02-24T21:45:54","guid":{"rendered":"https:\/\/staviori.com.pl\/product\/srebrne-kolczyki-kdm4414\/"},"modified":"2026-02-11T00:08:40","modified_gmt":"2026-02-10T23:08:40","slug":"srebrne-kolczyki-kdm4414","status":"publish","type":"product","link":"https:\/\/staviori.com.pl\/de\/product\/srebrne-kolczyki-kdm4414\/","title":{"rendered":"Wundersch\u00f6ne minimalistische Ohrringe aus Silber mit Markasiten - KDM4414"},"content":{"rendered":"<p>Model: KDM4414<br \/>\nGewicht ca. 1,20g<\/p>\n<p>Ohrringe.<br \/>\n0,925 Silber.<br \/>\nMarkasiten.<\/p>\n<p>\u015arednica 3.5 mm.<br \/>\nGrubo\u015b\u0107 3.6 mm.<\/p>","protected":false},"excerpt":{"rendered":"<p>Minimalistyczne kolczyki wykonane ze srebra 0,925 z subtelnym markazytem w centrum to propozycja dla mi\u0142o\u015bniczek delikatnej, codziennej bi\u017cuterii. Ich klasyczny design i niewielki rozmiar sprawiaj\u0105, \u017ce \u015bwietnie sprawdz\u0105 si\u0119 zar\u00f3wno solo, jak i jako uzupe\u0142nienie dla innych kolczyk\u00f3w. B\u0142yszcz\u0105cy kamie\u0144 i ozdobna oprawa dodaj\u0105 ca\u0142o\u015bci eleganckiego charakteru.<\/p>","protected":false},"featured_media":2024,"comment_status":"closed","ping_status":"closed","template":"","meta":{"om_disable_all_campaigns":false},"product_brand":[2284],"product_cat":[199,1818,1817],"product_tag":[2956,3228,2660,3227,1396,2943,2668,2427],"class_list":{"0":"post-14121","1":"product","2":"type-product","3":"status-publish","4":"has-post-thumbnail","6":"product_brand-staviori","7":"product_cat-kolczyki","8":"product_cat-srebrne-kolczyki","9":"product_cat-srebro-2","10":"product_tag-codzienna-bizuteria","11":"product_tag-drobne-kolczyki","12":"product_tag-eleganckie-kolczyki","13":"product_tag-kdm4414","14":"product_tag-kolczyki-srebrne","15":"product_tag-kolczyki-z-markazytami","16":"product_tag-minimalistyczne-kolczyki","17":"product_tag-srebro-925","18":"pa_dostawca-markazyty-hong","19":"pa_grubosc-3-6mm","20":"pa_kamien-markazyty","21":"pa_kruszec-srebro","22":"pa_proba-0-925","23":"pa_srednica-3-5mm","24":"pa_waga-120g","25":"pa_zapiecie-sztyft","27":"first","28":"instock","29":"purchasable","30":"product-type-simple"},"aioseo_notices":[],"_links":{"self":[{"href":"https:\/\/staviori.com.pl\/de\/wp-json\/wp\/v2\/product\/14121","targetHints":{"allow":["GET"]}}],"collection":[{"href":"https:\/\/staviori.com.pl\/de\/wp-json\/wp\/v2\/product"}],"about":[{"href":"https:\/\/staviori.com.pl\/de\/wp-json\/wp\/v2\/types\/product"}],"replies":[{"embeddable":true,"href":"https:\/\/staviori.com.pl\/de\/wp-json\/wp\/v2\/comments?post=14121"}],"wp:featuredmedia":[{"embeddable":true,"href":"https:\/\/staviori.com.pl\/de\/wp-json\/wp\/v2\/media\/2024"}],"wp:attachment":[{"href":"https:\/\/staviori.com.pl\/de\/wp-json\/wp\/v2\/media?parent=14121"}],"wp:term":[{"taxonomy":"product_brand","embeddable":true,"href":"https:\/\/staviori.com.pl\/de\/wp-json\/wp\/v2\/product_brand?post=14121"},{"taxonomy":"product_cat","embeddable":true,"href":"https:\/\/staviori.com.pl\/de\/wp-json\/wp\/v2\/product_cat?post=14121"},{"taxonomy":"product_tag","embeddable":true,"href":"https:\/\/staviori.com.pl\/de\/wp-json\/wp\/v2\/product_tag?post=14121"}],"curies":[{"name":"wp","href":"https:\/\/api.w.org\/{rel}","templated":true}]}}