{"id":14112,"date":"2025-02-24T22:45:50","date_gmt":"2025-02-24T21:45:50","guid":{"rendered":"https:\/\/staviori.com.pl\/product\/srebrne-kolczyki-kdm2876\/"},"modified":"2026-02-11T00:08:39","modified_gmt":"2026-02-10T23:08:39","slug":"srebrne-kolczyki-kdm2876","status":"publish","type":"product","link":"https:\/\/staviori.com.pl\/de\/product\/srebrne-kolczyki-kdm2876\/","title":{"rendered":"Silberne Ohrringe mit Markasiten und Perlmutt - KDM2876"},"content":{"rendered":"<p>Model: KDM2876<br \/>\nGewicht ca. 3,90g<\/p>\n<p>Ohrringe.<br \/>\n0,925 rhodiniertes Silber.<\/p>\n<p>Markasiten.<br \/>\nMasa Per\u0142owa.<\/p>\n<p>Wymiary 7&#215;22.5 mm.<\/p>","protected":false},"excerpt":{"rendered":"<p>Wyj\u0105tkowe kolczyki z rodowanego srebra pr\u00f3by 0,925, kt\u00f3re \u0142\u0105cz\u0105 w sobie urok masy per\u0142owej i blask klasycznych markazyt\u00f3w. G\u00f3rna cz\u0119\u015b\u0107 zdobiona okr\u0105g\u0142\u0105 per\u0142\u0105 pi\u0119knie komponuje si\u0119 z finezyjnym, sercowatym elementem ozdobionym misternie osadzonymi kamieniami. Styl vintage w nowoczesnym wydaniu \u2013 idealna bi\u017cuteria dla kobiet ceni\u0105cych klasyk\u0119, oryginalno\u015b\u0107 i ponadczasow\u0105 elegancj\u0119.<\/p>","protected":false},"featured_media":17813,"comment_status":"closed","ping_status":"closed","template":"","meta":{"om_disable_all_campaigns":false},"product_brand":[2284],"product_cat":[199,1818,1817],"product_tag":[3151,2660,3096,1396,2943,3150,2426,2945],"class_list":{"0":"post-14112","1":"product","2":"type-product","3":"status-publish","4":"has-post-thumbnail","6":"product_brand-staviori","7":"product_cat-kolczyki","8":"product_cat-srebrne-kolczyki","9":"product_cat-srebro-2","10":"product_tag-bizuteria-z-perla","11":"product_tag-eleganckie-kolczyki","12":"product_tag-kolczyki-serca","13":"product_tag-kolczyki-srebrne","14":"product_tag-kolczyki-z-markazytami","15":"product_tag-kolczyki-z-masa-perlowa","16":"product_tag-srebro-rodowane","17":"product_tag-vintage-bizuteria","18":"pa_dostawca-markazyty-hong","19":"pa_kamien-markazyty","20":"pa_kamien-masa-perlowa","21":"pa_kruszec-srebro-rodowane","22":"pa_proba-0-925","23":"pa_waga-390g","24":"pa_wymiary-7x22-5mm","25":"pa_zapiecie-sztyft","27":"first","28":"instock","29":"purchasable","30":"product-type-simple"},"aioseo_notices":[],"_links":{"self":[{"href":"https:\/\/staviori.com.pl\/de\/wp-json\/wp\/v2\/product\/14112","targetHints":{"allow":["GET"]}}],"collection":[{"href":"https:\/\/staviori.com.pl\/de\/wp-json\/wp\/v2\/product"}],"about":[{"href":"https:\/\/staviori.com.pl\/de\/wp-json\/wp\/v2\/types\/product"}],"replies":[{"embeddable":true,"href":"https:\/\/staviori.com.pl\/de\/wp-json\/wp\/v2\/comments?post=14112"}],"wp:featuredmedia":[{"embeddable":true,"href":"https:\/\/staviori.com.pl\/de\/wp-json\/wp\/v2\/media\/17813"}],"wp:attachment":[{"href":"https:\/\/staviori.com.pl\/de\/wp-json\/wp\/v2\/media?parent=14112"}],"wp:term":[{"taxonomy":"product_brand","embeddable":true,"href":"https:\/\/staviori.com.pl\/de\/wp-json\/wp\/v2\/product_brand?post=14112"},{"taxonomy":"product_cat","embeddable":true,"href":"https:\/\/staviori.com.pl\/de\/wp-json\/wp\/v2\/product_cat?post=14112"},{"taxonomy":"product_tag","embeddable":true,"href":"https:\/\/staviori.com.pl\/de\/wp-json\/wp\/v2\/product_tag?post=14112"}],"curies":[{"name":"wp","href":"https:\/\/api.w.org\/{rel}","templated":true}]}}