{"id":14098,"date":"2025-02-24T22:45:50","date_gmt":"2025-02-24T21:45:50","guid":{"rendered":"https:\/\/staviori.com.pl\/product\/srebrne-kolczyki-kdk6667\/"},"modified":"2026-04-24T10:20:27","modified_gmt":"2026-04-24T08:20:27","slug":"srebrne-kolczyki-kdk6667","status":"publish","type":"product","link":"https:\/\/staviori.com.pl\/de\/product\/srebrne-kolczyki-kdk6667\/","title":{"rendered":"Silberne Schmetterlingsohrringe"},"content":{"rendered":"<p>Model: KDK6667<br \/>\nWaga ok. 2,50g<\/p>\n<p>Ohrringe.<br \/>\n0,925 rhodiniertes Silber.<\/p>","protected":false},"excerpt":{"rendered":"<p>Urocze kolczyki w kszta\u0142cie motyli wykonane ze srebra rodowanego pr\u00f3by 0,925. Delikatny po\u0142ysk i subtelne t\u0142oczenia nadaj\u0105 im lekko\u015bci oraz elegancji. To wyj\u0105tkowy dodatek, kt\u00f3ry pi\u0119knie podkre\u015bli wiosenne i letnie stylizacje, dodaj\u0105c im wdzi\u0119ku i kobieco\u015bci. Idealne dla kobiet ceni\u0105cych subteln\u0105, nowoczesn\u0105 bi\u017cuteri\u0119 z motywem natury.<\/p>","protected":false},"featured_media":14099,"comment_status":"closed","ping_status":"closed","template":"","meta":{"om_disable_all_campaigns":false},"product_brand":[2284,2350],"product_cat":[199,1818,1817],"product_tag":[2541,6842,2954,1396,3082,6844,6843,5820,4630,2426,5905],"class_list":{"0":"post-14098","1":"product","2":"type-product","3":"status-publish","4":"has-post-thumbnail","6":"product_brand-staviori","7":"product_brand-verona","8":"product_cat-kolczyki","9":"product_cat-srebrne-kolczyki","10":"product_cat-srebro-2","11":"product_tag-bizuteria-damska","12":"product_tag-butterfly-earrings","13":"product_tag-kolczyki-na-sztyfcie","14":"product_tag-kolczyki-srebrne","15":"product_tag-motyle","16":"product_tag-nausnice-motyl","17":"product_tag-ohrringe-schmetterling","18":"product_tag-silver-earrings","19":"product_tag-srebro-0-925","20":"product_tag-srebro-rodowane","21":"product_tag-sterling-silver","22":"pa_kruszec-srebro-rodowane","23":"pa_motyw-motylek","24":"pa_proba-0-925","25":"pa_waga-250g","26":"pa_zapiecie-sztyft","28":"first","29":"outofstock","30":"purchasable","31":"product-type-simple"},"aioseo_notices":[],"_links":{"self":[{"href":"https:\/\/staviori.com.pl\/de\/wp-json\/wp\/v2\/product\/14098","targetHints":{"allow":["GET"]}}],"collection":[{"href":"https:\/\/staviori.com.pl\/de\/wp-json\/wp\/v2\/product"}],"about":[{"href":"https:\/\/staviori.com.pl\/de\/wp-json\/wp\/v2\/types\/product"}],"replies":[{"embeddable":true,"href":"https:\/\/staviori.com.pl\/de\/wp-json\/wp\/v2\/comments?post=14098"}],"wp:featuredmedia":[{"embeddable":true,"href":"https:\/\/staviori.com.pl\/de\/wp-json\/wp\/v2\/media\/14099"}],"wp:attachment":[{"href":"https:\/\/staviori.com.pl\/de\/wp-json\/wp\/v2\/media?parent=14098"}],"wp:term":[{"taxonomy":"product_brand","embeddable":true,"href":"https:\/\/staviori.com.pl\/de\/wp-json\/wp\/v2\/product_brand?post=14098"},{"taxonomy":"product_cat","embeddable":true,"href":"https:\/\/staviori.com.pl\/de\/wp-json\/wp\/v2\/product_cat?post=14098"},{"taxonomy":"product_tag","embeddable":true,"href":"https:\/\/staviori.com.pl\/de\/wp-json\/wp\/v2\/product_tag?post=14098"}],"curies":[{"name":"wp","href":"https:\/\/api.w.org\/{rel}","templated":true}]}}