{"id":14048,"date":"2025-02-24T22:45:50","date_gmt":"2025-02-24T21:45:50","guid":{"rendered":"https:\/\/staviori.com.pl\/product\/srebrne-kolczyki-kdk6606\/"},"modified":"2026-03-16T01:17:28","modified_gmt":"2026-03-16T00:17:28","slug":"srebrne-kolczyki-kdk6606","status":"publish","type":"product","link":"https:\/\/staviori.com.pl\/de\/product\/srebrne-kolczyki-kdk6606\/","title":{"rendered":"Silberne Ohrringe mit durchbrochenem Geflecht - KDK6606"},"content":{"rendered":"<p>Model: KDK6606<br \/>\nWaga ok. 4,50g<\/p>\n<p>Ohrringe.<br \/>\n0,925 rhodiniertes Silber.<\/p>","protected":false},"excerpt":{"rendered":"<p>Stylowe kolczyki wykonane z rodowanego srebra pr\u00f3by 0,925 o efektownym, a\u017curowym splocie przypominaj\u0105cym plecionk\u0119. Ich p\u00f3\u0142okr\u0105g\u0142y kszta\u0142t i przestrzenna forma przyci\u0105gaj\u0105 wzrok i dodaj\u0105 charakteru ka\u017cdej stylizacji. To propozycja dla kobiet ceni\u0105cych oryginalny design i solidne wykonanie. Elegancja w nowoczesnym wydaniu \u2013 idealna zar\u00f3wno na co dzie\u0144, jak i na wyj\u0105tkowe okazje.<\/p>","protected":false},"featured_media":17811,"comment_status":"closed","ping_status":"closed","template":"","meta":{"om_disable_all_campaigns":false},"product_brand":[2284,2350],"product_cat":[199,1818,1817],"product_tag":[2598,3147,2317,3037,3145,3146,1396,3144,2426],"class_list":{"0":"post-14048","1":"product","2":"type-product","3":"status-publish","4":"has-post-thumbnail","6":"product_brand-staviori","7":"product_brand-verona","8":"product_cat-kolczyki","9":"product_cat-srebrne-kolczyki","10":"product_cat-srebro-2","11":"product_tag-azurowa-bizuteria","12":"product_tag-bizuteria-designerska","13":"product_tag-elegancka-bizuteria","14":"product_tag-kolczyki-codzienne","15":"product_tag-kolczyki-plecione","16":"product_tag-kolczyki-polkola","17":"product_tag-kolczyki-srebrne","18":"product_tag-ks52966","19":"product_tag-srebro-rodowane","20":"pa_kruszec-srebro-rodowane","21":"pa_proba-0-925","22":"pa_waga-450g","23":"pa_zapiecie-sztyft","25":"first","26":"instock","27":"purchasable","28":"product-type-simple"},"aioseo_notices":[],"_links":{"self":[{"href":"https:\/\/staviori.com.pl\/de\/wp-json\/wp\/v2\/product\/14048","targetHints":{"allow":["GET"]}}],"collection":[{"href":"https:\/\/staviori.com.pl\/de\/wp-json\/wp\/v2\/product"}],"about":[{"href":"https:\/\/staviori.com.pl\/de\/wp-json\/wp\/v2\/types\/product"}],"replies":[{"embeddable":true,"href":"https:\/\/staviori.com.pl\/de\/wp-json\/wp\/v2\/comments?post=14048"}],"wp:featuredmedia":[{"embeddable":true,"href":"https:\/\/staviori.com.pl\/de\/wp-json\/wp\/v2\/media\/17811"}],"wp:attachment":[{"href":"https:\/\/staviori.com.pl\/de\/wp-json\/wp\/v2\/media?parent=14048"}],"wp:term":[{"taxonomy":"product_brand","embeddable":true,"href":"https:\/\/staviori.com.pl\/de\/wp-json\/wp\/v2\/product_brand?post=14048"},{"taxonomy":"product_cat","embeddable":true,"href":"https:\/\/staviori.com.pl\/de\/wp-json\/wp\/v2\/product_cat?post=14048"},{"taxonomy":"product_tag","embeddable":true,"href":"https:\/\/staviori.com.pl\/de\/wp-json\/wp\/v2\/product_tag?post=14048"}],"curies":[{"name":"wp","href":"https:\/\/api.w.org\/{rel}","templated":true}]}}