{"id":14034,"date":"2025-02-24T22:45:50","date_gmt":"2025-02-24T21:45:50","guid":{"rendered":"https:\/\/staviori.com.pl\/product\/srebrne-kolczyki-kdk6600\/"},"modified":"2026-02-11T00:08:38","modified_gmt":"2026-02-10T23:08:38","slug":"srebrne-kolczyki-kdk6600","status":"publish","type":"product","link":"https:\/\/staviori.com.pl\/de\/product\/srebrne-kolczyki-kdk6600\/","title":{"rendered":"Stilvolle Ohrringe aus Sterlingsilber mit schwarzem Achat - KDK6600"},"content":{"rendered":"<p>Model: KDK6600<br \/>\nWaga ok. 1,79g<\/p>\n<p>Ohrringe.<br \/>\n0,925 rhodiniertes Silber.<br \/>\nAgat.<\/p>","protected":false},"excerpt":{"rendered":"<p>Minimalistyczne kolczyki sztyfty wykonane z rodowanego srebra pr\u00f3by 0,925, ozdobione g\u0142adkimi kulkami z naturalnego agatu. Kontrast pomi\u0119dzy ch\u0142odnym blaskiem srebra a g\u0142\u0119bok\u0105 czerni\u0105 kamienia tworzy elegancki i nowoczesny efekt. To doskona\u0142y wyb\u00f3r dla kobiet ceni\u0105cych prostot\u0119 z charakterem \u2013 subtelna bi\u017cuteria, kt\u00f3ra sprawdzi si\u0119 w ka\u017cdej stylizacji.<\/p>","protected":false},"featured_media":17806,"comment_status":"closed","ping_status":"closed","template":"","meta":{"om_disable_all_campaigns":false},"product_brand":[2284,2350],"product_cat":[199,1818,1817],"product_tag":[3140,3139,3138,1396,2665,2854,3137,2384,2426],"class_list":{"0":"post-14034","1":"product","2":"type-product","3":"status-publish","4":"has-post-thumbnail","6":"product_brand-staviori","7":"product_brand-verona","8":"product_cat-kolczyki","9":"product_cat-srebrne-kolczyki","10":"product_cat-srebro-2","11":"product_tag-agat-czarny","12":"product_tag-bizuteria-z-kamieniami-naturalnymi","13":"product_tag-kdk6600","14":"product_tag-kolczyki-srebrne","15":"product_tag-kolczyki-sztyfty","16":"product_tag-kolczyki-z-agatem","17":"product_tag-ks52972","18":"product_tag-minimalistyczna-bizuteria","19":"product_tag-srebro-rodowane","20":"pa_kamien-agat","21":"pa_kruszec-srebro-rodowane","22":"pa_proba-0-925","23":"pa_waga-179g","24":"pa_zapiecie-sztyft","26":"first","27":"instock","28":"purchasable","29":"product-type-simple"},"aioseo_notices":[],"_links":{"self":[{"href":"https:\/\/staviori.com.pl\/de\/wp-json\/wp\/v2\/product\/14034","targetHints":{"allow":["GET"]}}],"collection":[{"href":"https:\/\/staviori.com.pl\/de\/wp-json\/wp\/v2\/product"}],"about":[{"href":"https:\/\/staviori.com.pl\/de\/wp-json\/wp\/v2\/types\/product"}],"replies":[{"embeddable":true,"href":"https:\/\/staviori.com.pl\/de\/wp-json\/wp\/v2\/comments?post=14034"}],"wp:featuredmedia":[{"embeddable":true,"href":"https:\/\/staviori.com.pl\/de\/wp-json\/wp\/v2\/media\/17806"}],"wp:attachment":[{"href":"https:\/\/staviori.com.pl\/de\/wp-json\/wp\/v2\/media?parent=14034"}],"wp:term":[{"taxonomy":"product_brand","embeddable":true,"href":"https:\/\/staviori.com.pl\/de\/wp-json\/wp\/v2\/product_brand?post=14034"},{"taxonomy":"product_cat","embeddable":true,"href":"https:\/\/staviori.com.pl\/de\/wp-json\/wp\/v2\/product_cat?post=14034"},{"taxonomy":"product_tag","embeddable":true,"href":"https:\/\/staviori.com.pl\/de\/wp-json\/wp\/v2\/product_tag?post=14034"}],"curies":[{"name":"wp","href":"https:\/\/api.w.org\/{rel}","templated":true}]}}