{"id":14026,"date":"2025-02-24T22:45:45","date_gmt":"2025-02-24T21:45:45","guid":{"rendered":"https:\/\/staviori.com.pl\/product\/srebrne-kolczyki-kdk6589\/"},"modified":"2026-02-11T00:08:38","modified_gmt":"2026-02-10T23:08:38","slug":"srebrne-kolczyki-kdk6589","status":"publish","type":"product","link":"https:\/\/staviori.com.pl\/de\/product\/srebrne-kolczyki-kdk6589\/","title":{"rendered":"Quadratische Silberohrringe mit Zirkonia - KDK6589"},"content":{"rendered":"<p>Model: KDK6589<br \/>\nWaga ok. 1,60g<\/p>\n<p>Ohrringe.<br \/>\n0,925 rhodiniertes Silber.<br \/>\nZirkoniumdioxid.<\/p>\n<p>Wymiary 10&#215;10 mm.<\/p>","protected":false},"excerpt":{"rendered":"<p>Eleganckie kolczyki typu sztyft wykonane z rodowanego srebra pr\u00f3by 0,925. Ich geometryczna forma z delikatnym wkl\u0119\u015bni\u0119ciem w centrum kryje l\u015bni\u0105ce cyrkonie, kt\u00f3re tworz\u0105 efekt subtelnego blasku. Ten klasyczny, a zarazem nowoczesny wz\u00f3r doskonale sprawdzi si\u0119 jako dodatek na ka\u017cd\u0105 okazj\u0119 \u2013 od codziennych stylizacji po wyj\u0105tkowe chwile. Bi\u017cuteria stworzona z my\u015bl\u0105 o kobietach ceni\u0105cych ponadczasowy styl i jako\u015b\u0107.<\/p>","protected":false},"featured_media":17790,"comment_status":"closed","ping_status":"closed","template":"","meta":{"om_disable_all_campaigns":false},"product_brand":[2284,2350],"product_cat":[199,1818,1817],"product_tag":[3041,2317,3110,3062,3111,2665,2953,3109,3101],"class_list":{"0":"post-14026","1":"product","2":"type-product","3":"status-publish","4":"has-post-thumbnail","6":"product_brand-staviori","7":"product_brand-verona","8":"product_cat-kolczyki","9":"product_cat-srebrne-kolczyki","10":"product_cat-srebro-2","11":"product_tag-bizuteria-codzienna","12":"product_tag-elegancka-bizuteria","13":"product_tag-kdk6589","14":"product_tag-kolczyki-klasyczne","15":"product_tag-kolczyki-srebro-925","16":"product_tag-kolczyki-sztyfty","17":"product_tag-kolczyki-z-cyrkoniami","18":"product_tag-ks53226","19":"product_tag-srebrna-bizuteria","20":"pa_kamien-cyrkonia","21":"pa_kruszec-srebro-rodowane","22":"pa_proba-0-925","23":"pa_waga-160g","24":"pa_wymiary-10x10mm","25":"pa_zapiecie-sztyft","27":"first","28":"instock","29":"purchasable","30":"product-type-simple"},"aioseo_notices":[],"_links":{"self":[{"href":"https:\/\/staviori.com.pl\/de\/wp-json\/wp\/v2\/product\/14026","targetHints":{"allow":["GET"]}}],"collection":[{"href":"https:\/\/staviori.com.pl\/de\/wp-json\/wp\/v2\/product"}],"about":[{"href":"https:\/\/staviori.com.pl\/de\/wp-json\/wp\/v2\/types\/product"}],"replies":[{"embeddable":true,"href":"https:\/\/staviori.com.pl\/de\/wp-json\/wp\/v2\/comments?post=14026"}],"wp:featuredmedia":[{"embeddable":true,"href":"https:\/\/staviori.com.pl\/de\/wp-json\/wp\/v2\/media\/17790"}],"wp:attachment":[{"href":"https:\/\/staviori.com.pl\/de\/wp-json\/wp\/v2\/media?parent=14026"}],"wp:term":[{"taxonomy":"product_brand","embeddable":true,"href":"https:\/\/staviori.com.pl\/de\/wp-json\/wp\/v2\/product_brand?post=14026"},{"taxonomy":"product_cat","embeddable":true,"href":"https:\/\/staviori.com.pl\/de\/wp-json\/wp\/v2\/product_cat?post=14026"},{"taxonomy":"product_tag","embeddable":true,"href":"https:\/\/staviori.com.pl\/de\/wp-json\/wp\/v2\/product_tag?post=14026"}],"curies":[{"name":"wp","href":"https:\/\/api.w.org\/{rel}","templated":true}]}}