{"id":14017,"date":"2025-02-24T22:45:45","date_gmt":"2025-02-24T21:45:45","guid":{"rendered":"https:\/\/staviori.com.pl\/product\/srebrne-kolczyki-kdk6560\/"},"modified":"2026-03-09T09:17:16","modified_gmt":"2026-03-09T08:17:16","slug":"srebrne-kolczyki-kdk6560","status":"publish","type":"product","link":"https:\/\/staviori.com.pl\/de\/product\/srebrne-kolczyki-kdk6560\/","title":{"rendered":"Offene Ohrringe aus Sterlingsilber mit Ohrhaken und Zirkonia - KDK6560"},"content":{"rendered":"<p>Model: KDK6560<br \/>\nWaga ok. 3,33g<\/p>\n<p>Ohrringe.<br \/>\n0,925 rhodiniertes Silber.<\/p>\n<p>Zirkoniumdioxid.<\/p>","protected":false},"excerpt":{"rendered":"<p>Nowoczesne kolczyki z rodowanego srebra pr\u00f3by 0,925, o eleganckim, wyd\u0142u\u017conym kszta\u0142cie, kt\u00f3ry z gracj\u0105 op\u0142ywa kontur twarzy. Trzy subtelnie osadzone cyrkonie dodaj\u0105 im wyrafinowanego blasku i lekko\u015bci. Idealne dla kobiet ceni\u0105cych prostot\u0119 z nut\u0105 luksusu. To doskona\u0142a propozycja zar\u00f3wno do pracy, jak i na wieczorne wyj\u015bcia \u2013 ponadczasowa bi\u017cuteria, kt\u00f3ra nigdy nie wychodzi z mody.<\/p>","protected":false},"featured_media":17787,"comment_status":"closed","ping_status":"closed","template":"","meta":{"om_disable_all_campaigns":false},"product_brand":[2284,2350],"product_cat":[199,1818,1817],"product_tag":[2660,3107,3108,1396,2770,2964,2384,2569,2426],"class_list":{"0":"post-14017","1":"product","2":"type-product","3":"status-publish","4":"has-post-thumbnail","6":"product_brand-staviori","7":"product_brand-verona","8":"product_cat-kolczyki","9":"product_cat-srebrne-kolczyki","10":"product_cat-srebro-2","11":"product_tag-eleganckie-kolczyki","12":"product_tag-js53230","13":"product_tag-kdk6560","14":"product_tag-kolczyki-srebrne","15":"product_tag-kolczyki-wiszace","16":"product_tag-kolczyki-z-cyrkonia","17":"product_tag-minimalistyczna-bizuteria","18":"product_tag-nowoczesna-bizuteria","19":"product_tag-srebro-rodowane","20":"pa_kamien-cyrkonia","21":"pa_kruszec-srebro-rodowane","22":"pa_proba-0-925","23":"pa_waga-333g","24":"pa_zapiecie-bigiel-otwarty","26":"first","27":"instock","28":"purchasable","29":"product-type-simple"},"aioseo_notices":[],"_links":{"self":[{"href":"https:\/\/staviori.com.pl\/de\/wp-json\/wp\/v2\/product\/14017","targetHints":{"allow":["GET"]}}],"collection":[{"href":"https:\/\/staviori.com.pl\/de\/wp-json\/wp\/v2\/product"}],"about":[{"href":"https:\/\/staviori.com.pl\/de\/wp-json\/wp\/v2\/types\/product"}],"replies":[{"embeddable":true,"href":"https:\/\/staviori.com.pl\/de\/wp-json\/wp\/v2\/comments?post=14017"}],"wp:featuredmedia":[{"embeddable":true,"href":"https:\/\/staviori.com.pl\/de\/wp-json\/wp\/v2\/media\/17787"}],"wp:attachment":[{"href":"https:\/\/staviori.com.pl\/de\/wp-json\/wp\/v2\/media?parent=14017"}],"wp:term":[{"taxonomy":"product_brand","embeddable":true,"href":"https:\/\/staviori.com.pl\/de\/wp-json\/wp\/v2\/product_brand?post=14017"},{"taxonomy":"product_cat","embeddable":true,"href":"https:\/\/staviori.com.pl\/de\/wp-json\/wp\/v2\/product_cat?post=14017"},{"taxonomy":"product_tag","embeddable":true,"href":"https:\/\/staviori.com.pl\/de\/wp-json\/wp\/v2\/product_tag?post=14017"}],"curies":[{"name":"wp","href":"https:\/\/api.w.org\/{rel}","templated":true}]}}