{"id":14004,"date":"2025-02-24T22:45:45","date_gmt":"2025-02-24T21:45:45","guid":{"rendered":"https:\/\/staviori.com.pl\/product\/srebrne-kolczyki-kdk6531y\/"},"modified":"2026-04-15T11:56:25","modified_gmt":"2026-04-15T09:56:25","slug":"srebrne-kolczyki-kdk6531y","status":"publish","type":"product","link":"https:\/\/staviori.com.pl\/de\/product\/srebrne-kolczyki-kdk6531y\/","title":{"rendered":"Vergoldeter Sterlingsilber-Anh\u00e4nger mit durchbrochenen Herzen - KDK6531Y"},"content":{"rendered":"","protected":false},"excerpt":{"rendered":"<p>Zjawiskowe kolczyki w kszta\u0142cie serca, wykonane ze srebra pr\u00f3by 0,925 i pokryte szlachetnym \u017c\u00f3\u0142tym z\u0142otem. A\u017curowy wz\u00f3r nadaje im lekko\u015bci i romantycznego charakteru, a misternie wycinane detale subtelnie odbijaj\u0105 \u015bwiat\u0142o. Kolczyki idealne zar\u00f3wno na specjalne okazje, jak i do codziennego noszenia. Zapi\u0119cie sztyftowe zapewnia wygod\u0119 i stabilno\u015b\u0107 przez ca\u0142y dzie\u0144.<\/p>","protected":false},"featured_media":14005,"comment_status":"closed","ping_status":"closed","template":"","meta":{"om_disable_all_campaigns":false},"product_brand":[2284,2350],"product_cat":[199,1818,1817],"product_tag":[3114,3096,3094,3200,2771],"class_list":{"0":"post-14004","1":"product","2":"type-product","3":"status-publish","4":"has-post-thumbnail","6":"product_brand-staviori","7":"product_brand-verona","8":"product_cat-kolczyki","9":"product_cat-srebrne-kolczyki","10":"product_cat-srebro-2","11":"product_tag-kolczyki-boho","12":"product_tag-kolczyki-serca","13":"product_tag-ks52825","14":"product_tag-pozlacane-kolczyki","15":"product_tag-wiszace-kolczyki","16":"pa_kruszec-srebro","17":"pa_kruszec-srebro-pozlacane","18":"pa_proba-0-925","19":"pa_szerokosc-26mm","20":"pa_waga-249g","21":"pa_wysokosc-35mm","22":"pa_zapiecie-sztyft","24":"first","25":"instock","26":"purchasable","27":"product-type-simple"},"aioseo_notices":[],"_links":{"self":[{"href":"https:\/\/staviori.com.pl\/de\/wp-json\/wp\/v2\/product\/14004","targetHints":{"allow":["GET"]}}],"collection":[{"href":"https:\/\/staviori.com.pl\/de\/wp-json\/wp\/v2\/product"}],"about":[{"href":"https:\/\/staviori.com.pl\/de\/wp-json\/wp\/v2\/types\/product"}],"replies":[{"embeddable":true,"href":"https:\/\/staviori.com.pl\/de\/wp-json\/wp\/v2\/comments?post=14004"}],"wp:featuredmedia":[{"embeddable":true,"href":"https:\/\/staviori.com.pl\/de\/wp-json\/wp\/v2\/media\/14005"}],"wp:attachment":[{"href":"https:\/\/staviori.com.pl\/de\/wp-json\/wp\/v2\/media?parent=14004"}],"wp:term":[{"taxonomy":"product_brand","embeddable":true,"href":"https:\/\/staviori.com.pl\/de\/wp-json\/wp\/v2\/product_brand?post=14004"},{"taxonomy":"product_cat","embeddable":true,"href":"https:\/\/staviori.com.pl\/de\/wp-json\/wp\/v2\/product_cat?post=14004"},{"taxonomy":"product_tag","embeddable":true,"href":"https:\/\/staviori.com.pl\/de\/wp-json\/wp\/v2\/product_tag?post=14004"}],"curies":[{"name":"wp","href":"https:\/\/api.w.org\/{rel}","templated":true}]}}