{"id":13945,"date":"2025-02-24T22:45:45","date_gmt":"2025-02-24T21:45:45","guid":{"rendered":"https:\/\/staviori.com.pl\/product\/srebrne-kolczyki-kdk6499\/"},"modified":"2026-04-13T14:39:53","modified_gmt":"2026-04-13T12:39:53","slug":"srebrne-kolczyki-kdk6499","status":"publish","type":"product","link":"https:\/\/staviori.com.pl\/de\/product\/srebrne-kolczyki-kdk6499\/","title":{"rendered":"Silberne funkelnde Party-Ohrringe - KDK6499"},"content":{"rendered":"<p>Model: KDK6499<br \/>\nWaga ok. 8,90g<\/p>\n<p>Ohrringe.<br \/>\n0,925 rhodiniertes Silber.<br \/>\nZirkoniumdioxid.<\/p>\n<p>D\u0142ugo\u015b\u0107 35 mm.<\/p>","protected":false},"excerpt":{"rendered":"<p>Zjawiskowe kolczyki wykonane z rodowanego srebra pr\u00f3by 0,925, osadzone w ca\u0142o\u015bci w ol\u015bniewaj\u0105cych cyrkoniach. Ich imponuj\u0105cy kszta\u0142t w formie odwr\u00f3conego tr\u00f3jk\u0105ta i bogate zdobienie tworz\u0105 efekt spektakularnego blasku. Centralny element w kszta\u0142cie \u0142ezki przyci\u0105ga wzrok i dodaje bi\u017cuterii luksusowego charakteru. To wyj\u0105tkowy model idealny na wieczorne wyj\u015bcia, przyj\u0119cia i eleganckie okazje.<\/p>","protected":false},"featured_media":17804,"comment_status":"closed","ping_status":"closed","template":"","meta":{"om_disable_all_campaigns":false},"product_brand":[2284,2350],"product_cat":[199,1818,1817],"product_tag":[3134,3135,2457,3130,3133,2685,1396,2686,2964,3131,2280,2426],"class_list":{"0":"post-13945","1":"product","2":"type-product","3":"status-publish","4":"has-post-thumbnail","6":"product_brand-staviori","7":"product_brand-verona","8":"product_cat-kolczyki","9":"product_cat-srebrne-kolczyki","10":"product_cat-srebro-2","11":"product_tag-bizuteria-na-specjalne-okazje","12":"product_tag-glamour","13":"product_tag-impreza","14":"product_tag-kdk6499","15":"product_tag-kolczyki-eleganckie","16":"product_tag-kolczyki-glamour","17":"product_tag-kolczyki-srebrne","18":"product_tag-kolczyki-wieczorowe","19":"product_tag-kolczyki-z-cyrkonia","20":"product_tag-ks52694","21":"product_tag-luksusowa-bizuteria","22":"product_tag-srebro-rodowane","23":"pa_dlugosc-35mm","24":"pa_kamien-cyrkonia","25":"pa_kruszec-srebro-rodowane","26":"pa_proba-0-925","27":"pa_waga-890g","28":"pa_zapiecie-sztyft","30":"first","31":"instock","32":"purchasable","33":"product-type-simple"},"aioseo_notices":[],"_links":{"self":[{"href":"https:\/\/staviori.com.pl\/de\/wp-json\/wp\/v2\/product\/13945","targetHints":{"allow":["GET"]}}],"collection":[{"href":"https:\/\/staviori.com.pl\/de\/wp-json\/wp\/v2\/product"}],"about":[{"href":"https:\/\/staviori.com.pl\/de\/wp-json\/wp\/v2\/types\/product"}],"replies":[{"embeddable":true,"href":"https:\/\/staviori.com.pl\/de\/wp-json\/wp\/v2\/comments?post=13945"}],"wp:featuredmedia":[{"embeddable":true,"href":"https:\/\/staviori.com.pl\/de\/wp-json\/wp\/v2\/media\/17804"}],"wp:attachment":[{"href":"https:\/\/staviori.com.pl\/de\/wp-json\/wp\/v2\/media?parent=13945"}],"wp:term":[{"taxonomy":"product_brand","embeddable":true,"href":"https:\/\/staviori.com.pl\/de\/wp-json\/wp\/v2\/product_brand?post=13945"},{"taxonomy":"product_cat","embeddable":true,"href":"https:\/\/staviori.com.pl\/de\/wp-json\/wp\/v2\/product_cat?post=13945"},{"taxonomy":"product_tag","embeddable":true,"href":"https:\/\/staviori.com.pl\/de\/wp-json\/wp\/v2\/product_tag?post=13945"}],"curies":[{"name":"wp","href":"https:\/\/api.w.org\/{rel}","templated":true}]}}