{"id":13924,"date":"2025-02-24T22:45:42","date_gmt":"2025-02-24T21:45:42","guid":{"rendered":"https:\/\/staviori.com.pl\/product\/srebrne-kolczyki-kdk6475y\/"},"modified":"2026-02-11T00:08:38","modified_gmt":"2026-02-10T23:08:38","slug":"srebrne-kolczyki-kdk6475y","status":"publish","type":"product","link":"https:\/\/staviori.com.pl\/de\/product\/srebrne-kolczyki-kdk6475y\/","title":{"rendered":"Versilberte, vergoldete, l\u00e4ngliche Kreis-Ohrringe"},"content":{"rendered":"<p>Model: KDK6475Y<br \/>\nGewicht ca. 3,80g<\/p>\n<p>Ohrringe.<br \/>\nSilber 0.925 vergoldet mit Gelbgold<\/p>\n<p>Wysoko\u015b\u0107 44 mm.<br \/>\nSzeroko\u015b\u0107 20 mm.<\/p>","protected":false},"excerpt":{"rendered":"<p>Klasyczne kolczyki ko\u0142a wykonane ze srebra pr\u00f3by 0,925, pokryte \u017c\u00f3\u0142tym z\u0142otem. Ich owalny kszta\u0142t i g\u0142adka, l\u015bni\u0105ca powierzchnia nadaj\u0105 bi\u017cuterii elegancki i ponadczasowy charakter. Idealne zar\u00f3wno do codziennych stylizacji, jak i wieczorowych zestawie\u0144. To uniwersalny dodatek, kt\u00f3ry dodaje kobieco\u015bci i subtelnego blasku ka\u017cdemu lookowi.<\/p>","protected":false},"featured_media":13925,"comment_status":"closed","ping_status":"closed","template":"","meta":{"om_disable_all_campaigns":false},"product_brand":[2284,2350],"product_cat":[199,1818,1817],"product_tag":[2628,5916,3847,2682,1396,5825,6846,2452,4630,5905,6847,2522],"class_list":{"0":"post-13924","1":"product","2":"type-product","3":"status-publish","4":"has-post-thumbnail","6":"product_brand-staviori","7":"product_brand-verona","8":"product_cat-kolczyki","9":"product_cat-srebrne-kolczyki","10":"product_cat-srebro-2","11":"product_tag-bizuteria-klasyczna","12":"product_tag-gold-plated-earrings","13":"product_tag-hoop-earrings","14":"product_tag-kolczyki-kola","15":"product_tag-kolczyki-srebrne","16":"product_tag-nausnice-kruhy","17":"product_tag-owalne-kolczyki","18":"product_tag-pozlacane","19":"product_tag-srebro-0-925","20":"product_tag-sterling-silver","21":"product_tag-vergoldete-ohrringe","22":"product_tag-zolte-zloto","23":"pa_kruszec-srebro","24":"pa_kruszec-srebro-pozlacane","25":"pa_proba-0-925","26":"pa_szerokosc-20mm","27":"pa_waga-380g","28":"pa_wysokosc-44mm","29":"pa_zapiecie-szarnir","31":"first","32":"instock","33":"purchasable","34":"product-type-simple"},"aioseo_notices":[],"_links":{"self":[{"href":"https:\/\/staviori.com.pl\/de\/wp-json\/wp\/v2\/product\/13924","targetHints":{"allow":["GET"]}}],"collection":[{"href":"https:\/\/staviori.com.pl\/de\/wp-json\/wp\/v2\/product"}],"about":[{"href":"https:\/\/staviori.com.pl\/de\/wp-json\/wp\/v2\/types\/product"}],"replies":[{"embeddable":true,"href":"https:\/\/staviori.com.pl\/de\/wp-json\/wp\/v2\/comments?post=13924"}],"wp:featuredmedia":[{"embeddable":true,"href":"https:\/\/staviori.com.pl\/de\/wp-json\/wp\/v2\/media\/13925"}],"wp:attachment":[{"href":"https:\/\/staviori.com.pl\/de\/wp-json\/wp\/v2\/media?parent=13924"}],"wp:term":[{"taxonomy":"product_brand","embeddable":true,"href":"https:\/\/staviori.com.pl\/de\/wp-json\/wp\/v2\/product_brand?post=13924"},{"taxonomy":"product_cat","embeddable":true,"href":"https:\/\/staviori.com.pl\/de\/wp-json\/wp\/v2\/product_cat?post=13924"},{"taxonomy":"product_tag","embeddable":true,"href":"https:\/\/staviori.com.pl\/de\/wp-json\/wp\/v2\/product_tag?post=13924"}],"curies":[{"name":"wp","href":"https:\/\/api.w.org\/{rel}","templated":true}]}}