{"id":13912,"date":"2025-02-24T22:45:42","date_gmt":"2025-02-24T21:45:42","guid":{"rendered":"https:\/\/staviori.com.pl\/product\/srebrne-kolczyki-kdk6425y\/"},"modified":"2026-02-11T00:08:38","modified_gmt":"2026-02-10T23:08:38","slug":"srebrne-kolczyki-kdk6425y","status":"publish","type":"product","link":"https:\/\/staviori.com.pl\/de\/product\/srebrne-kolczyki-kdk6425y\/","title":{"rendered":"Srebrne poz\u0142acane kolczyki z zawieszk\u0105 korony KDK6425Y"},"content":{"rendered":"<p>Model: KDK6425Y<br \/>\nWaga ok. 2g<\/p>\n<p>Ohrringe.<br \/>\nSilber 0.925 vergoldet mit Gelbgold<\/p>","protected":false},"excerpt":{"rendered":"<p>Zjawiskowe, poz\u0142acane kolczyki wisz\u0105ce wykonane ze srebra pr\u00f3by 0,925, zako\u0144czone zawieszk\u0105 w kszta\u0142cie kr\u00f3lewskiej korony. Delikatny \u0142a\u0144cuszek nadaje im lekko\u015bci i subtelnego ruchu, a motyw korony przyci\u0105ga spojrzenia i dodaje bi\u017cuterii charakteru. Idealne dla kobiet, kt\u00f3re lubi\u0105 b\u0142yszcze\u0107 z klas\u0105 i podkre\u015bla\u0107 swoj\u0105 wyj\u0105tkowo\u015b\u0107.<\/p>","protected":false},"featured_media":10131,"comment_status":"closed","ping_status":"closed","template":"","meta":{"om_disable_all_campaigns":false},"product_brand":[2284,2350],"product_cat":[199,1818,1817],"product_tag":[3066,3070,3069,3068,3067],"class_list":{"0":"post-13912","1":"product","2":"type-product","3":"status-publish","4":"has-post-thumbnail","6":"product_brand-staviori","7":"product_brand-verona","8":"product_cat-kolczyki","9":"product_cat-srebrne-kolczyki","10":"product_cat-srebro-2","11":"product_tag-k050399","12":"product_tag-kdk6425y","13":"product_tag-korona","14":"product_tag-krol","15":"product_tag-krolowa","16":"pa_kruszec-srebro","17":"pa_kruszec-srebro-pozlacane","18":"pa_proba-0-925","19":"pa_waga-2-00","20":"pa_zapiecie-sztyft","22":"first","23":"instock","24":"purchasable","25":"product-type-simple"},"aioseo_notices":[],"_links":{"self":[{"href":"https:\/\/staviori.com.pl\/de\/wp-json\/wp\/v2\/product\/13912","targetHints":{"allow":["GET"]}}],"collection":[{"href":"https:\/\/staviori.com.pl\/de\/wp-json\/wp\/v2\/product"}],"about":[{"href":"https:\/\/staviori.com.pl\/de\/wp-json\/wp\/v2\/types\/product"}],"replies":[{"embeddable":true,"href":"https:\/\/staviori.com.pl\/de\/wp-json\/wp\/v2\/comments?post=13912"}],"wp:featuredmedia":[{"embeddable":true,"href":"https:\/\/staviori.com.pl\/de\/wp-json\/wp\/v2\/media\/10131"}],"wp:attachment":[{"href":"https:\/\/staviori.com.pl\/de\/wp-json\/wp\/v2\/media?parent=13912"}],"wp:term":[{"taxonomy":"product_brand","embeddable":true,"href":"https:\/\/staviori.com.pl\/de\/wp-json\/wp\/v2\/product_brand?post=13912"},{"taxonomy":"product_cat","embeddable":true,"href":"https:\/\/staviori.com.pl\/de\/wp-json\/wp\/v2\/product_cat?post=13912"},{"taxonomy":"product_tag","embeddable":true,"href":"https:\/\/staviori.com.pl\/de\/wp-json\/wp\/v2\/product_tag?post=13912"}],"curies":[{"name":"wp","href":"https:\/\/api.w.org\/{rel}","templated":true}]}}