{"id":13910,"date":"2025-02-24T22:45:42","date_gmt":"2025-02-24T21:45:42","guid":{"rendered":"https:\/\/staviori.com.pl\/product\/srebrne-kolczyki-kdk6423\/"},"modified":"2026-02-11T00:08:38","modified_gmt":"2026-02-10T23:08:38","slug":"srebrne-kolczyki-kdk6423","status":"publish","type":"product","link":"https:\/\/staviori.com.pl\/de\/product\/srebrne-kolczyki-kdk6423\/","title":{"rendered":"Srebrne kolczyki krzy\u017cyki z cyrkoniami"},"content":{"rendered":"<p>Model: KDK6423<br \/>\nGewicht ca. 0,80g<\/p>\n<p>Ohrringe.<br \/>\n0,925 rhodiniertes Silber.<br \/>\nZirkoniumdioxid.<\/p>\n<p>L\u00e4nge 9 mm.<br \/>\n6 mm breit.<\/p>\n<p>Oferujemy kolczyki, kt\u00f3re zosta\u0142y wykonane z srebra rodowanego o pr\u00f3bie 0,925 oraz ozdobione cyrkoniami. Kolczyki w kszta\u0142cie krzy\u017cyk\u00f3w. Zapi\u0119cie na sztyft.<\/p>","protected":false},"excerpt":{"rendered":"<p>Subtelne kolczyki w kszta\u0142cie krzy\u017cyk\u00f3w wykonane z rodowanego srebra pr\u00f3by 0,925 to propozycja dla kobiet ceni\u0105cych klasyk\u0119 z nut\u0105 blasku. L\u015bni\u0105ce cyrkonie pi\u0119knie odbijaj\u0105 \u015bwiat\u0142o, tworz\u0105c efekt eleganckiego po\u0142ysku. Niewielki rozmiar i zapi\u0119cie na sztyft czyni\u0105 je idealnym dodatkiem zar\u00f3wno na co dzie\u0144, jak i na wyj\u0105tkowe okazje. Doskona\u0142e jako prezent z przes\u0142aniem.<\/p>","protected":false},"featured_media":17747,"comment_status":"closed","ping_status":"closed","template":"","meta":{"om_disable_all_campaigns":false},"product_brand":[2284,2350],"product_cat":[199,1818,1817],"product_tag":[3075,3072,3071,1394,3073,3074,2953,2942,2427],"class_list":{"0":"post-13910","1":"product","2":"type-product","3":"status-publish","4":"has-post-thumbnail","6":"product_brand-staviori","7":"product_brand-verona","8":"product_cat-kolczyki","9":"product_cat-srebrne-kolczyki","10":"product_cat-srebro-2","11":"product_tag-bizuteria-religijna","12":"product_tag-ikcw278","13":"product_tag-kdk6423","14":"product_tag-kolczyki","15":"product_tag-kolczyki-krzyzyki","16":"product_tag-kolczyki-na-sztyft","17":"product_tag-kolczyki-z-cyrkoniami","18":"product_tag-srebrne-kolczyki","19":"product_tag-srebro-925","20":"pa_dlugosc-9mm","21":"pa_kamien-cyrkonia","22":"pa_kruszec-srebro-rodowane","23":"pa_proba-0-925","24":"pa_szerokosc-6mm","25":"pa_waga-0-80g","26":"pa_zapiecie-sztyft","28":"first","29":"instock","30":"purchasable","31":"product-type-simple"},"aioseo_notices":[],"_links":{"self":[{"href":"https:\/\/staviori.com.pl\/de\/wp-json\/wp\/v2\/product\/13910","targetHints":{"allow":["GET"]}}],"collection":[{"href":"https:\/\/staviori.com.pl\/de\/wp-json\/wp\/v2\/product"}],"about":[{"href":"https:\/\/staviori.com.pl\/de\/wp-json\/wp\/v2\/types\/product"}],"replies":[{"embeddable":true,"href":"https:\/\/staviori.com.pl\/de\/wp-json\/wp\/v2\/comments?post=13910"}],"wp:featuredmedia":[{"embeddable":true,"href":"https:\/\/staviori.com.pl\/de\/wp-json\/wp\/v2\/media\/17747"}],"wp:attachment":[{"href":"https:\/\/staviori.com.pl\/de\/wp-json\/wp\/v2\/media?parent=13910"}],"wp:term":[{"taxonomy":"product_brand","embeddable":true,"href":"https:\/\/staviori.com.pl\/de\/wp-json\/wp\/v2\/product_brand?post=13910"},{"taxonomy":"product_cat","embeddable":true,"href":"https:\/\/staviori.com.pl\/de\/wp-json\/wp\/v2\/product_cat?post=13910"},{"taxonomy":"product_tag","embeddable":true,"href":"https:\/\/staviori.com.pl\/de\/wp-json\/wp\/v2\/product_tag?post=13910"}],"curies":[{"name":"wp","href":"https:\/\/api.w.org\/{rel}","templated":true}]}}