{"id":13908,"date":"2025-02-24T22:45:42","date_gmt":"2025-02-24T21:45:42","guid":{"rendered":"https:\/\/staviori.com.pl\/product\/srebrne-kolczyki-kdk6415y\/"},"modified":"2026-04-24T09:55:00","modified_gmt":"2026-04-24T07:55:00","slug":"srebrne-kolczyki-kdk6415y","status":"publish","type":"product","link":"https:\/\/staviori.com.pl\/de\/product\/srebrne-kolczyki-kdk6415y\/","title":{"rendered":"Versilberte goldfarbene Ohrringe f\u00fcr ein M\u00e4dchen oder eine Frau - KDK6415Y"},"content":{"rendered":"<p>Model: KDK6415Y<br \/>\nWaga ok. 2,20g<\/p>\n<p>Ohrringe.<br \/>\nSilber 0.925 vergoldet mit Gelbgold<br \/>\nZirkoniumdioxid.<\/p>","protected":false},"excerpt":{"rendered":"<p>Zachwycaj\u0105ce kolczyki w kszta\u0142cie motyli, wykonane ze srebra pr\u00f3by 0,925 i pokryte szlachetnym \u017c\u00f3\u0142tym z\u0142otem. Barwne cyrkonie w odcieniach czerwieni, fioletu i czerni nadaj\u0105 im wyj\u0105tkowego uroku i subtelnej elegancji. Zamkni\u0119cie typu szarnir zapewnia komfort noszenia i bezpiecze\u0144stwo. Idealne na prezent lub jako wyraz osobistego stylu \u2013 te kolczyki przyci\u0105gaj\u0105 spojrzenia i dodaj\u0105 blasku ka\u017cdej stylizacji.<\/p>","protected":false},"featured_media":10123,"comment_status":"closed","ping_status":"closed","template":"","meta":{"om_disable_all_campaigns":false},"product_brand":[2284,2350],"product_cat":[199,1818,1817],"product_tag":[2541,2454,2660,3080,3081,1394,2340,2493,3082,2452,2332,2427],"class_list":{"0":"post-13908","1":"product","2":"type-product","3":"status-publish","4":"has-post-thumbnail","6":"product_brand-staviori","7":"product_brand-verona","8":"product_cat-kolczyki","9":"product_cat-srebrne-kolczyki","10":"product_cat-srebro-2","11":"product_tag-bizuteria-damska","12":"product_tag-cyrkonia","13":"product_tag-eleganckie-kolczyki","14":"product_tag-jx50548","15":"product_tag-kdk6415y","16":"product_tag-kolczyki","17":"product_tag-kolorowe-kamienie","18":"product_tag-motyl","19":"product_tag-motyle","20":"product_tag-pozlacane","21":"product_tag-prezent","22":"product_tag-srebro-925","23":"pa_kamien-cyrkonia","24":"pa_kruszec-srebro","25":"pa_proba-0-925","26":"pa_waga-220g","27":"pa_zapiecie-szarnir","29":"first","30":"instock","31":"purchasable","32":"product-type-simple"},"aioseo_notices":[],"_links":{"self":[{"href":"https:\/\/staviori.com.pl\/de\/wp-json\/wp\/v2\/product\/13908","targetHints":{"allow":["GET"]}}],"collection":[{"href":"https:\/\/staviori.com.pl\/de\/wp-json\/wp\/v2\/product"}],"about":[{"href":"https:\/\/staviori.com.pl\/de\/wp-json\/wp\/v2\/types\/product"}],"replies":[{"embeddable":true,"href":"https:\/\/staviori.com.pl\/de\/wp-json\/wp\/v2\/comments?post=13908"}],"wp:featuredmedia":[{"embeddable":true,"href":"https:\/\/staviori.com.pl\/de\/wp-json\/wp\/v2\/media\/10123"}],"wp:attachment":[{"href":"https:\/\/staviori.com.pl\/de\/wp-json\/wp\/v2\/media?parent=13908"}],"wp:term":[{"taxonomy":"product_brand","embeddable":true,"href":"https:\/\/staviori.com.pl\/de\/wp-json\/wp\/v2\/product_brand?post=13908"},{"taxonomy":"product_cat","embeddable":true,"href":"https:\/\/staviori.com.pl\/de\/wp-json\/wp\/v2\/product_cat?post=13908"},{"taxonomy":"product_tag","embeddable":true,"href":"https:\/\/staviori.com.pl\/de\/wp-json\/wp\/v2\/product_tag?post=13908"}],"curies":[{"name":"wp","href":"https:\/\/api.w.org\/{rel}","templated":true}]}}