{"id":13903,"date":"2025-02-24T22:45:42","date_gmt":"2025-02-24T21:45:42","guid":{"rendered":"https:\/\/staviori.com.pl\/product\/srebrne-kolczyki-kdk6403y\/"},"modified":"2026-04-17T10:54:16","modified_gmt":"2026-04-17T08:54:16","slug":"srebrne-kolczyki-kdk6403y","status":"publish","type":"product","link":"https:\/\/staviori.com.pl\/de\/product\/srebrne-kolczyki-kdk6403y\/","title":{"rendered":"Vergoldete Silberohrringe mit blauen Zirkonen - KDK6403Y"},"content":{"rendered":"<p>Model: KDK6403Y<br \/>\nGewicht ca. 2,90g<\/p>\n<p>Ohrringe.<br \/>\nSilber 0.925 vergoldet mit Gelbgold<br \/>\nZirkoniumdioxid.<\/p>\n<p>L\u00e4nge 20 mm.<br \/>\nWymiary 11&#215;9 mm.<\/p>","protected":false},"excerpt":{"rendered":"<p>Zachwycaj\u0105ce kolczyki pokryte \u017c\u00f3\u0142tym z\u0142otem, wykonane ze srebra pr\u00f3by 0,925, ozdobione intensywnie niebieskimi cyrkoniami w szlifie owalnym. Kamienie otoczone s\u0105 iskrz\u0105cym si\u0119 halo z drobnych cyrkonii, kt\u00f3re podkre\u015blaj\u0105 elegancki charakter bi\u017cuterii. To wyrafinowany wyb\u00f3r dla kobiet ceni\u0105cych klasyk\u0119 w nowoczesnym wydaniu.<\/p>","protected":false},"featured_media":17862,"comment_status":"closed","ping_status":"closed","template":"","meta":{"om_disable_all_campaigns":false},"product_brand":[2284,2350],"product_cat":[199,1818,1817],"product_tag":[3202,2317,3191,3199,2685,2698,2964,3201,3200,2942],"class_list":{"0":"post-13903","1":"product","2":"type-product","3":"status-publish","4":"has-post-thumbnail","6":"product_brand-staviori","7":"product_brand-verona","8":"product_cat-kolczyki","9":"product_cat-srebrne-kolczyki","10":"product_cat-srebro-2","11":"product_tag-bizuteria-z-polyskiem","12":"product_tag-elegancka-bizuteria","13":"product_tag-gn49602","14":"product_tag-kdk6403y","15":"product_tag-kolczyki-glamour","16":"product_tag-kolczyki-na-prezent","17":"product_tag-kolczyki-z-cyrkonia","18":"product_tag-niebieskie-kamienie","19":"product_tag-pozlacane-kolczyki","20":"product_tag-srebrne-kolczyki","21":"pa_dlugosc-20mm","22":"pa_kamien-cyrkonia","23":"pa_kruszec-srebro","24":"pa_kruszec-srebro-pozlacane","25":"pa_proba-0-925","26":"pa_waga-290g","27":"pa_wymiary-11x9mm","29":"first","30":"instock","31":"purchasable","32":"product-type-simple"},"aioseo_notices":[],"_links":{"self":[{"href":"https:\/\/staviori.com.pl\/de\/wp-json\/wp\/v2\/product\/13903","targetHints":{"allow":["GET"]}}],"collection":[{"href":"https:\/\/staviori.com.pl\/de\/wp-json\/wp\/v2\/product"}],"about":[{"href":"https:\/\/staviori.com.pl\/de\/wp-json\/wp\/v2\/types\/product"}],"replies":[{"embeddable":true,"href":"https:\/\/staviori.com.pl\/de\/wp-json\/wp\/v2\/comments?post=13903"}],"wp:featuredmedia":[{"embeddable":true,"href":"https:\/\/staviori.com.pl\/de\/wp-json\/wp\/v2\/media\/17862"}],"wp:attachment":[{"href":"https:\/\/staviori.com.pl\/de\/wp-json\/wp\/v2\/media?parent=13903"}],"wp:term":[{"taxonomy":"product_brand","embeddable":true,"href":"https:\/\/staviori.com.pl\/de\/wp-json\/wp\/v2\/product_brand?post=13903"},{"taxonomy":"product_cat","embeddable":true,"href":"https:\/\/staviori.com.pl\/de\/wp-json\/wp\/v2\/product_cat?post=13903"},{"taxonomy":"product_tag","embeddable":true,"href":"https:\/\/staviori.com.pl\/de\/wp-json\/wp\/v2\/product_tag?post=13903"}],"curies":[{"name":"wp","href":"https:\/\/api.w.org\/{rel}","templated":true}]}}