{"id":13902,"date":"2025-02-24T22:45:39","date_gmt":"2025-02-24T21:45:39","guid":{"rendered":"https:\/\/staviori.com.pl\/product\/srebrne-kolczyki-kdk6403\/"},"modified":"2026-04-18T14:06:14","modified_gmt":"2026-04-18T12:06:14","slug":"srebrne-kolczyki-kdk6403","status":"publish","type":"product","link":"https:\/\/staviori.com.pl\/de\/product\/srebrne-kolczyki-kdk6403\/","title":{"rendered":"Blaue Silberohrringe mit Zirkonen am Ohrring - KDK6403"},"content":{"rendered":"<p>Model: KDK6403<br \/>\nGewicht ca. 2,90g<\/p>\n<p>Ohrringe.<br \/>\n0,925 rhodiniertes Silber.<br \/>\nZirkoniumdioxid.<\/p>\n<p>L\u00e4nge 20 mm.<br \/>\nWymiary 11&#215;9 mm.<\/p>","protected":false},"excerpt":{"rendered":"<p>Eleganckie kolczyki wykonane z rodowanego srebra pr\u00f3by 0,925, ozdobione g\u0142\u0119bokoniebieskimi cyrkoniami w szlifie owalnym. Kamienie otoczone s\u0105 subtelnym halo z drobnych, l\u015bni\u0105cych cyrkonii, kt\u00f3re dodaj\u0105 im blasku i luksusowego charakteru. Idealne na wyj\u0105tkowe okazje, jak i do codziennych stylizacji, kt\u00f3re potrzebuj\u0105 odrobiny szyku.<\/p>","protected":false},"featured_media":17854,"comment_status":"closed","ping_status":"closed","template":"","meta":{"om_disable_all_campaigns":false},"product_brand":[2284,2350],"product_cat":[199,1818,1817],"product_tag":[2880,2317,3191,3190,1396,2686,2964,3193,3192,2426],"class_list":{"0":"post-13902","1":"product","2":"type-product","3":"status-publish","4":"has-post-thumbnail","6":"product_brand-staviori","7":"product_brand-verona","8":"product_cat-kolczyki","9":"product_cat-srebrne-kolczyki","10":"product_cat-srebro-2","11":"product_tag-bizuteria-na-prezent","12":"product_tag-elegancka-bizuteria","13":"product_tag-gn49602","14":"product_tag-kdk6403","15":"product_tag-kolczyki-srebrne","16":"product_tag-kolczyki-wieczorowe","17":"product_tag-kolczyki-z-cyrkonia","18":"product_tag-kolczyki-z-halo","19":"product_tag-kolczyki-z-niebieskim-kamieniem","20":"product_tag-srebro-rodowane","21":"pa_dlugosc-20mm","22":"pa_kamien-cyrkonia","23":"pa_kruszec-srebro-rodowane","24":"pa_proba-0-925","25":"pa_waga-290g","26":"pa_wymiary-11x9mm","27":"pa_zapiecie-bigiel","29":"first","30":"instock","31":"purchasable","32":"product-type-simple"},"aioseo_notices":[],"_links":{"self":[{"href":"https:\/\/staviori.com.pl\/de\/wp-json\/wp\/v2\/product\/13902","targetHints":{"allow":["GET"]}}],"collection":[{"href":"https:\/\/staviori.com.pl\/de\/wp-json\/wp\/v2\/product"}],"about":[{"href":"https:\/\/staviori.com.pl\/de\/wp-json\/wp\/v2\/types\/product"}],"replies":[{"embeddable":true,"href":"https:\/\/staviori.com.pl\/de\/wp-json\/wp\/v2\/comments?post=13902"}],"wp:featuredmedia":[{"embeddable":true,"href":"https:\/\/staviori.com.pl\/de\/wp-json\/wp\/v2\/media\/17854"}],"wp:attachment":[{"href":"https:\/\/staviori.com.pl\/de\/wp-json\/wp\/v2\/media?parent=13902"}],"wp:term":[{"taxonomy":"product_brand","embeddable":true,"href":"https:\/\/staviori.com.pl\/de\/wp-json\/wp\/v2\/product_brand?post=13902"},{"taxonomy":"product_cat","embeddable":true,"href":"https:\/\/staviori.com.pl\/de\/wp-json\/wp\/v2\/product_cat?post=13902"},{"taxonomy":"product_tag","embeddable":true,"href":"https:\/\/staviori.com.pl\/de\/wp-json\/wp\/v2\/product_tag?post=13902"}],"curies":[{"name":"wp","href":"https:\/\/api.w.org\/{rel}","templated":true}]}}