{"id":13901,"date":"2025-02-24T22:45:39","date_gmt":"2025-02-24T21:45:39","guid":{"rendered":"https:\/\/staviori.com.pl\/product\/srebrne-kolczyki-kdk6397\/"},"modified":"2026-02-11T00:08:37","modified_gmt":"2026-02-10T23:08:37","slug":"srebrne-kolczyki-kdk6397","status":"publish","type":"product","link":"https:\/\/staviori.com.pl\/de\/product\/srebrne-kolczyki-kdk6397\/","title":{"rendered":"Silberne lange Anh\u00e4nger Ohrringe mit Zirkonen"},"content":{"rendered":"<p>Model: KDK6397<br \/>\nWaga ok. 1,60g<\/p>\n<p>Ohrringe.<br \/>\n0,925 rhodiniertes Silber.<br \/>\nZirkoniumdioxid.<\/p>\n<p>D\u0142ugo\u015b\u0107 62 mm.<\/p>\n<p>Kolczyki na sztyfcie s\u0105 wisz\u0105ce i wykonane ze srebra o pr\u00f3bie 0,925. Model ozdobiono cyrkoniami, kt\u00f3re dodaj\u0105 im dodatkowego blasku.<\/p>","protected":false},"excerpt":{"rendered":"<p>Srebrne, rodowane kolczyki wisz\u0105ce o d\u0142ugo\u015bci 62 mm, ozdobione subtelnymi cyrkoniami. Elegancki design \u0142\u0105czy w sobie nowoczesn\u0105 form\u0119 i klasyczny blask kamieni, tworz\u0105c bi\u017cuteri\u0119 idealn\u0105 na wyj\u0105tkowe okazje. Smuk\u0142y kszta\u0142t pi\u0119knie wysmukla szyj\u0119, dodaj\u0105c lekko\u015bci i kobiecego uroku ka\u017cdej stylizacji.<\/p>","protected":false},"featured_media":21469,"comment_status":"closed","ping_status":"closed","template":"","meta":{"om_disable_all_campaigns":false},"product_brand":[2284,2350],"product_cat":[199,1818,1817],"product_tag":[5793,6431,6430,3278,1396,2770,2953,6433,6432,5826,2455,5820,2427,6088],"class_list":{"0":"post-13901","1":"product","2":"type-product","3":"status-publish","4":"has-post-thumbnail","6":"product_brand-staviori","7":"product_brand-verona","8":"product_cat-kolczyki","9":"product_cat-srebrne-kolczyki","10":"product_cat-srebro-2","11":"product_tag-cubic-zirconia-jewelry","12":"product_tag-ikcw301","13":"product_tag-kdk6397","14":"product_tag-kolczyki-dlugie","15":"product_tag-kolczyki-srebrne","16":"product_tag-kolczyki-wiszace","17":"product_tag-kolczyki-z-cyrkoniami","18":"product_tag-lange-ohrringe","19":"product_tag-long-drop-earrings","20":"product_tag-ohrringe-silber","21":"product_tag-rodowane-srebro","22":"product_tag-silver-earrings","23":"product_tag-srebro-925","24":"product_tag-zirkonia","25":"pa_dlugosc-62mm","26":"pa_kamien-cyrkonia","27":"pa_kruszec-srebro-rodowane","28":"pa_proba-0-925","29":"pa_waga-160g","30":"pa_zapiecie-sztyft","32":"first","33":"instock","34":"purchasable","35":"product-type-simple"},"aioseo_notices":[],"_links":{"self":[{"href":"https:\/\/staviori.com.pl\/de\/wp-json\/wp\/v2\/product\/13901","targetHints":{"allow":["GET"]}}],"collection":[{"href":"https:\/\/staviori.com.pl\/de\/wp-json\/wp\/v2\/product"}],"about":[{"href":"https:\/\/staviori.com.pl\/de\/wp-json\/wp\/v2\/types\/product"}],"replies":[{"embeddable":true,"href":"https:\/\/staviori.com.pl\/de\/wp-json\/wp\/v2\/comments?post=13901"}],"wp:featuredmedia":[{"embeddable":true,"href":"https:\/\/staviori.com.pl\/de\/wp-json\/wp\/v2\/media\/21469"}],"wp:attachment":[{"href":"https:\/\/staviori.com.pl\/de\/wp-json\/wp\/v2\/media?parent=13901"}],"wp:term":[{"taxonomy":"product_brand","embeddable":true,"href":"https:\/\/staviori.com.pl\/de\/wp-json\/wp\/v2\/product_brand?post=13901"},{"taxonomy":"product_cat","embeddable":true,"href":"https:\/\/staviori.com.pl\/de\/wp-json\/wp\/v2\/product_cat?post=13901"},{"taxonomy":"product_tag","embeddable":true,"href":"https:\/\/staviori.com.pl\/de\/wp-json\/wp\/v2\/product_tag?post=13901"}],"curies":[{"name":"wp","href":"https:\/\/api.w.org\/{rel}","templated":true}]}}