{"id":13897,"date":"2025-02-24T22:45:39","date_gmt":"2025-02-24T21:45:39","guid":{"rendered":"https:\/\/staviori.com.pl\/product\/srebrne-kolczyki-kdk6366\/"},"modified":"2026-02-11T00:08:37","modified_gmt":"2026-02-10T23:08:37","slug":"srebrne-kolczyki-kdk6366","status":"publish","type":"product","link":"https:\/\/staviori.com.pl\/de\/product\/srebrne-kolczyki-kdk6366\/","title":{"rendered":"18 mm rhodinierte Ohrringe aus Sterlingsilber"},"content":{"rendered":"<p>Model: KDK6366<br \/>\nWaga ok. 1,18g<\/p>\n<p>Ohrringe.<br \/>\n0,925 rhodiniertes Silber.<\/p>\n<p>L\u00e4nge 18 mm.<br \/>\n\u015arednica 18 mm.<\/p>","protected":false},"excerpt":{"rendered":"<p>Subtelne kolczyki ko\u0142a wykonane z rodowanego srebra pr\u00f3by 925. Ich delikatna powierzchnia o dekoracyjnym szlifie pi\u0119knie odbija \u015bwiat\u0142o, dodaj\u0105c ca\u0142o\u015bci elegancji i ponadczasowego charakteru. Idealne zar\u00f3wno na co dzie\u0144, jak i jako uzupe\u0142nienie wieczorowych stylizacji.<\/p>","protected":false},"featured_media":21452,"comment_status":"closed","ping_status":"closed","template":"","meta":{"om_disable_all_campaigns":false},"product_brand":[2284,2350],"product_cat":[199,1818,1817],"product_tag":[6415,3743,3847,1394,2682,1396,3844,6072,6073,6419,6418,4216,6075,2427,2426,5905,5295],"class_list":{"0":"post-13897","1":"product","2":"type-product","3":"status-publish","4":"has-post-thumbnail","6":"product_brand-staviori","7":"product_brand-verona","8":"product_cat-kolczyki","9":"product_cat-srebrne-kolczyki","10":"product_cat-srebro-2","11":"product_tag-creolen","12":"product_tag-earrings","13":"product_tag-hoop-earrings","14":"product_tag-kolczyki","15":"product_tag-kolczyki-kola","16":"product_tag-kolczyki-srebrne","17":"product_tag-kruhove-nausnice","18":"product_tag-nausnice","19":"product_tag-ohrringe","20":"product_tag-rhodiniert","21":"product_tag-rhodiovane","22":"product_tag-rhodium-plated","23":"product_tag-silber-925","24":"product_tag-srebro-925","25":"product_tag-srebro-rodowane","26":"product_tag-sterling-silver","27":"product_tag-stribro-925","28":"pa_kruszec-srebro-rodowane","29":"pa_proba-0-925","30":"pa_srednica-18mm","31":"pa_waga-118g","33":"first","34":"instock","35":"purchasable","36":"product-type-simple"},"aioseo_notices":[],"_links":{"self":[{"href":"https:\/\/staviori.com.pl\/de\/wp-json\/wp\/v2\/product\/13897","targetHints":{"allow":["GET"]}}],"collection":[{"href":"https:\/\/staviori.com.pl\/de\/wp-json\/wp\/v2\/product"}],"about":[{"href":"https:\/\/staviori.com.pl\/de\/wp-json\/wp\/v2\/types\/product"}],"replies":[{"embeddable":true,"href":"https:\/\/staviori.com.pl\/de\/wp-json\/wp\/v2\/comments?post=13897"}],"wp:featuredmedia":[{"embeddable":true,"href":"https:\/\/staviori.com.pl\/de\/wp-json\/wp\/v2\/media\/21452"}],"wp:attachment":[{"href":"https:\/\/staviori.com.pl\/de\/wp-json\/wp\/v2\/media?parent=13897"}],"wp:term":[{"taxonomy":"product_brand","embeddable":true,"href":"https:\/\/staviori.com.pl\/de\/wp-json\/wp\/v2\/product_brand?post=13897"},{"taxonomy":"product_cat","embeddable":true,"href":"https:\/\/staviori.com.pl\/de\/wp-json\/wp\/v2\/product_cat?post=13897"},{"taxonomy":"product_tag","embeddable":true,"href":"https:\/\/staviori.com.pl\/de\/wp-json\/wp\/v2\/product_tag?post=13897"}],"curies":[{"name":"wp","href":"https:\/\/api.w.org\/{rel}","templated":true}]}}