{"id":13892,"date":"2025-02-24T22:45:39","date_gmt":"2025-02-24T21:45:39","guid":{"rendered":"https:\/\/staviori.com.pl\/product\/srebrne-kolczyki-kdk6306y\/"},"modified":"2026-04-24T09:35:09","modified_gmt":"2026-04-24T07:35:09","slug":"srebrne-kolczyki-kdk6306y","status":"publish","type":"product","link":"https:\/\/staviori.com.pl\/de\/product\/srebrne-kolczyki-kdk6306y\/","title":{"rendered":"Versilberte asymmetrische Ohrringe - Mond und Stern"},"content":{"rendered":"<p>Model: KDK6306Y<br \/>\nGewicht ca. 1,90g<\/p>\n<p>Ohrringe.<br \/>\n0,925 Silber.<br \/>\nZirkoniumdioxid.<br \/>\npokryte \u017c\u00f3\u0142tym z\u0142otem<br \/>\nL\u00e4nge 25 mm.<\/p>\n<p>Srebrne, poz\u0142acane kolczyki. Zapi\u0119cie angielskie.<br \/>\nKsi\u0119\u017cyc i gwiazdka ozdobione cyrkoniami.<br \/>\nPrzepi\u0119knie si\u0119 mieni\u0105 i b\u0119d\u0105 \u015bwietnym dodatkiem do wielu stylizacji lub sprawdz\u0105 si\u0119 na udany prezent.<\/p>","protected":false},"excerpt":{"rendered":"<p>Urocze, poz\u0142acane kolczyki wykonane ze srebra pr\u00f3by 0,925 z motywem gwiazdki i ksi\u0119\u017cyca, ozdobione l\u015bni\u0105cymi cyrkoniami. Asymetryczny duet symbolizuj\u0105cy dzie\u0144 i noc zachwyca subtelnym blaskiem i modnym wyko\u0144czeniem. Idealne jako wyj\u0105tkowy dodatek do codziennych i wieczorowych stylizacji lub jako prezent z przes\u0142aniem.<\/p>","protected":false},"featured_media":17723,"comment_status":"closed","ping_status":"closed","template":"","meta":{"om_disable_all_campaigns":false},"product_brand":[2284,2350],"product_cat":[199,1818,1817],"product_tag":[3046,2880,3044,3045,3049,3048,3047,2953,3050,2427],"class_list":{"0":"post-13892","1":"product","2":"type-product","3":"status-publish","4":"has-post-thumbnail","6":"product_brand-staviori","7":"product_brand-verona","8":"product_cat-kolczyki","9":"product_cat-srebrne-kolczyki","10":"product_cat-srebro-2","11":"product_tag-asymetryczne","12":"product_tag-bizuteria-na-prezent","13":"product_tag-jw48741","14":"product_tag-kdk6306y","15":"product_tag-kolczyki-asymetryczne","16":"product_tag-kolczyki-gwiazdka-i-ksiezyc","17":"product_tag-kolczyki-pozlacane","18":"product_tag-kolczyki-z-cyrkoniami","19":"product_tag-kolczyki-z-motywem-nieba","20":"product_tag-srebro-925","21":"pa_dlugosc-25mm","22":"pa_kamien-cyrkonia","23":"pa_kruszec-srebro","24":"pa_proba-0-925","25":"pa_waga-1-90g","26":"pa_zapiecie-angielskie","28":"first","29":"instock","30":"purchasable","31":"product-type-simple"},"aioseo_notices":[],"_links":{"self":[{"href":"https:\/\/staviori.com.pl\/de\/wp-json\/wp\/v2\/product\/13892","targetHints":{"allow":["GET"]}}],"collection":[{"href":"https:\/\/staviori.com.pl\/de\/wp-json\/wp\/v2\/product"}],"about":[{"href":"https:\/\/staviori.com.pl\/de\/wp-json\/wp\/v2\/types\/product"}],"replies":[{"embeddable":true,"href":"https:\/\/staviori.com.pl\/de\/wp-json\/wp\/v2\/comments?post=13892"}],"wp:featuredmedia":[{"embeddable":true,"href":"https:\/\/staviori.com.pl\/de\/wp-json\/wp\/v2\/media\/17723"}],"wp:attachment":[{"href":"https:\/\/staviori.com.pl\/de\/wp-json\/wp\/v2\/media?parent=13892"}],"wp:term":[{"taxonomy":"product_brand","embeddable":true,"href":"https:\/\/staviori.com.pl\/de\/wp-json\/wp\/v2\/product_brand?post=13892"},{"taxonomy":"product_cat","embeddable":true,"href":"https:\/\/staviori.com.pl\/de\/wp-json\/wp\/v2\/product_cat?post=13892"},{"taxonomy":"product_tag","embeddable":true,"href":"https:\/\/staviori.com.pl\/de\/wp-json\/wp\/v2\/product_tag?post=13892"}],"curies":[{"name":"wp","href":"https:\/\/api.w.org\/{rel}","templated":true}]}}