{"id":13889,"date":"2025-02-24T22:45:39","date_gmt":"2025-02-24T21:45:39","guid":{"rendered":"https:\/\/staviori.com.pl\/product\/srebrne-kolczyki-kdk6239\/"},"modified":"2026-02-11T00:08:36","modified_gmt":"2026-02-10T23:08:36","slug":"srebrne-kolczyki-kdk6239","status":"publish","type":"product","link":"https:\/\/staviori.com.pl\/de\/product\/srebrne-kolczyki-kdk6239\/","title":{"rendered":"Srebrne kolczyki z per\u0142ami i cyrkoniami &#8211; KDK6239"},"content":{"rendered":"<p>Model: KDK6239<br \/>\nWaga ok. 1,80g<\/p>\n<p>Ohrringe.<br \/>\n0,925 Silber.<br \/>\nZirkoniumdioxid.<br \/>\nNat\u00fcrliche S\u00fc\u00dfwasser-Zuchtperlen.<\/p>\n<p>\u015arednica 7 mm.<br \/>\nGrubo\u015b\u0107 6 mm.<\/p>","protected":false},"excerpt":{"rendered":"<p>Klasyczne kolczyki na sztyfcie wykonane ze srebra pr\u00f3by 0,925, ozdobione naturalnymi per\u0142ami hodowanymi oraz l\u015bni\u0105cymi cyrkoniami. Eleganckie po\u0142\u0105czenie szlachetnego blasku pere\u0142 i subtelnego po\u0142ysku kamieni tworzy ponadczasow\u0105 kompozycj\u0119, kt\u00f3ra pasuje zar\u00f3wno do codziennych, jak i wyj\u0105tkowych stylizacji. Idealny wyb\u00f3r dla kobiet ceni\u0105cych szyk i klas\u0119.<\/p>","protected":false},"featured_media":17711,"comment_status":"closed","ping_status":"closed","template":"","meta":{"om_disable_all_campaigns":false},"product_brand":[2284,2350],"product_cat":[199,1818,1817],"product_tag":[2317,3028,2664,2954,2953,1395,3029,2427],"class_list":{"0":"post-13889","1":"product","2":"type-product","3":"status-publish","4":"has-post-thumbnail","6":"product_brand-staviori","7":"product_brand-verona","8":"product_cat-kolczyki","9":"product_cat-srebrne-kolczyki","10":"product_cat-srebro-2","11":"product_tag-elegancka-bizuteria","12":"product_tag-kdk6239","13":"product_tag-klasyczne-kolczyki","14":"product_tag-kolczyki-na-sztyfcie","15":"product_tag-kolczyki-z-cyrkoniami","16":"product_tag-kolczyki-z-perlami","17":"product_tag-perly-hodowane","18":"product_tag-srebro-925","19":"pa_grubosc-6mm","20":"pa_kamien-cyrkonia","21":"pa_kamien-naturalne-perly-hodowane-slodkowodne","22":"pa_kruszec-srebro","23":"pa_proba-0-925","24":"pa_srednica-7mm","25":"pa_waga-1-80g","26":"pa_zapiecie-sztyft","28":"first","29":"instock","30":"purchasable","31":"product-type-simple"},"aioseo_notices":[],"_links":{"self":[{"href":"https:\/\/staviori.com.pl\/de\/wp-json\/wp\/v2\/product\/13889","targetHints":{"allow":["GET"]}}],"collection":[{"href":"https:\/\/staviori.com.pl\/de\/wp-json\/wp\/v2\/product"}],"about":[{"href":"https:\/\/staviori.com.pl\/de\/wp-json\/wp\/v2\/types\/product"}],"replies":[{"embeddable":true,"href":"https:\/\/staviori.com.pl\/de\/wp-json\/wp\/v2\/comments?post=13889"}],"wp:featuredmedia":[{"embeddable":true,"href":"https:\/\/staviori.com.pl\/de\/wp-json\/wp\/v2\/media\/17711"}],"wp:attachment":[{"href":"https:\/\/staviori.com.pl\/de\/wp-json\/wp\/v2\/media?parent=13889"}],"wp:term":[{"taxonomy":"product_brand","embeddable":true,"href":"https:\/\/staviori.com.pl\/de\/wp-json\/wp\/v2\/product_brand?post=13889"},{"taxonomy":"product_cat","embeddable":true,"href":"https:\/\/staviori.com.pl\/de\/wp-json\/wp\/v2\/product_cat?post=13889"},{"taxonomy":"product_tag","embeddable":true,"href":"https:\/\/staviori.com.pl\/de\/wp-json\/wp\/v2\/product_tag?post=13889"}],"curies":[{"name":"wp","href":"https:\/\/api.w.org\/{rel}","templated":true}]}}