{"id":13886,"date":"2025-02-24T22:45:39","date_gmt":"2025-02-24T21:45:39","guid":{"rendered":"https:\/\/staviori.com.pl\/product\/srebrne-kolczyki-kdk6055\/"},"modified":"2026-02-11T00:08:36","modified_gmt":"2026-02-10T23:08:36","slug":"srebrne-kolczyki-kdk6055","status":"publish","type":"product","link":"https:\/\/staviori.com.pl\/de\/product\/srebrne-kolczyki-kdk6055\/","title":{"rendered":"Silberne kleine schwarze Ohrringe - KDK6055"},"content":{"rendered":"<p>Model: KDK6055<br \/>\nWaga ok. 0,40g<\/p>\n<p>Ohrringe.<br \/>\n0,925 Silber.<br \/>\nCyrkonia Czarna.<br \/>\n\u015arednica 3 mm.<\/p>","protected":false},"excerpt":{"rendered":"<p>Minimalistyczne kolczyki na sztyfcie wykonane ze srebra pr\u00f3by 0,925, ozdobione czarn\u0105 cyrkoni\u0105 w eleganckim oprawie. Ich niewielki rozmiar i klasyczny design sprawiaj\u0105, \u017ce s\u0105 idealnym wyborem do codziennego noszenia \u2013 zar\u00f3wno solo, jak i jako uzupe\u0142nienie innych kolczyk\u00f3w. Subtelny akcent z charakterem, kt\u00f3ry pasuje do ka\u017cdej stylizacji.<\/p>","protected":false},"featured_media":17717,"comment_status":"closed","ping_status":"closed","template":"","meta":{"om_disable_all_campaigns":false},"product_brand":[2284,2350],"product_cat":[199,1818,1817],"product_tag":[2536,3036,3035,3037,2954,1396,2964,2384,2427],"class_list":{"0":"post-13886","1":"product","2":"type-product","3":"status-publish","4":"has-post-thumbnail","6":"product_brand-staviori","7":"product_brand-verona","8":"product_cat-kolczyki","9":"product_cat-srebrne-kolczyki","10":"product_cat-srebro-2","11":"product_tag-czarna-cyrkonia","12":"product_tag-kdk6055","13":"product_tag-ko48662","14":"product_tag-kolczyki-codzienne","15":"product_tag-kolczyki-na-sztyfcie","16":"product_tag-kolczyki-srebrne","17":"product_tag-kolczyki-z-cyrkonia","18":"product_tag-minimalistyczna-bizuteria","19":"product_tag-srebro-925","20":"pa_kamien-cyrkonia-czarna","21":"pa_kruszec-srebro","22":"pa_proba-0-925","23":"pa_srednica-3mm","24":"pa_waga-040g","25":"pa_zapiecie-sztyft","27":"first","28":"instock","29":"purchasable","30":"product-type-simple"},"aioseo_notices":[],"_links":{"self":[{"href":"https:\/\/staviori.com.pl\/de\/wp-json\/wp\/v2\/product\/13886","targetHints":{"allow":["GET"]}}],"collection":[{"href":"https:\/\/staviori.com.pl\/de\/wp-json\/wp\/v2\/product"}],"about":[{"href":"https:\/\/staviori.com.pl\/de\/wp-json\/wp\/v2\/types\/product"}],"replies":[{"embeddable":true,"href":"https:\/\/staviori.com.pl\/de\/wp-json\/wp\/v2\/comments?post=13886"}],"wp:featuredmedia":[{"embeddable":true,"href":"https:\/\/staviori.com.pl\/de\/wp-json\/wp\/v2\/media\/17717"}],"wp:attachment":[{"href":"https:\/\/staviori.com.pl\/de\/wp-json\/wp\/v2\/media?parent=13886"}],"wp:term":[{"taxonomy":"product_brand","embeddable":true,"href":"https:\/\/staviori.com.pl\/de\/wp-json\/wp\/v2\/product_brand?post=13886"},{"taxonomy":"product_cat","embeddable":true,"href":"https:\/\/staviori.com.pl\/de\/wp-json\/wp\/v2\/product_cat?post=13886"},{"taxonomy":"product_tag","embeddable":true,"href":"https:\/\/staviori.com.pl\/de\/wp-json\/wp\/v2\/product_tag?post=13886"}],"curies":[{"name":"wp","href":"https:\/\/api.w.org\/{rel}","templated":true}]}}