{"id":13885,"date":"2025-02-24T22:45:39","date_gmt":"2025-02-24T21:45:39","guid":{"rendered":"https:\/\/staviori.com.pl\/product\/srebrne-kolczyki-kdk6054\/"},"modified":"2026-02-11T00:08:36","modified_gmt":"2026-02-10T23:08:36","slug":"srebrne-kolczyki-kdk6054","status":"publish","type":"product","link":"https:\/\/staviori.com.pl\/de\/product\/srebrne-kolczyki-kdk6054\/","title":{"rendered":"Silberne kleine Ohrringe mit wei\u00dfen Zirkonen - KDK6054"},"content":{"rendered":"<p>Model: KDK6054<br \/>\nWaga ok. 0,40g<\/p>\n<p>Ohrringe.<br \/>\n0,925 Silber.<br \/>\nZirkoniumdioxid.<br \/>\n\u015arednica 3 mm.<\/p>","protected":false},"excerpt":{"rendered":"<p>Delikatne i eleganckie kolczyki na sztyfcie wykonane ze srebra pr\u00f3by 0,925, ozdobione bia\u0142\u0105, b\u0142yszcz\u0105c\u0105 cyrkoni\u0105. Klasyczny, minimalistyczny design sprawia, \u017ce s\u0105 doskona\u0142ym wyborem do codziennego noszenia oraz jako subtelny dodatek do bardziej formalnych stylizacji. Uniwersalne, lekkie i zawsze stylowe.<\/p>","protected":false},"featured_media":1921,"comment_status":"closed","ping_status":"closed","template":"","meta":{"om_disable_all_campaigns":false},"product_brand":[2284,2350],"product_cat":[199,1818,1817],"product_tag":[3040,3041,2858,3038,2954,1396,2964,3039,2427],"class_list":{"0":"post-13885","1":"product","2":"type-product","3":"status-publish","4":"has-post-thumbnail","6":"product_brand-staviori","7":"product_brand-verona","8":"product_cat-kolczyki","9":"product_cat-srebrne-kolczyki","10":"product_cat-srebro-2","11":"product_tag-biala-cyrkonia","12":"product_tag-bizuteria-codzienna","13":"product_tag-delikatne-kolczyki","14":"product_tag-kdk6054","15":"product_tag-kolczyki-na-sztyfcie","16":"product_tag-kolczyki-srebrne","17":"product_tag-kolczyki-z-cyrkonia","18":"product_tag-kw48662","19":"product_tag-srebro-925","20":"pa_kamien-cyrkonia","21":"pa_kruszec-srebro","22":"pa_proba-0-925","23":"pa_srednica-3mm","24":"pa_waga-0-40g","26":"first","27":"instock","28":"purchasable","29":"product-type-simple"},"aioseo_notices":[],"_links":{"self":[{"href":"https:\/\/staviori.com.pl\/de\/wp-json\/wp\/v2\/product\/13885","targetHints":{"allow":["GET"]}}],"collection":[{"href":"https:\/\/staviori.com.pl\/de\/wp-json\/wp\/v2\/product"}],"about":[{"href":"https:\/\/staviori.com.pl\/de\/wp-json\/wp\/v2\/types\/product"}],"replies":[{"embeddable":true,"href":"https:\/\/staviori.com.pl\/de\/wp-json\/wp\/v2\/comments?post=13885"}],"wp:featuredmedia":[{"embeddable":true,"href":"https:\/\/staviori.com.pl\/de\/wp-json\/wp\/v2\/media\/1921"}],"wp:attachment":[{"href":"https:\/\/staviori.com.pl\/de\/wp-json\/wp\/v2\/media?parent=13885"}],"wp:term":[{"taxonomy":"product_brand","embeddable":true,"href":"https:\/\/staviori.com.pl\/de\/wp-json\/wp\/v2\/product_brand?post=13885"},{"taxonomy":"product_cat","embeddable":true,"href":"https:\/\/staviori.com.pl\/de\/wp-json\/wp\/v2\/product_cat?post=13885"},{"taxonomy":"product_tag","embeddable":true,"href":"https:\/\/staviori.com.pl\/de\/wp-json\/wp\/v2\/product_tag?post=13885"}],"curies":[{"name":"wp","href":"https:\/\/api.w.org\/{rel}","templated":true}]}}