{"id":13879,"date":"2025-02-24T22:45:37","date_gmt":"2025-02-24T21:45:37","guid":{"rendered":"https:\/\/staviori.com.pl\/product\/srebrne-kolczyki-kdk5814\/"},"modified":"2026-02-12T12:14:22","modified_gmt":"2026-02-12T11:14:22","slug":"srebrne-kolczyki-kdk5814","status":"publish","type":"product","link":"https:\/\/staviori.com.pl\/de\/product\/srebrne-kolczyki-kdk5814\/","title":{"rendered":"Blaue Silberohrringe mit Markasiten - KDK5814"},"content":{"rendered":"<p>Model: KDK5814<br \/>\nWaga ok. 6,20g<\/p>\n<p>Ohrringe.<br \/>\n0,925 Silber.<br \/>\nSzk\u0142o.<br \/>\nMarkasiten.<\/p>\n<p>Wymiary 14&#215;12 mm.<br \/>\nD\u0142ugo\u015b\u0107 30 mm.<\/p>","protected":false},"excerpt":{"rendered":"<p>Model: KDK5814 Waga ok. 6,20g Kolczyki. Srebro 0,925. Szk\u0142o. Markazyty. Wymiary 14&#215;12 mm. D\u0142ugo\u015b\u0107 30 mm.<\/p>","protected":false},"featured_media":17690,"comment_status":"closed","ping_status":"closed","template":"","meta":{"om_disable_all_campaigns":false},"product_brand":[2284],"product_cat":[199,1818,1817],"product_tag":[2959,2425,3012,2980,2771],"class_list":{"0":"post-13879","1":"product","2":"type-product","3":"status-publish","4":"has-post-thumbnail","6":"product_brand-staviori","7":"product_cat-kolczyki","8":"product_cat-srebrne-kolczyki","9":"product_cat-srebro-2","10":"product_tag-blyszczace-kolczyki","11":"product_tag-markazyty","12":"product_tag-niebieskie","13":"product_tag-wiszace","14":"product_tag-wiszace-kolczyki","15":"pa_dlugosc-30mm","16":"pa_kamien-markazyty","17":"pa_kamien-szklo","18":"pa_kruszec-srebro","19":"pa_proba-0-925","20":"pa_waga-620g","21":"pa_wymiary-14x12mm","22":"pa_zapiecie-bigiel","24":"first","25":"outofstock","26":"purchasable","27":"product-type-simple"},"aioseo_notices":[],"_links":{"self":[{"href":"https:\/\/staviori.com.pl\/de\/wp-json\/wp\/v2\/product\/13879","targetHints":{"allow":["GET"]}}],"collection":[{"href":"https:\/\/staviori.com.pl\/de\/wp-json\/wp\/v2\/product"}],"about":[{"href":"https:\/\/staviori.com.pl\/de\/wp-json\/wp\/v2\/types\/product"}],"replies":[{"embeddable":true,"href":"https:\/\/staviori.com.pl\/de\/wp-json\/wp\/v2\/comments?post=13879"}],"wp:featuredmedia":[{"embeddable":true,"href":"https:\/\/staviori.com.pl\/de\/wp-json\/wp\/v2\/media\/17690"}],"wp:attachment":[{"href":"https:\/\/staviori.com.pl\/de\/wp-json\/wp\/v2\/media?parent=13879"}],"wp:term":[{"taxonomy":"product_brand","embeddable":true,"href":"https:\/\/staviori.com.pl\/de\/wp-json\/wp\/v2\/product_brand?post=13879"},{"taxonomy":"product_cat","embeddable":true,"href":"https:\/\/staviori.com.pl\/de\/wp-json\/wp\/v2\/product_cat?post=13879"},{"taxonomy":"product_tag","embeddable":true,"href":"https:\/\/staviori.com.pl\/de\/wp-json\/wp\/v2\/product_tag?post=13879"}],"curies":[{"name":"wp","href":"https:\/\/api.w.org\/{rel}","templated":true}]}}