{"id":13873,"date":"2025-02-24T22:45:37","date_gmt":"2025-02-24T21:45:37","guid":{"rendered":"https:\/\/staviori.com.pl\/product\/srebrne-kolczyki-kdk5685\/"},"modified":"2026-02-11T00:08:36","modified_gmt":"2026-02-10T23:08:36","slug":"srebrne-kolczyki-kdk5685","status":"publish","type":"product","link":"https:\/\/staviori.com.pl\/de\/product\/srebrne-kolczyki-kdk5685\/","title":{"rendered":"Srebrne pi\u0119kne b\u0142yszcz\u0105ce d\u0142ugie kolczyki &#8211; KDK5685"},"content":{"rendered":"<p>Model: KDK5685<br \/>\nWaga ok. 10,90g<\/p>\n<p>Ohrringe.<br \/>\n0,925 Silber.<br \/>\nZirkoniumdioxid.<\/p>\n<p>D\u0142ugo\u015b\u0107 70 mm.<br \/>\nSzeroko\u015b\u0107 15 mm.<\/p>\n<p>Przepi\u0119kne wisz\u0105ce, d\u0142ugie kolczyki po\u0142yskuj\u0105ce cudownym blaskiem cyrkonii. Idealne na wieczorne wyj\u015bcie.<\/p>","protected":false},"excerpt":{"rendered":"<p>Ol\u015bniewaj\u0105ce, d\u0142ugie kolczyki wisz\u0105ce wykonane ze srebra pr\u00f3by 0,925, bogato zdobione b\u0142yszcz\u0105cymi cyrkoniami. Ich kaskadowa forma i imponuj\u0105ca d\u0142ugo\u015b\u0107 przyci\u0105gaj\u0105 wzrok i dodaj\u0105 spektakularnego blasku ka\u017cdej stylizacji. Idealne na wielkie wyj\u015bcia, eleganckie przyj\u0119cia czy uroczysto\u015bci, w kt\u00f3rych liczy si\u0119 zjawiskowy efekt.<\/p>","protected":false},"featured_media":17682,"comment_status":"closed","ping_status":"closed","template":"","meta":{"om_disable_all_campaigns":false},"product_brand":[2284,2350],"product_cat":[199,1818,1817],"product_tag":[2754,6041,2932,2891,2317,3010,3009,1396,2770,6433,5924,6851,6850,6849,5820,4630,5905],"class_list":{"0":"post-13873","1":"product","2":"type-product","3":"status-publish","4":"has-post-thumbnail","6":"product_brand-staviori","7":"product_brand-verona","8":"product_cat-kolczyki","9":"product_cat-srebrne-kolczyki","10":"product_cat-srebro-2","11":"product_tag-bizuteria-wieczorowa","12":"product_tag-cubic-zirconia-earrings","13":"product_tag-cyrkonie","14":"product_tag-dlugie-kolczyki","15":"product_tag-elegancka-bizuteria","16":"product_tag-ikcw369","17":"product_tag-kdk5685","18":"product_tag-kolczyki-srebrne","19":"product_tag-kolczyki-wiszace","20":"product_tag-lange-ohrringe","21":"product_tag-long-earrings","22":"product_tag-nausnice-visaci","23":"product_tag-nausnice-zirkon","24":"product_tag-ohrringe-zirkonia","25":"product_tag-silver-earrings","26":"product_tag-srebro-0-925","27":"product_tag-sterling-silver","28":"pa_dlugosc-70mm","29":"pa_kamien-cyrkonia","30":"pa_kruszec-srebro","31":"pa_proba-0-925","32":"pa_szerokosc-15mm","33":"pa_waga-1090g","35":"first","36":"instock","37":"purchasable","38":"product-type-simple"},"aioseo_notices":[],"_links":{"self":[{"href":"https:\/\/staviori.com.pl\/de\/wp-json\/wp\/v2\/product\/13873","targetHints":{"allow":["GET"]}}],"collection":[{"href":"https:\/\/staviori.com.pl\/de\/wp-json\/wp\/v2\/product"}],"about":[{"href":"https:\/\/staviori.com.pl\/de\/wp-json\/wp\/v2\/types\/product"}],"replies":[{"embeddable":true,"href":"https:\/\/staviori.com.pl\/de\/wp-json\/wp\/v2\/comments?post=13873"}],"wp:featuredmedia":[{"embeddable":true,"href":"https:\/\/staviori.com.pl\/de\/wp-json\/wp\/v2\/media\/17682"}],"wp:attachment":[{"href":"https:\/\/staviori.com.pl\/de\/wp-json\/wp\/v2\/media?parent=13873"}],"wp:term":[{"taxonomy":"product_brand","embeddable":true,"href":"https:\/\/staviori.com.pl\/de\/wp-json\/wp\/v2\/product_brand?post=13873"},{"taxonomy":"product_cat","embeddable":true,"href":"https:\/\/staviori.com.pl\/de\/wp-json\/wp\/v2\/product_cat?post=13873"},{"taxonomy":"product_tag","embeddable":true,"href":"https:\/\/staviori.com.pl\/de\/wp-json\/wp\/v2\/product_tag?post=13873"}],"curies":[{"name":"wp","href":"https:\/\/api.w.org\/{rel}","templated":true}]}}