{"id":13869,"date":"2025-02-24T22:45:37","date_gmt":"2025-02-24T21:45:37","guid":{"rendered":"https:\/\/staviori.com.pl\/product\/srebrne-kolczyki-kdk5597\/"},"modified":"2026-04-20T07:19:42","modified_gmt":"2026-04-20T05:19:42","slug":"srebrne-kolczyki-kdk5597","status":"publish","type":"product","link":"https:\/\/staviori.com.pl\/de\/product\/srebrne-kolczyki-kdk5597\/","title":{"rendered":"Srebrne kolczyki wisz\u0105ce poz\u0142acane gwiazdki &#8211; KDK5597"},"content":{"rendered":"<p>Model: KDK5597<br \/>\nWaga ok. 2,50g<\/p>\n<p>Ohrringe.<br \/>\nSrebro 0.925.<\/p>\n<p>\u015arednica 19 mm.<br \/>\nD\u0142ugo\u015b\u0107 47 mm.<\/p>","protected":false},"excerpt":{"rendered":"<p>Nowoczesne, wisz\u0105ce kolczyki w kszta\u0142cie gwiazdek, wykonane z poz\u0142acanego srebra pr\u00f3by 0,925. Lekka forma i subtelny po\u0142ysk sprawiaj\u0105, \u017ce s\u0105 idealnym dodatkiem dla kobiet ceni\u0105cych wyrazist\u0105, ale nienachaln\u0105 bi\u017cuteri\u0119. Gwiazdki zawieszone na delikatnym \u0142a\u0144cuszku pi\u0119knie poruszaj\u0105 si\u0119 przy ka\u017cdym ruchu, dodaj\u0105c stylizacji lekko\u015bci i blasku.<\/p>","protected":false},"featured_media":17697,"comment_status":"closed","ping_status":"closed","template":"","meta":{"om_disable_all_campaigns":false},"product_brand":[2284,2350],"product_cat":[199,1818,1817],"product_tag":[3021,3020,2698,2770,2996,2569,2427,2506],"class_list":{"0":"post-13869","1":"product","2":"type-product","3":"status-publish","4":"has-post-thumbnail","6":"product_brand-staviori","7":"product_brand-verona","8":"product_cat-kolczyki","9":"product_cat-srebrne-kolczyki","10":"product_cat-srebro-2","11":"product_tag-kdk5597","12":"product_tag-kolczyki-gwiazdki","13":"product_tag-kolczyki-na-prezent","14":"product_tag-kolczyki-wiszace","15":"product_tag-lekkie-kolczyki","16":"product_tag-nowoczesna-bizuteria","17":"product_tag-srebro-925","18":"product_tag-srebro-pozlacane","19":"pa_dlugosc-47mm","20":"pa_kruszec-srebro","21":"pa_proba-0-925","22":"pa_srednica-19mm","23":"pa_waga-250g","24":"pa_zapiecie-sztyft","26":"first","27":"instock","28":"purchasable","29":"product-type-simple"},"aioseo_notices":[],"_links":{"self":[{"href":"https:\/\/staviori.com.pl\/de\/wp-json\/wp\/v2\/product\/13869","targetHints":{"allow":["GET"]}}],"collection":[{"href":"https:\/\/staviori.com.pl\/de\/wp-json\/wp\/v2\/product"}],"about":[{"href":"https:\/\/staviori.com.pl\/de\/wp-json\/wp\/v2\/types\/product"}],"replies":[{"embeddable":true,"href":"https:\/\/staviori.com.pl\/de\/wp-json\/wp\/v2\/comments?post=13869"}],"wp:featuredmedia":[{"embeddable":true,"href":"https:\/\/staviori.com.pl\/de\/wp-json\/wp\/v2\/media\/17697"}],"wp:attachment":[{"href":"https:\/\/staviori.com.pl\/de\/wp-json\/wp\/v2\/media?parent=13869"}],"wp:term":[{"taxonomy":"product_brand","embeddable":true,"href":"https:\/\/staviori.com.pl\/de\/wp-json\/wp\/v2\/product_brand?post=13869"},{"taxonomy":"product_cat","embeddable":true,"href":"https:\/\/staviori.com.pl\/de\/wp-json\/wp\/v2\/product_cat?post=13869"},{"taxonomy":"product_tag","embeddable":true,"href":"https:\/\/staviori.com.pl\/de\/wp-json\/wp\/v2\/product_tag?post=13869"}],"curies":[{"name":"wp","href":"https:\/\/api.w.org\/{rel}","templated":true}]}}