{"id":13853,"date":"2025-02-24T22:45:30","date_gmt":"2025-02-24T21:45:30","guid":{"rendered":"https:\/\/staviori.com.pl\/product\/srebrne-kolczyki-kdk5330\/"},"modified":"2026-04-22T11:18:02","modified_gmt":"2026-04-22T09:18:02","slug":"srebrne-kolczyki-kdk5330","status":"publish","type":"product","link":"https:\/\/staviori.com.pl\/de\/product\/srebrne-kolczyki-kdk5330\/","title":{"rendered":"Silberne Ohrringe mit blauen Zirkonen - KDK5330"},"content":{"rendered":"<p>Model: KDK5330<br \/>\nWaga ok. 1,56g<\/p>\n<p>Ohrringe.<br \/>\nSrebro 0.925.<br \/>\nZirkoniumdioxid.<\/p>\n<p>\u015arednica 9 mm.<\/p>","protected":false},"excerpt":{"rendered":"<p>Subtelne i pe\u0142ne blasku kolczyki na sztyfcie wykonane ze srebra pr\u00f3by 0,925 zachwycaj\u0105 swoim eleganckim wygl\u0105dem. Centralne miejsce zajmuje intensywnie niebieska cyrkonia, otoczona l\u015bni\u0105cym okr\u0119giem z bezbarwnych kamieni, kt\u00f3re pi\u0119knie odbijaj\u0105 \u015bwiat\u0142o. Idealne do noszenia na co dzie\u0144, jak i na wyj\u0105tkowe okazje \u2013 dodaj\u0105 szyku i klasy ka\u017cdej stylizacji. To ponadczasowa bi\u017cuteria, kt\u00f3ra podkre\u015bli kobiec\u0105 delikatno\u015b\u0107 i zmys\u0142 estetyki.<\/p>","protected":false},"featured_media":17638,"comment_status":"closed","ping_status":"closed","template":"","meta":{"om_disable_all_campaigns":false},"product_brand":[2284,2350],"product_cat":[199,1818,1817],"product_tag":[2956,2317,2952,2951,2664,2954,2953,2955,2942,2427],"class_list":{"0":"post-13853","1":"product","2":"type-product","3":"status-publish","4":"has-post-thumbnail","6":"product_brand-staviori","7":"product_brand-verona","8":"product_cat-kolczyki","9":"product_cat-srebrne-kolczyki","10":"product_cat-srebro-2","11":"product_tag-codzienna-bizuteria","12":"product_tag-elegancka-bizuteria","13":"product_tag-ikcb079","14":"product_tag-kdk5330","15":"product_tag-klasyczne-kolczyki","16":"product_tag-kolczyki-na-sztyfcie","17":"product_tag-kolczyki-z-cyrkoniami","18":"product_tag-niebieska-cyrkonia","19":"product_tag-srebrne-kolczyki","20":"product_tag-srebro-925","21":"pa_kamien-cyrkonia","22":"pa_kruszec-srebro","23":"pa_proba-0-925","24":"pa_srednica-9mm","25":"pa_waga-156g","26":"pa_zapiecie-sztyft","28":"first","29":"instock","30":"purchasable","31":"product-type-simple"},"aioseo_notices":[],"_links":{"self":[{"href":"https:\/\/staviori.com.pl\/de\/wp-json\/wp\/v2\/product\/13853","targetHints":{"allow":["GET"]}}],"collection":[{"href":"https:\/\/staviori.com.pl\/de\/wp-json\/wp\/v2\/product"}],"about":[{"href":"https:\/\/staviori.com.pl\/de\/wp-json\/wp\/v2\/types\/product"}],"replies":[{"embeddable":true,"href":"https:\/\/staviori.com.pl\/de\/wp-json\/wp\/v2\/comments?post=13853"}],"wp:featuredmedia":[{"embeddable":true,"href":"https:\/\/staviori.com.pl\/de\/wp-json\/wp\/v2\/media\/17638"}],"wp:attachment":[{"href":"https:\/\/staviori.com.pl\/de\/wp-json\/wp\/v2\/media?parent=13853"}],"wp:term":[{"taxonomy":"product_brand","embeddable":true,"href":"https:\/\/staviori.com.pl\/de\/wp-json\/wp\/v2\/product_brand?post=13853"},{"taxonomy":"product_cat","embeddable":true,"href":"https:\/\/staviori.com.pl\/de\/wp-json\/wp\/v2\/product_cat?post=13853"},{"taxonomy":"product_tag","embeddable":true,"href":"https:\/\/staviori.com.pl\/de\/wp-json\/wp\/v2\/product_tag?post=13853"}],"curies":[{"name":"wp","href":"https:\/\/api.w.org\/{rel}","templated":true}]}}