{"id":13844,"date":"2025-02-24T22:45:30","date_gmt":"2025-02-24T21:45:30","guid":{"rendered":"https:\/\/staviori.com.pl\/product\/bizuteria-inwestycyjna-kolczyk-kcd1780\/"},"modified":"2026-02-11T00:08:35","modified_gmt":"2026-02-10T23:08:35","slug":"bizuteria-inwestycyjna-kolczyk-kcd1780","status":"publish","type":"product","link":"https:\/\/staviori.com.pl\/de\/product\/bizuteria-inwestycyjna-kolczyk-kcd1780\/","title":{"rendered":"Exclusive | niezwyk\u0142e wisz\u0105ce czarne z\u0142oto z brylantami"},"content":{"rendered":"<p>Model: DDE0631<br \/>\nWaga ok. 17,10g<\/p>\n<p>Ohrringe.<br \/>\nCzarne Z\u0142oto 0,750.<br \/>\n230 Diament\u00f3w, szlif brylantowy, o masie ok. 7,37ct, barwa G-H, czysto\u015b\u0107 SI1.<\/p>\n<p>Szeroko\u015b\u0107 7-14 mm.<br \/>\nD\u0142ugo\u015b\u0107 53 mm.<\/p>\n<p><strong>Produkt nur auf Anfrage erh\u00e4ltlich, Vorlaufzeit ca. 5 Wochen.<\/strong><\/p>","protected":false},"excerpt":{"rendered":"<p>Zjawiskowe kolczyki wykonane z 18-karatowego czarnego z\u0142ota to prawdziwe dzie\u0142o sztuki jubilerskiej. Ich unikalny, inspirowany natur\u0105 kszta\u0142t przypominaj\u0105cy szyszk\u0119, zosta\u0142 misternie ozdobiony a\u017c 230 diamentami o \u0142\u0105cznej masie 7,37 ct. Ol\u015bniewaj\u0105cy blask brylant\u00f3w w kontra\u015bcie z ciemnym z\u0142otem tworzy efekt wyj\u0105tkowej g\u0142\u0119bi i luksusu. To bi\u017cuteria stworzona z my\u015bl\u0105 o kobietach, kt\u00f3re pragn\u0105 zachwyca\u0107 i wyr\u00f3\u017cnia\u0107 si\u0119 niepowtarzalnym stylem.<\/p>","protected":false},"featured_media":17657,"comment_status":"closed","ping_status":"closed","template":"","meta":{"om_disable_all_campaigns":false},"product_brand":[2284],"product_cat":[1803,199,6858],"product_tag":[2301,2405,2972,2317,2755,2973,2686,2667,2280,2974],"class_list":{"0":"post-13844","1":"product","2":"type-product","3":"status-publish","4":"has-post-thumbnail","6":"product_brand-staviori","7":"product_cat-brylanty-exclusive","8":"product_cat-kolczyki","9":"product_cat-kolczyki-brylanty-exclusive","10":"product_tag-brylanty","11":"product_tag-czarne-zloto","12":"product_tag-dde0631","13":"product_tag-elegancka-bizuteria","14":"product_tag-kolczyki-na-zamowienie","15":"product_tag-kolczyki-szyszki","16":"product_tag-kolczyki-wieczorowe","17":"product_tag-kolczyki-z-diamentami","18":"product_tag-luksusowa-bizuteria","19":"product_tag-unikalny-design","20":"pa_barwa-g-h","21":"pa_czystosc-si1","22":"pa_dlugosc-53mm","23":"pa_dostawca-draco","24":"pa_kamien-brylanty","25":"pa_kolor-czarne","26":"pa_kruszec-zloto","27":"pa_proba-0-750","28":"pa_szerokosc-7-14mm","29":"pa_waga-1690g","30":"pa_zapiecie-angielskie","32":"first","33":"onbackorder","34":"purchasable","35":"product-type-simple"},"aioseo_notices":[],"_links":{"self":[{"href":"https:\/\/staviori.com.pl\/de\/wp-json\/wp\/v2\/product\/13844","targetHints":{"allow":["GET"]}}],"collection":[{"href":"https:\/\/staviori.com.pl\/de\/wp-json\/wp\/v2\/product"}],"about":[{"href":"https:\/\/staviori.com.pl\/de\/wp-json\/wp\/v2\/types\/product"}],"replies":[{"embeddable":true,"href":"https:\/\/staviori.com.pl\/de\/wp-json\/wp\/v2\/comments?post=13844"}],"wp:featuredmedia":[{"embeddable":true,"href":"https:\/\/staviori.com.pl\/de\/wp-json\/wp\/v2\/media\/17657"}],"wp:attachment":[{"href":"https:\/\/staviori.com.pl\/de\/wp-json\/wp\/v2\/media?parent=13844"}],"wp:term":[{"taxonomy":"product_brand","embeddable":true,"href":"https:\/\/staviori.com.pl\/de\/wp-json\/wp\/v2\/product_brand?post=13844"},{"taxonomy":"product_cat","embeddable":true,"href":"https:\/\/staviori.com.pl\/de\/wp-json\/wp\/v2\/product_cat?post=13844"},{"taxonomy":"product_tag","embeddable":true,"href":"https:\/\/staviori.com.pl\/de\/wp-json\/wp\/v2\/product_tag?post=13844"}],"curies":[{"name":"wp","href":"https:\/\/api.w.org\/{rel}","templated":true}]}}