{"id":13843,"date":"2025-02-24T22:45:30","date_gmt":"2025-02-24T21:45:30","guid":{"rendered":"https:\/\/staviori.com.pl\/product\/bizuteria-inwestycyjna-kolczyk-kcd1765\/"},"modified":"2026-02-11T00:08:35","modified_gmt":"2026-02-10T23:08:35","slug":"bizuteria-inwestycyjna-kolczyk-kcd1765","status":"publish","type":"product","link":"https:\/\/staviori.com.pl\/de\/product\/bizuteria-inwestycyjna-kolczyk-kcd1765\/","title":{"rendered":"Exklusive Ohrringe mit Anh\u00e4nger aus Schwarzgold und schwarzen Diamanten"},"content":{"rendered":"<p>Model: DDE0479<br \/>\nWaga ok. 11,90g<\/p>\n<p>Ohrringe.<br \/>\nCzarne Z\u0142oto* 0,750.<br \/>\n268 Diament\u00f3w, kolor czarny, szlif brylantowy, o masie ok. 2,86ct.<\/p>\n<p>\u015arednica ko\u0142a ok. 17mm.<br \/>\nD\u0142ugo\u015b\u0107 ca\u0142kowita ok. 36mm.<\/p>\n<p><strong>Produkt nur auf Anfrage erh\u00e4ltlich, Vorlaufzeit ca. 5 Wochen.<\/strong><\/p>\n<p>*<em>Czarne z\u0142oto to bia\u0142e z\u0142oto pr\u00f3by 0,750 pokryte czarnym rodem.<\/em><\/p>","protected":false},"excerpt":{"rendered":"<p>Nowoczesne i wyrafinowane kolczyki wykonane z 18-karatowego czarnego z\u0142ota zachwycaj\u0105 nietuzinkowym designem i eleganckim wyko\u0144czeniem. Dwa pier\u015bcienie, misternie wysadzane \u0142\u0105cznie 268 czarnymi diamentami o masie 2,86 ct, tworz\u0105 geometryczn\u0105 kompozycj\u0119, kt\u00f3ra subtelnie przyci\u0105ga wzrok i podkre\u015bla indywidualny styl. To wyj\u0105tkowa bi\u017cuteria dla kobiet, kt\u00f3re ceni\u0105 odwa\u017cne formy i luksusowe detale.<\/p>","protected":false},"featured_media":17662,"comment_status":"closed","ping_status":"closed","template":"","meta":{"om_disable_all_campaigns":false},"product_brand":[2284],"product_cat":[1803,199,6858],"product_tag":[2293,2319,2979,2976,2660,2978,2686,2977,2667,2280,2980],"class_list":{"0":"post-13843","1":"product","2":"type-product","3":"status-publish","4":"has-post-thumbnail","6":"product_brand-staviori","7":"product_cat-brylanty-exclusive","8":"product_cat-kolczyki","9":"product_cat-kolczyki-brylanty-exclusive","10":"product_tag-bizuteria-na-zamowienie","11":"product_tag-czarne-diamenty","12":"product_tag-czarne-kolczyki","13":"product_tag-dde0479","14":"product_tag-eleganckie-kolczyki","15":"product_tag-geometryczne-kolczyki","16":"product_tag-kolczyki-wieczorowe","17":"product_tag-kolczyki-z-czarnego-zlota","18":"product_tag-kolczyki-z-diamentami","19":"product_tag-luksusowa-bizuteria","20":"product_tag-wiszace","21":"pa_barwa-czarne","22":"pa_dlugosc-36mm","23":"pa_dostawca-draco","24":"pa_kamien-czarne-diamenty","25":"pa_kolor-czarne","26":"pa_kruszec-zloto","27":"pa_proba-0-750","28":"pa_srednica-17mm","29":"pa_waga-11-90g","30":"pa_zapiecie-angielskie","32":"first","33":"onbackorder","34":"purchasable","35":"product-type-simple"},"aioseo_notices":[],"_links":{"self":[{"href":"https:\/\/staviori.com.pl\/de\/wp-json\/wp\/v2\/product\/13843","targetHints":{"allow":["GET"]}}],"collection":[{"href":"https:\/\/staviori.com.pl\/de\/wp-json\/wp\/v2\/product"}],"about":[{"href":"https:\/\/staviori.com.pl\/de\/wp-json\/wp\/v2\/types\/product"}],"replies":[{"embeddable":true,"href":"https:\/\/staviori.com.pl\/de\/wp-json\/wp\/v2\/comments?post=13843"}],"wp:featuredmedia":[{"embeddable":true,"href":"https:\/\/staviori.com.pl\/de\/wp-json\/wp\/v2\/media\/17662"}],"wp:attachment":[{"href":"https:\/\/staviori.com.pl\/de\/wp-json\/wp\/v2\/media?parent=13843"}],"wp:term":[{"taxonomy":"product_brand","embeddable":true,"href":"https:\/\/staviori.com.pl\/de\/wp-json\/wp\/v2\/product_brand?post=13843"},{"taxonomy":"product_cat","embeddable":true,"href":"https:\/\/staviori.com.pl\/de\/wp-json\/wp\/v2\/product_cat?post=13843"},{"taxonomy":"product_tag","embeddable":true,"href":"https:\/\/staviori.com.pl\/de\/wp-json\/wp\/v2\/product_tag?post=13843"}],"curies":[{"name":"wp","href":"https:\/\/api.w.org\/{rel}","templated":true}]}}