{"id":13842,"date":"2025-02-24T22:45:30","date_gmt":"2025-02-24T21:45:30","guid":{"rendered":"https:\/\/staviori.com.pl\/product\/bizuteria-inwestycyjna-kolczyk-kcd1764\/"},"modified":"2026-02-11T00:08:35","modified_gmt":"2026-02-10T23:08:35","slug":"bizuteria-inwestycyjna-kolczyk-kcd1764","status":"publish","type":"product","link":"https:\/\/staviori.com.pl\/de\/product\/bizuteria-inwestycyjna-kolczyk-kcd1764\/","title":{"rendered":"Exklusive | Schwarzgold-Ohrringe mit schwarzen Diamanten"},"content":{"rendered":"<p>Model: DDE0374<br \/>\nWaga ok. 6,34g<\/p>\n<p>Ohrringe.<br \/>\nCzarne Z\u0142oto* 0,750.<br \/>\n122 Diamenty, kolor czarny, szlif brylantowy, o masie 1,48ct.<\/p>\n<p>\u015arednica 38 mm.<br \/>\nSzeroko\u015b\u0107 1.5 mm.<\/p>\n<p><strong>Produkt nur auf Anfrage erh\u00e4ltlich, Vorlaufzeit ca. 5 Wochen.<\/strong><\/p>\n<p>*Czarne z\u0142oto to bia\u0142e z\u0142oto pr\u00f3by 0,750 pokryte czarnym rodem.<\/p>","protected":false},"excerpt":{"rendered":"<p>Wyj\u0105tkowe kolczyki ko\u0142a wykonane z 18-karatowego czarnego z\u0142ota to po\u0142\u0105czenie nowoczesno\u015bci i klasycznej formy. Ich smuk\u0142a linia o \u015brednicy 38 mm zosta\u0142a ozdobiona a\u017c 122 czarnymi diamentami o \u0142\u0105cznej masie 1,48 ct, kt\u00f3re nadaj\u0105 bi\u017cuterii g\u0142\u0119bi i subtelnego blasku. Te eleganckie kolczyki to doskona\u0142y wyb\u00f3r dla kobiet ceni\u0105cych luksus, wyrafinowanie i odwa\u017cne akcenty w stylizacjach.<\/p>","protected":false},"featured_media":17664,"comment_status":"closed","ping_status":"closed","template":"","meta":{"om_disable_all_campaigns":false},"product_brand":[2284],"product_cat":[1803,199,6858],"product_tag":[2405,2982,2660,2682,2755,2662,2280,2384,2983],"class_list":{"0":"post-13842","1":"product","2":"type-product","3":"status-publish","4":"has-post-thumbnail","6":"product_brand-staviori","7":"product_cat-brylanty-exclusive","8":"product_cat-kolczyki","9":"product_cat-kolczyki-brylanty-exclusive","10":"product_tag-czarne-zloto","11":"product_tag-dde0374","12":"product_tag-eleganckie-kolczyki","13":"product_tag-kolczyki-kola","14":"product_tag-kolczyki-na-zamowienie","15":"product_tag-kolczyki-z-czarnymi-diamentami","16":"product_tag-luksusowa-bizuteria","17":"product_tag-minimalistyczna-bizuteria","18":"product_tag-nowoczesny-styl","19":"pa_barwa-czarne","20":"pa_dostawca-draco","21":"pa_kamien-czarne-diamenty","22":"pa_kolor-czarne","23":"pa_kruszec-zloto","24":"pa_proba-0-750","25":"pa_srednica-38mm","26":"pa_szerokosc-1-5mm","27":"pa_waga-634g","28":"pa_zapiecie-angielskie","30":"first","31":"onbackorder","32":"purchasable","33":"product-type-simple"},"aioseo_notices":[],"_links":{"self":[{"href":"https:\/\/staviori.com.pl\/de\/wp-json\/wp\/v2\/product\/13842","targetHints":{"allow":["GET"]}}],"collection":[{"href":"https:\/\/staviori.com.pl\/de\/wp-json\/wp\/v2\/product"}],"about":[{"href":"https:\/\/staviori.com.pl\/de\/wp-json\/wp\/v2\/types\/product"}],"replies":[{"embeddable":true,"href":"https:\/\/staviori.com.pl\/de\/wp-json\/wp\/v2\/comments?post=13842"}],"wp:featuredmedia":[{"embeddable":true,"href":"https:\/\/staviori.com.pl\/de\/wp-json\/wp\/v2\/media\/17664"}],"wp:attachment":[{"href":"https:\/\/staviori.com.pl\/de\/wp-json\/wp\/v2\/media?parent=13842"}],"wp:term":[{"taxonomy":"product_brand","embeddable":true,"href":"https:\/\/staviori.com.pl\/de\/wp-json\/wp\/v2\/product_brand?post=13842"},{"taxonomy":"product_cat","embeddable":true,"href":"https:\/\/staviori.com.pl\/de\/wp-json\/wp\/v2\/product_cat?post=13842"},{"taxonomy":"product_tag","embeddable":true,"href":"https:\/\/staviori.com.pl\/de\/wp-json\/wp\/v2\/product_tag?post=13842"}],"curies":[{"name":"wp","href":"https:\/\/api.w.org\/{rel}","templated":true}]}}