{"id":13841,"date":"2025-02-24T22:45:30","date_gmt":"2025-02-24T21:45:30","guid":{"rendered":"https:\/\/staviori.com.pl\/product\/bizuteria-inwestycyjna-kolczyk-kcd1744\/"},"modified":"2026-02-11T00:08:35","modified_gmt":"2026-02-10T23:08:35","slug":"bizuteria-inwestycyjna-kolczyk-kcd1744","status":"publish","type":"product","link":"https:\/\/staviori.com.pl\/de\/product\/bizuteria-inwestycyjna-kolczyk-kcd1744\/","title":{"rendered":"Exklusive | Schwarzgold-Ohrringe mit wei\u00dfen und schwarzen Diamanten"},"content":{"rendered":"<p>Model: DDE0787<br \/>\nWaga ok. 17,90g<\/p>\n<p>Ohrringe.<br \/>\nCzarne Z\u0142oto* 0,750.<br \/>\n42 Diamenty, szlif brylantowy, o masie ok. 0,36ct, barwa G-H, czysto\u015b\u0107 SI1.<br \/>\n338 Diament\u00f3w, kolor czarny, szlif brylantowy, o masie ok. 2,85ct.<\/p>\n<p>\u015arednica 51 mm.<br \/>\n3 mm breit.<\/p>\n<p><strong>Produkt nur auf Anfrage erh\u00e4ltlich, Vorlaufzeit ca. 5 Wochen.<\/strong><\/p>\n<p>*<em>Czarne z\u0142oto to bia\u0142e z\u0142oto pr\u00f3by 0,750 pokryte czarnym rodem.<\/em><\/p>","protected":false},"excerpt":{"rendered":"<p>Efektowne kolczyki ko\u0142a wykonane z 18-karatowego czarnego z\u0142ota to bi\u017cuteria, kt\u00f3ra przyci\u0105ga spojrzenia. Ozdobione a\u017c 380 diamentami \u2013 w tym 42 bia\u0142ymi o \u0142\u0105cznej masie 0,36 ct oraz 338 czarnymi o masie 2,85 ct \u2013 tworz\u0105 hipnotyzuj\u0105c\u0105 gr\u0119 \u015bwiat\u0142a i kontrastu. Ich du\u017cy rozmiar (\u015brednica 51 mm) i precyzyjne wykonanie czyni\u0105 z nich idealny wyb\u00f3r dla kobiet, kt\u00f3re ceni\u0105 luksus i wyraziste dodatki.<\/p>","protected":false},"featured_media":1754,"comment_status":"closed","ping_status":"closed","template":"","meta":{"om_disable_all_campaigns":false},"product_brand":[2284],"product_cat":[1803,199,6858],"product_tag":[2986,2319,2405,2985,2682,2755,2667,2280,2851],"class_list":{"0":"post-13841","1":"product","2":"type-product","3":"status-publish","4":"has-post-thumbnail","6":"product_brand-staviori","7":"product_cat-brylanty-exclusive","8":"product_cat-kolczyki","9":"product_cat-kolczyki-brylanty-exclusive","10":"product_tag-bizuteria-z-kontrastem","11":"product_tag-czarne-diamenty","12":"product_tag-czarne-zloto","13":"product_tag-dde0787","14":"product_tag-kolczyki-kola","15":"product_tag-kolczyki-na-zamowienie","16":"product_tag-kolczyki-z-diamentami","17":"product_tag-luksusowa-bizuteria","18":"product_tag-wieczorowe-kolczyki","19":"pa_barwa-g-h","20":"pa_czystosc-si1","21":"pa_dostawca-draco","22":"pa_kamien-biale-diamenty","23":"pa_kamien-czarne-diamenty","24":"pa_kolor-czarne","25":"pa_kruszec-zloto","26":"pa_proba-0-750","27":"pa_srednica-51mm","28":"pa_szerokosc-3mm","29":"pa_waga-1790g","30":"pa_zapiecie-angielskie","32":"first","33":"onbackorder","34":"purchasable","35":"product-type-simple"},"aioseo_notices":[],"_links":{"self":[{"href":"https:\/\/staviori.com.pl\/de\/wp-json\/wp\/v2\/product\/13841","targetHints":{"allow":["GET"]}}],"collection":[{"href":"https:\/\/staviori.com.pl\/de\/wp-json\/wp\/v2\/product"}],"about":[{"href":"https:\/\/staviori.com.pl\/de\/wp-json\/wp\/v2\/types\/product"}],"replies":[{"embeddable":true,"href":"https:\/\/staviori.com.pl\/de\/wp-json\/wp\/v2\/comments?post=13841"}],"wp:featuredmedia":[{"embeddable":true,"href":"https:\/\/staviori.com.pl\/de\/wp-json\/wp\/v2\/media\/1754"}],"wp:attachment":[{"href":"https:\/\/staviori.com.pl\/de\/wp-json\/wp\/v2\/media?parent=13841"}],"wp:term":[{"taxonomy":"product_brand","embeddable":true,"href":"https:\/\/staviori.com.pl\/de\/wp-json\/wp\/v2\/product_brand?post=13841"},{"taxonomy":"product_cat","embeddable":true,"href":"https:\/\/staviori.com.pl\/de\/wp-json\/wp\/v2\/product_cat?post=13841"},{"taxonomy":"product_tag","embeddable":true,"href":"https:\/\/staviori.com.pl\/de\/wp-json\/wp\/v2\/product_tag?post=13841"}],"curies":[{"name":"wp","href":"https:\/\/api.w.org\/{rel}","templated":true}]}}