{"id":13839,"date":"2025-02-24T22:45:30","date_gmt":"2025-02-24T21:45:30","guid":{"rendered":"https:\/\/staviori.com.pl\/product\/kolczyk-z-brylantami-kbd6105\/"},"modified":"2026-02-11T00:08:34","modified_gmt":"2026-02-10T23:08:34","slug":"kolczyk-z-brylantami-kbd6105","status":"publish","type":"product","link":"https:\/\/staviori.com.pl\/de\/product\/kolczyk-z-brylantami-kbd6105\/","title":{"rendered":"Exklusive Herz-Ohrringe mit 0,750 Diamanten - KBD6105"},"content":{"rendered":"<p>Model: KBD6105<br \/>\nWaga ok. 1,60g<\/p>\n<p>Ohrringe.<br \/>\nWei\u00dfgold 0,750.<br \/>\n2 Diamenty, szlif brylantowy, o masie 0,12 ct., barwa G, czysto\u015b\u0107 VS1-SI2.<br \/>\n2 Diamenty, szlif gruszka, o masie 0,34 ct., barwa G, czysto\u015b\u0107 VS1-SI2.<\/p>\n<p>Kann auch in einer anderen Goldfarbe hergestellt werden.<br \/>\nWymiary 5.5&#215;5.5 mm.<\/p>\n<p><strong>Produkt nur auf Anfrage erh\u00e4ltlich, Vorlaufzeit ca. 2 Wochen.<\/strong><\/p>\n<p>Przepi\u0119kne kolczyki z najwy\u017cszej klasy diamentami uk\u0142adaj\u0105cymi si\u0119 w kszta\u0142t serca. Nie ma w\u0105tpliwo\u015bci, i\u017c wyra\u017caj\u0105 one w pe\u0142ni to najpi\u0119kniejsze z uczu\u0107.<\/p>","protected":false},"excerpt":{"rendered":"<p>Urocze kolczyki z bia\u0142ego z\u0142ota pr\u00f3by 750, kt\u00f3rych kompozycja diament\u00f3w uk\u0142ada si\u0119 w subtelny kszta\u0142t serca. Po\u0142\u0105czenie szlifu gruszki i klasycznego brylantu tworzy niezwykle romantyczny i elegancki wz\u00f3r. To doskona\u0142y wyb\u00f3r dla kobiet, kt\u00f3re ceni\u0105 sobie luksusow\u0105 bi\u017cuteri\u0119 o symbolicznym charakterze \u2014 idealne zar\u00f3wno na prezent, jak i jako wyraz osobistego stylu.<\/p>","protected":false},"featured_media":1738,"comment_status":"closed","ping_status":"closed","template":"","meta":{"om_disable_all_campaigns":false},"product_brand":[2284],"product_cat":[1803,1838,1990,6858,199],"product_tag":[2308,2296,2317,2991,1394,2992,2579,2846,2989],"class_list":{"0":"post-13839","1":"product","2":"type-product","3":"status-publish","4":"has-post-thumbnail","6":"product_brand-staviori","7":"product_cat-brylanty-exclusive","8":"product_cat-diamenty","9":"product_cat-kolczyk-z-brylantami","10":"product_cat-kolczyki-brylanty-exclusive","11":"product_cat-kolczyki","12":"product_tag-biale-zloto","13":"product_tag-diamenty","14":"product_tag-elegancka-bizuteria","15":"product_tag-kbd6105","16":"product_tag-kolczyki","17":"product_tag-kolczyki-serce","18":"product_tag-romantyczna-bizuteria","19":"product_tag-szlif-brylantowy","20":"product_tag-szlif-gruszka","21":"pa_barwa-g-2","22":"pa_czystosc-vs1","23":"pa_dostawca-hosgor","24":"pa_kamien-brylanty","25":"pa_kamien-diamenty-o-szlifie-gruszkowym","26":"pa_kolor-biale","27":"pa_kruszec-zloto","28":"pa_proba-0-750","29":"pa_waga-160g","30":"pa_wymiary-5-5x5-5mm","31":"pa_zapiecie-sztyft","33":"first","34":"onbackorder","35":"purchasable","36":"product-type-simple"},"aioseo_notices":[],"_links":{"self":[{"href":"https:\/\/staviori.com.pl\/de\/wp-json\/wp\/v2\/product\/13839","targetHints":{"allow":["GET"]}}],"collection":[{"href":"https:\/\/staviori.com.pl\/de\/wp-json\/wp\/v2\/product"}],"about":[{"href":"https:\/\/staviori.com.pl\/de\/wp-json\/wp\/v2\/types\/product"}],"replies":[{"embeddable":true,"href":"https:\/\/staviori.com.pl\/de\/wp-json\/wp\/v2\/comments?post=13839"}],"wp:featuredmedia":[{"embeddable":true,"href":"https:\/\/staviori.com.pl\/de\/wp-json\/wp\/v2\/media\/1738"}],"wp:attachment":[{"href":"https:\/\/staviori.com.pl\/de\/wp-json\/wp\/v2\/media?parent=13839"}],"wp:term":[{"taxonomy":"product_brand","embeddable":true,"href":"https:\/\/staviori.com.pl\/de\/wp-json\/wp\/v2\/product_brand?post=13839"},{"taxonomy":"product_cat","embeddable":true,"href":"https:\/\/staviori.com.pl\/de\/wp-json\/wp\/v2\/product_cat?post=13839"},{"taxonomy":"product_tag","embeddable":true,"href":"https:\/\/staviori.com.pl\/de\/wp-json\/wp\/v2\/product_tag?post=13839"}],"curies":[{"name":"wp","href":"https:\/\/api.w.org\/{rel}","templated":true}]}}