{"id":13835,"date":"2025-02-24T22:45:25","date_gmt":"2025-02-24T21:45:25","guid":{"rendered":"https:\/\/staviori.com.pl\/product\/kolczyk-z-brylantami-kbd6000s\/"},"modified":"2026-02-11T00:08:34","modified_gmt":"2026-02-10T23:08:34","slug":"kolczyk-z-brylantami-kbd6000s","status":"publish","type":"product","link":"https:\/\/staviori.com.pl\/de\/product\/kolczyk-z-brylantami-kbd6000s\/","title":{"rendered":"Exklusiv | Ovale Ohrringe mit Saphiren und Diamanten - KBD6000S"},"content":{"rendered":"<p>Model: KBD6000S<br \/>\nGewicht ca. 1,90g<\/p>\n<p>Ohrringe.<br \/>\nWei\u00dfgold 0,750.<br \/>\n44 Diamenty, szlif brylantowy, o masie 0,09ct, barwa G, czysto\u015b\u0107 VS2-SI1.<br \/>\n2 Szafiry, o masie 0,90ct.<\/p>\n<p>D\u0142ugo\u015b\u0107 8 mm.<br \/>\n6 mm breit.<\/p>\n<p>Produkt nur auf Anfrage erh\u00e4ltlich, Vorlaufzeit ca. 2 Wochen.<\/p>\n<p>Pi\u0119kne kolczyki wykonane z 18-karatowego z\u0142ota i ozdobione szafirami oraz brylantami.<br \/>\nDost\u0119pne w bia\u0142ym, \u017c\u00f3\u0142tym lub r\u00f3\u017cowym z\u0142ocie.<\/p>","protected":false},"excerpt":{"rendered":"<p>Eleganckie kolczyki z bia\u0142ego z\u0142ota pr\u00f3by 750, ozdobione g\u0142\u0119bokimi, granatowymi szafirami o masie 0,90 ct. Ka\u017cdy z kamieni otoczony jest subteln\u0105 aureol\u0105 z 44 l\u015bni\u0105cych diament\u00f3w w szlifie brylantowym, kt\u00f3re pi\u0119knie podkre\u015blaj\u0105 intensywn\u0105 barw\u0119 szafir\u00f3w. Klasyczny i ponadczasowy wz\u00f3r sprawia, \u017ce kolczyki doskonale pasuj\u0105 zar\u00f3wno do codziennych stylizacji, jak i wyj\u0105tkowych okazji. To bi\u017cuteria pe\u0142na szyku i wyrafinowanej elegancji.<\/p>","protected":false},"featured_media":1716,"comment_status":"closed","ping_status":"closed","template":"","meta":{"om_disable_all_campaigns":false},"product_brand":[2284],"product_cat":[1803,1838,1990,199],"product_tag":[2658,2543,2296,2660,4149,2664,1394,2656,2280,6411,6410,6409,6412],"class_list":{"0":"post-13835","1":"product","2":"type-product","3":"status-publish","4":"has-post-thumbnail","6":"product_brand-staviori","7":"product_cat-brylanty-exclusive","8":"product_cat-diamenty","9":"product_cat-kolczyk-z-brylantami","10":"product_cat-kolczyki","11":"product_tag-biale-zloto-750","12":"product_tag-bizuteria-zlota","13":"product_tag-diamenty","14":"product_tag-eleganckie-kolczyki","15":"product_tag-fine-jewelry","16":"product_tag-klasyczne-kolczyki","17":"product_tag-kolczyki","18":"product_tag-kolczyki-z-szafirami","19":"product_tag-luksusowa-bizuteria","20":"product_tag-ohrstecker-mit-saphir","21":"product_tag-safirove-nausnice","22":"product_tag-sapphire-earrings","23":"product_tag-szafir-i-brylant","24":"pa_barwa-g-2","25":"pa_czystosc-vs2","26":"pa_dlugosc-8mm","27":"pa_kamien-diamenty","28":"pa_kamien-szafiry-naturalne","29":"pa_kolor-biale","30":"pa_kruszec-zloto","31":"pa_proba-0-750","32":"pa_szerokosc-6mm","33":"pa_waga-190g","35":"first","36":"onbackorder","37":"purchasable","38":"product-type-simple"},"aioseo_notices":[],"_links":{"self":[{"href":"https:\/\/staviori.com.pl\/de\/wp-json\/wp\/v2\/product\/13835","targetHints":{"allow":["GET"]}}],"collection":[{"href":"https:\/\/staviori.com.pl\/de\/wp-json\/wp\/v2\/product"}],"about":[{"href":"https:\/\/staviori.com.pl\/de\/wp-json\/wp\/v2\/types\/product"}],"replies":[{"embeddable":true,"href":"https:\/\/staviori.com.pl\/de\/wp-json\/wp\/v2\/comments?post=13835"}],"wp:featuredmedia":[{"embeddable":true,"href":"https:\/\/staviori.com.pl\/de\/wp-json\/wp\/v2\/media\/1716"}],"wp:attachment":[{"href":"https:\/\/staviori.com.pl\/de\/wp-json\/wp\/v2\/media?parent=13835"}],"wp:term":[{"taxonomy":"product_brand","embeddable":true,"href":"https:\/\/staviori.com.pl\/de\/wp-json\/wp\/v2\/product_brand?post=13835"},{"taxonomy":"product_cat","embeddable":true,"href":"https:\/\/staviori.com.pl\/de\/wp-json\/wp\/v2\/product_cat?post=13835"},{"taxonomy":"product_tag","embeddable":true,"href":"https:\/\/staviori.com.pl\/de\/wp-json\/wp\/v2\/product_tag?post=13835"}],"curies":[{"name":"wp","href":"https:\/\/api.w.org\/{rel}","templated":true}]}}