{"id":13834,"date":"2025-02-24T22:45:25","date_gmt":"2025-02-24T21:45:25","guid":{"rendered":"https:\/\/staviori.com.pl\/product\/kolczyk-z-brylantami-kbd6000e\/"},"modified":"2026-02-11T00:08:34","modified_gmt":"2026-02-10T23:08:34","slug":"kolczyk-z-brylantami-kbd6000e","status":"publish","type":"product","link":"https:\/\/staviori.com.pl\/de\/product\/kolczyk-z-brylantami-kbd6000e\/","title":{"rendered":"Exklusiv | Ovale Ohrringe mit Smaragden und Diamanten - KBD6000E"},"content":{"rendered":"<p>Model: KBD6000E<br \/>\nGewicht ca. 1,90g<\/p>\n<p>Ohrringe.<br \/>\nWei\u00dfgold 0,750.<br \/>\n44 Diamenty, szlif brylantowy, o masie 0,09ct, barwa G, czysto\u015b\u0107 VS2-SI1.<br \/>\n2 Szmaragdy, o masie 0,71ct.<\/p>\n<p>D\u0142ugo\u015b\u0107 8 mm.<br \/>\n6 mm breit.<\/p>\n<p><strong>Produkt nur auf Anfrage erh\u00e4ltlich, Vorlaufzeit ca. 2 Wochen.<\/strong><\/p>\n<p>Pi\u0119kne kolczyki wykonane z 18-karatowego z\u0142ota i ozdobione szmaragdami oraz brylantami. Dost\u0119pne w bia\u0142ym, \u017c\u00f3\u0142tym lub r\u00f3\u017cowym z\u0142ocie.<\/p>","protected":false},"excerpt":{"rendered":"<p>Ol\u015bniewaj\u0105ce kolczyki wykonane z najwy\u017cszej pr\u00f3by 18-karatowego bia\u0142ego z\u0142ota to prawdziwa esencja luksusu i wyrafinowania. Centralne miejsce zajmuj\u0105 intensywnie zielone, owalne szmaragdy o \u0142\u0105cznej masie 0,71 ct, otoczone delikatn\u0105 aureol\u0105 z 44 l\u015bni\u0105cych brylant\u00f3w. Elegancka forma i ponadczasowy blask kamieni sprawiaj\u0105, \u017ce te kolczyki doskonale dope\u0142ni\u0105 zar\u00f3wno wieczorowe stylizacje, jak i wyj\u0105tkowe okazje. To subtelna bi\u017cuteria dla kobiet ceni\u0105cych klasyk\u0119 i presti\u017c.<\/p>","protected":false},"featured_media":1711,"comment_status":"closed","ping_status":"closed","template":"","meta":{"om_disable_all_campaigns":false},"product_brand":[2284],"product_cat":[1803,1838,1990,6858,199],"product_tag":[2308,2293,2660,2926,1394,2928,2672,2280,2929],"class_list":{"0":"post-13834","1":"product","2":"type-product","3":"status-publish","4":"has-post-thumbnail","6":"product_brand-staviori","7":"product_cat-brylanty-exclusive","8":"product_cat-diamenty","9":"product_cat-kolczyk-z-brylantami","10":"product_cat-kolczyki-brylanty-exclusive","11":"product_cat-kolczyki","12":"product_tag-biale-zloto","13":"product_tag-bizuteria-na-zamowienie","14":"product_tag-eleganckie-kolczyki","15":"product_tag-kbd6000e","16":"product_tag-kolczyki","17":"product_tag-kolczyki-szmaragdowe","18":"product_tag-kolczyki-z-brylantami","19":"product_tag-luksusowa-bizuteria","20":"product_tag-szmaragdy-i-diamenty","21":"pa_barwa-g","22":"pa_czystosc-vs2","23":"pa_dlugosc-8mm","24":"pa_dostawca-hosgor","25":"pa_kamien-brylanty","26":"pa_kamien-szmaragdy","27":"pa_kolor-biale","28":"pa_kruszec-zloto","29":"pa_proba-0-750","30":"pa_szerokosc-6mm","31":"pa_waga-1-90g","32":"pa_zapiecie-sztyft","34":"first","35":"onbackorder","36":"purchasable","37":"product-type-simple"},"aioseo_notices":[],"_links":{"self":[{"href":"https:\/\/staviori.com.pl\/de\/wp-json\/wp\/v2\/product\/13834","targetHints":{"allow":["GET"]}}],"collection":[{"href":"https:\/\/staviori.com.pl\/de\/wp-json\/wp\/v2\/product"}],"about":[{"href":"https:\/\/staviori.com.pl\/de\/wp-json\/wp\/v2\/types\/product"}],"replies":[{"embeddable":true,"href":"https:\/\/staviori.com.pl\/de\/wp-json\/wp\/v2\/comments?post=13834"}],"wp:featuredmedia":[{"embeddable":true,"href":"https:\/\/staviori.com.pl\/de\/wp-json\/wp\/v2\/media\/1711"}],"wp:attachment":[{"href":"https:\/\/staviori.com.pl\/de\/wp-json\/wp\/v2\/media?parent=13834"}],"wp:term":[{"taxonomy":"product_brand","embeddable":true,"href":"https:\/\/staviori.com.pl\/de\/wp-json\/wp\/v2\/product_brand?post=13834"},{"taxonomy":"product_cat","embeddable":true,"href":"https:\/\/staviori.com.pl\/de\/wp-json\/wp\/v2\/product_cat?post=13834"},{"taxonomy":"product_tag","embeddable":true,"href":"https:\/\/staviori.com.pl\/de\/wp-json\/wp\/v2\/product_tag?post=13834"}],"curies":[{"name":"wp","href":"https:\/\/api.w.org\/{rel}","templated":true}]}}