{"id":13833,"date":"2025-02-24T22:45:25","date_gmt":"2025-02-24T21:45:25","guid":{"rendered":"https:\/\/staviori.com.pl\/product\/kolczyk-z-brylantami-kbd5720\/"},"modified":"2026-02-11T00:08:34","modified_gmt":"2026-02-10T23:08:34","slug":"kolczyk-z-brylantami-kbd5720","status":"publish","type":"product","link":"https:\/\/staviori.com.pl\/de\/product\/kolczyk-z-brylantami-kbd5720\/","title":{"rendered":"Ohrringe aus Wei\u00dfgold mit Diamanten - KBD5720"},"content":{"rendered":"<p>Model: KBD5720<br \/>\nWaga ok. 0,84g<\/p>\n<p>Ohrringe.<br \/>\nWei\u00dfgold 0,585.<br \/>\n2 Diamenty, szlif brylantowy, o masie 0,08ct, barwa H, czysto\u015b\u0107 SI1-SI2.<\/p>\n<p>L\u00e4nge 9 mm.<br \/>\n4 mm breit.<\/p>\n<p>Dost\u0119pne r\u00f3wnie\u017c w \u017c\u00f3\u0142tym z\u0142ocie pod symbolem: KZD5720<\/p>","protected":false},"excerpt":{"rendered":"<p>Subtelne i pe\u0142ne wdzi\u0119ku kolczyki z bia\u0142ego z\u0142ota pr\u00f3by 0,585 zachwycaj\u0105 nowoczesnym wzornictwem i ponadczasow\u0105 elegancj\u0105. Diamenty o szlifie brylantowym delikatnie zatopione w spiralnym oplocie z\u0142ota dodaj\u0105 im blasku i lekko\u015bci. Ich kompaktowa forma sprawia, \u017ce idealnie nadaj\u0105 si\u0119 na co dzie\u0144, jak i na wyj\u0105tkowe okazje. To bi\u017cuteria, kt\u00f3ra podkre\u015bla kobiec\u0105 klas\u0119 i wyczucie stylu.<\/p>","protected":false},"featured_media":1704,"comment_status":"closed","ping_status":"closed","template":"","meta":{"om_disable_all_campaigns":false},"product_brand":[2284],"product_cat":[1838,1990,199],"product_tag":[2308,2317,2918,2603,1394,2665,2667,2291],"class_list":{"0":"post-13833","1":"product","2":"type-product","3":"status-publish","4":"has-post-thumbnail","6":"product_brand-staviori","7":"product_cat-diamenty","8":"product_cat-kolczyk-z-brylantami","9":"product_cat-kolczyki","10":"product_tag-biale-zloto","11":"product_tag-elegancka-bizuteria","12":"product_tag-kbd5720","13":"product_tag-klasyczna-bizuteria","14":"product_tag-kolczyki","15":"product_tag-kolczyki-sztyfty","16":"product_tag-kolczyki-z-diamentami","17":"product_tag-prezent-dla-niej","18":"pa_barwa-h-2","19":"pa_czystosc-si1","20":"pa_dlugosc-9mm","21":"pa_dostawca-estrella","22":"pa_kamien-diament","23":"pa_kolor-biale","24":"pa_kruszec-zloto","25":"pa_proba-0-585","26":"pa_szerokosc-4mm","27":"pa_waga-075g","28":"pa_zapiecie-sztyft","30":"first","31":"instock","32":"purchasable","33":"product-type-simple"},"aioseo_notices":[],"_links":{"self":[{"href":"https:\/\/staviori.com.pl\/de\/wp-json\/wp\/v2\/product\/13833","targetHints":{"allow":["GET"]}}],"collection":[{"href":"https:\/\/staviori.com.pl\/de\/wp-json\/wp\/v2\/product"}],"about":[{"href":"https:\/\/staviori.com.pl\/de\/wp-json\/wp\/v2\/types\/product"}],"replies":[{"embeddable":true,"href":"https:\/\/staviori.com.pl\/de\/wp-json\/wp\/v2\/comments?post=13833"}],"wp:featuredmedia":[{"embeddable":true,"href":"https:\/\/staviori.com.pl\/de\/wp-json\/wp\/v2\/media\/1704"}],"wp:attachment":[{"href":"https:\/\/staviori.com.pl\/de\/wp-json\/wp\/v2\/media?parent=13833"}],"wp:term":[{"taxonomy":"product_brand","embeddable":true,"href":"https:\/\/staviori.com.pl\/de\/wp-json\/wp\/v2\/product_brand?post=13833"},{"taxonomy":"product_cat","embeddable":true,"href":"https:\/\/staviori.com.pl\/de\/wp-json\/wp\/v2\/product_cat?post=13833"},{"taxonomy":"product_tag","embeddable":true,"href":"https:\/\/staviori.com.pl\/de\/wp-json\/wp\/v2\/product_tag?post=13833"}],"curies":[{"name":"wp","href":"https:\/\/api.w.org\/{rel}","templated":true}]}}