{"id":13831,"date":"2025-02-24T22:45:25","date_gmt":"2025-02-24T21:45:25","guid":{"rendered":"https:\/\/staviori.com.pl\/product\/kolczyk-z-brylantami-kbd5300b\/"},"modified":"2026-02-11T00:08:34","modified_gmt":"2026-02-10T23:08:34","slug":"kolczyk-z-brylantami-kbd5300b","status":"publish","type":"product","link":"https:\/\/staviori.com.pl\/de\/product\/kolczyk-z-brylantami-kbd5300b\/","title":{"rendered":"Schwarze Diamantohrringe - KBD5300B"},"content":{"rendered":"<p>Model: KBD5300B<br \/>\nWaga ok. 1,30g<\/p>\n<p>Ohrringe.<br \/>\nWei\u00dfgold 0,585.<br \/>\n2 Diamenty, kolor czarny, szlif brylantowy, o masie 0,30ct.<\/p>\n<p>\u015arednica 3.10 mm.<\/p>\n<p><strong>Produkt nur auf Anfrage erh\u00e4ltlich, Vorlaufzeit ca. 2 Wochen.<\/strong><\/p>","protected":false},"excerpt":{"rendered":"<p>Subtelne i zarazem wyraziste kolczyki z bia\u0142ego z\u0142ota, ozdobione hipnotyzuj\u0105cymi czarnymi diamentami o \u0142\u0105cznej masie 0,30 ct. Klasyczna forma typu sztyft w po\u0142\u0105czeniu z g\u0142\u0119bokim kolorem kamieni tworzy wyj\u0105tkowo elegancki akcent bi\u017cuteryjny. Idealne zar\u00f3wno na co dzie\u0144, jak i do wieczorowych stylizacji. Czer\u0144 brylant\u00f3w podkre\u015bla nowoczesny charakter i ponadczasowy styl tej kompozycji.<\/p>","protected":false},"featured_media":1685,"comment_status":"closed","ping_status":"closed","template":"","meta":{"om_disable_all_campaigns":false},"product_brand":[2284],"product_cat":[1838,1990,199,6752],"product_tag":[2769,2319,2660,2887,2698,2667,2708],"class_list":{"0":"post-13831","1":"product","2":"type-product","3":"status-publish","4":"has-post-thumbnail","6":"product_brand-staviori","7":"product_cat-diamenty","8":"product_cat-kolczyk-z-brylantami","9":"product_cat-kolczyki","10":"product_cat-kolekcja-staviori-must-have","11":"product_tag-bizuteria-z-bialego-zlota","12":"product_tag-czarne-diamenty","13":"product_tag-eleganckie-kolczyki","14":"product_tag-kbd5300b","15":"product_tag-kolczyki-na-prezent","16":"product_tag-kolczyki-z-diamentami","17":"product_tag-kolczyki-zlote","18":"pa_barwa-70","19":"pa_dostawca-iza","20":"pa_kamien-czarne-diamenty","21":"pa_kolor-biale","22":"pa_kruszec-zloto","23":"pa_proba-0-585","24":"pa_srednica-3-10mm","25":"pa_waga-130g","26":"pa_zapiecie-sztyft","28":"first","29":"onbackorder","30":"purchasable","31":"product-type-simple"},"aioseo_notices":[],"_links":{"self":[{"href":"https:\/\/staviori.com.pl\/de\/wp-json\/wp\/v2\/product\/13831","targetHints":{"allow":["GET"]}}],"collection":[{"href":"https:\/\/staviori.com.pl\/de\/wp-json\/wp\/v2\/product"}],"about":[{"href":"https:\/\/staviori.com.pl\/de\/wp-json\/wp\/v2\/types\/product"}],"replies":[{"embeddable":true,"href":"https:\/\/staviori.com.pl\/de\/wp-json\/wp\/v2\/comments?post=13831"}],"wp:featuredmedia":[{"embeddable":true,"href":"https:\/\/staviori.com.pl\/de\/wp-json\/wp\/v2\/media\/1685"}],"wp:attachment":[{"href":"https:\/\/staviori.com.pl\/de\/wp-json\/wp\/v2\/media?parent=13831"}],"wp:term":[{"taxonomy":"product_brand","embeddable":true,"href":"https:\/\/staviori.com.pl\/de\/wp-json\/wp\/v2\/product_brand?post=13831"},{"taxonomy":"product_cat","embeddable":true,"href":"https:\/\/staviori.com.pl\/de\/wp-json\/wp\/v2\/product_cat?post=13831"},{"taxonomy":"product_tag","embeddable":true,"href":"https:\/\/staviori.com.pl\/de\/wp-json\/wp\/v2\/product_tag?post=13831"}],"curies":[{"name":"wp","href":"https:\/\/api.w.org\/{rel}","templated":true}]}}