{"id":13824,"date":"2025-02-24T22:45:25","date_gmt":"2025-02-24T21:45:25","guid":{"rendered":"https:\/\/staviori.com.pl\/product\/kolczyk-z-brylantami-kbd4820\/"},"modified":"2026-02-11T00:08:34","modified_gmt":"2026-02-10T23:08:34","slug":"kolczyk-z-brylantami-kbd4820","status":"publish","type":"product","link":"https:\/\/staviori.com.pl\/de\/product\/kolczyk-z-brylantami-kbd4820\/","title":{"rendered":"Exklusive | 0,50ct klassische Diamant-Ohrringe - KBD4820"},"content":{"rendered":"<p>Modell: KBD4820<br \/>\nGewicht ca. 1,05g<\/p>\n<p>Ohrringe.<br \/>\nWei\u00dfgold 0,585.<br \/>\n2 Diamanten 0,25ct, Farbe G-H, Reinheit Si.<\/p>\n<p>4,50 mm Durchmesser.<br \/>\nL\u00e4nge 4,60 mm.<\/p>\n<p>Produkt nur auf Anfrage erh\u00e4ltlich, Vorlaufzeit ca. 2 Wochen.<\/p>","protected":false},"excerpt":{"rendered":"<p>Klassische und zeitlose Ohrringe aus 0,585er Wei\u00dfgold mit funkelnden Diamanten von insgesamt 0,50ct. Die minimalistische Form des Chatons mit vier Tatzenf\u00fc\u00dfen unterstreicht den nat\u00fcrlichen Glanz der Diamanten und verleiht dem Ganzen eine einzigartige Eleganz. Perfekt als Alltagsschmuck oder als dezentes Accessoire f\u00fcr besondere Anl\u00e4sse. Eine perfekte Wahl f\u00fcr Frauen, die diskreten Luxus zu sch\u00e4tzen wissen.<\/p>","protected":false},"featured_media":1650,"comment_status":"closed","ping_status":"closed","template":"","meta":{"om_disable_all_campaigns":false},"product_brand":[2284],"product_cat":[1803,1838,1990,6858,199],"product_tag":[2879,2308,2877,2878,2876,2664,1394,2665,2667],"class_list":{"0":"post-13824","1":"product","2":"type-product","3":"status-publish","4":"has-post-thumbnail","6":"product_brand-staviori","7":"product_cat-brylanty-exclusive","8":"product_cat-diamenty","9":"product_cat-kolczyk-z-brylantami","10":"product_cat-kolczyki-brylanty-exclusive","11":"product_cat-kolczyki","12":"product_tag-50ct","13":"product_tag-biale-zloto","14":"product_tag-bizuteria-elegancka","15":"product_tag-diamenty-g-h","16":"product_tag-kbd4820","17":"product_tag-klasyczne-kolczyki","18":"product_tag-kolczyki","19":"product_tag-kolczyki-sztyfty","20":"product_tag-kolczyki-z-diamentami","21":"pa_barwa-g-h","22":"pa_czystosc-si1","23":"pa_dlugosc-4-60mm","24":"pa_dostawca-iza","25":"pa_kamien-brylanty","26":"pa_kolor-biale","27":"pa_kruszec-zloto","28":"pa_proba-0-585","29":"pa_srednica-4-50mm","30":"pa_waga-105g","31":"pa_zapiecie-sztyft","33":"first","34":"onbackorder","35":"purchasable","36":"product-type-simple"},"aioseo_notices":[],"_links":{"self":[{"href":"https:\/\/staviori.com.pl\/de\/wp-json\/wp\/v2\/product\/13824","targetHints":{"allow":["GET"]}}],"collection":[{"href":"https:\/\/staviori.com.pl\/de\/wp-json\/wp\/v2\/product"}],"about":[{"href":"https:\/\/staviori.com.pl\/de\/wp-json\/wp\/v2\/types\/product"}],"replies":[{"embeddable":true,"href":"https:\/\/staviori.com.pl\/de\/wp-json\/wp\/v2\/comments?post=13824"}],"wp:featuredmedia":[{"embeddable":true,"href":"https:\/\/staviori.com.pl\/de\/wp-json\/wp\/v2\/media\/1650"}],"wp:attachment":[{"href":"https:\/\/staviori.com.pl\/de\/wp-json\/wp\/v2\/media?parent=13824"}],"wp:term":[{"taxonomy":"product_brand","embeddable":true,"href":"https:\/\/staviori.com.pl\/de\/wp-json\/wp\/v2\/product_brand?post=13824"},{"taxonomy":"product_cat","embeddable":true,"href":"https:\/\/staviori.com.pl\/de\/wp-json\/wp\/v2\/product_cat?post=13824"},{"taxonomy":"product_tag","embeddable":true,"href":"https:\/\/staviori.com.pl\/de\/wp-json\/wp\/v2\/product_tag?post=13824"}],"curies":[{"name":"wp","href":"https:\/\/api.w.org\/{rel}","templated":true}]}}