{"id":13821,"date":"2025-02-24T22:45:25","date_gmt":"2025-02-24T21:45:25","guid":{"rendered":"https:\/\/staviori.com.pl\/product\/bizuteria-inwestycyjna-kolczyk-kbd4049\/"},"modified":"2026-02-11T00:08:34","modified_gmt":"2026-02-10T23:08:34","slug":"bizuteria-inwestycyjna-kolczyk-kbd4049","status":"publish","type":"product","link":"https:\/\/staviori.com.pl\/de\/product\/bizuteria-inwestycyjna-kolczyk-kbd4049\/","title":{"rendered":"Exklusive Anh\u00e4nger Boho Wei\u00dfgold 750 Ohrringe mit Topasen und Diamanten"},"content":{"rendered":"<p>Modell: DSE1637T<br \/>\nGewicht ca. 7,36g<\/p>\n<p>Ohrringe.<br \/>\nWei\u00dfgold 0,750.<br \/>\n76 Diamanten, Brillantschliff, Gewicht ca. 1,31ct, Farbe G-H, Reinheit SI1.<br \/>\n8 Blautopase mit einem Gewicht von etwa 14,57ct.<\/p>\n<p>L\u00e4nge 56,5 mm.<br \/>\n13,7 mm breit.<br \/>\nDurchmesser 6,9 mm.<\/p>\n<p><strong>Produkt nur auf Anfrage erh\u00e4ltlich, Vorlaufzeit ca. 5 Wochen.<\/strong><\/p>","protected":false},"excerpt":{"rendered":"<p>Die eleganten Ohrringe aus 0,750er Wei\u00dfgold gl\u00e4nzen mit einer Harmonie aus blauen Topasen und funkelnden Diamanten. Die durchbrochene Form mit zarten Ketten verleiht ihnen Leichtigkeit und au\u00dfergew\u00f6hnlichen Charme. 76 Diamanten setzen das Ganze dezent in Szene und unterstreichen den luxuri\u00f6sen Charakter dieses Schmucks. Ideal f\u00fcr besondere Anl\u00e4sse - f\u00fcr Frauen, die raffinierten Stil und bemerkenswerten Glanz zu sch\u00e4tzen wissen.<\/p>","protected":false},"featured_media":1633,"comment_status":"closed","ping_status":"closed","template":"","meta":{"om_disable_all_campaigns":false},"product_brand":[2284],"product_cat":[1803,6858,199],"product_tag":[2769,2891,2894,2893,2755,2686,2667,2895,2280],"class_list":{"0":"post-13821","1":"product","2":"type-product","3":"status-publish","4":"has-post-thumbnail","6":"product_brand-staviori","7":"product_cat-brylanty-exclusive","8":"product_cat-kolczyki-brylanty-exclusive","9":"product_cat-kolczyki","10":"product_tag-bizuteria-z-bialego-zlota","11":"product_tag-dlugie-kolczyki","12":"product_tag-dse1637t","13":"product_tag-kbd4049","14":"product_tag-kolczyki-na-zamowienie","15":"product_tag-kolczyki-wieczorowe","16":"product_tag-kolczyki-z-diamentami","17":"product_tag-kolczyki-z-topazem","18":"product_tag-luksusowa-bizuteria","19":"pa_barwa-g-h","20":"pa_czystosc-si1","21":"pa_dlugosc-56-5mm","22":"pa_dostawca-draco","23":"pa_kamien-biale-diamenty","24":"pa_kamien-topazy-blekitne","25":"pa_kolor-biale","26":"pa_kruszec-zloto","27":"pa_proba-0-750","28":"pa_szerokosc-13-7mm","29":"pa_waga-736g","30":"pa_zapiecie-sztyft","32":"first","33":"onbackorder","34":"purchasable","35":"product-type-simple"},"aioseo_notices":[],"_links":{"self":[{"href":"https:\/\/staviori.com.pl\/de\/wp-json\/wp\/v2\/product\/13821","targetHints":{"allow":["GET"]}}],"collection":[{"href":"https:\/\/staviori.com.pl\/de\/wp-json\/wp\/v2\/product"}],"about":[{"href":"https:\/\/staviori.com.pl\/de\/wp-json\/wp\/v2\/types\/product"}],"replies":[{"embeddable":true,"href":"https:\/\/staviori.com.pl\/de\/wp-json\/wp\/v2\/comments?post=13821"}],"wp:featuredmedia":[{"embeddable":true,"href":"https:\/\/staviori.com.pl\/de\/wp-json\/wp\/v2\/media\/1633"}],"wp:attachment":[{"href":"https:\/\/staviori.com.pl\/de\/wp-json\/wp\/v2\/media?parent=13821"}],"wp:term":[{"taxonomy":"product_brand","embeddable":true,"href":"https:\/\/staviori.com.pl\/de\/wp-json\/wp\/v2\/product_brand?post=13821"},{"taxonomy":"product_cat","embeddable":true,"href":"https:\/\/staviori.com.pl\/de\/wp-json\/wp\/v2\/product_cat?post=13821"},{"taxonomy":"product_tag","embeddable":true,"href":"https:\/\/staviori.com.pl\/de\/wp-json\/wp\/v2\/product_tag?post=13821"}],"curies":[{"name":"wp","href":"https:\/\/api.w.org\/{rel}","templated":true}]}}