{"id":13819,"date":"2025-02-24T22:45:25","date_gmt":"2025-02-24T21:45:25","guid":{"rendered":"https:\/\/staviori.com.pl\/product\/bizuteria-inwestycyjna-kolczyk-kbd4044\/"},"modified":"2026-02-11T00:08:33","modified_gmt":"2026-02-10T23:08:33","slug":"bizuteria-inwestycyjna-kolczyk-kbd4044","status":"publish","type":"product","link":"https:\/\/staviori.com.pl\/de\/product\/bizuteria-inwestycyjna-kolczyk-kbd4044\/","title":{"rendered":"Exklusive Clip-Ohrringe mit schwarzem Diamantlack"},"content":{"rendered":"<p>Model: DSE1191<br \/>\nWaga ok. 6,50g<\/p>\n<p>Ohrringe.<br \/>\nWei\u00dfgold 0,750.<br \/>\n192 Diamenty, szlif brylantowy, o masie 0,80ct, barwa G-H, czysto\u015b\u0107 SI1.<br \/>\nCzarna Laka.<\/p>\n<p>L\u00e4nge 24 mm.<br \/>\nSzeroko\u015b\u0107 13.6 mm.<br \/>\nGrubo\u015b\u0107 4.7 mm.<\/p>\n<p><strong>Produkt nur auf Anfrage erh\u00e4ltlich, Vorlaufzeit ca. 5 Wochen.<\/strong><\/p>","protected":false},"excerpt":{"rendered":"<p>Wyj\u0105tkowe kolczyki wykonane z 18-karatowego bia\u0142ego z\u0142ota, ozdobione a\u017c 192 diamentami o \u0142\u0105cznej masie 0,80 ct. Ich powierzchni\u0119 pokrywa czarna laka, kt\u00f3ra tworzy wyrazisty kontrast z l\u015bni\u0105cymi brylantami w fantazyjnym wzorze przypominaj\u0105cym serca. Ten designerski model przyci\u0105ga spojrzenia i emanuje nowoczesnym luksusem, \u0142\u0105cz\u0105c bi\u017cuteri\u0119 artystyczn\u0105 z wyrafinowan\u0105 elegancj\u0105.<\/p>","protected":false},"featured_media":17568,"comment_status":"closed","ping_status":"closed","template":"","meta":{"om_disable_all_campaigns":false},"product_brand":[2284],"product_cat":[1803,6858,199],"product_tag":[2308,2907,2905,2296,2902,2317,2901,1394,2906,2755,2908,2909],"class_list":{"0":"post-13819","1":"product","2":"type-product","3":"status-publish","4":"has-post-thumbnail","6":"product_brand-staviori","7":"product_cat-brylanty-exclusive","8":"product_cat-kolczyki-brylanty-exclusive","9":"product_cat-kolczyki","10":"product_tag-biale-zloto","11":"product_tag-bizuteria-artystyczna","12":"product_tag-czarna-laka","13":"product_tag-diamenty","14":"product_tag-dse1191","15":"product_tag-elegancka-bizuteria","16":"product_tag-kbd4044","17":"product_tag-kolczyki","18":"product_tag-kolczyki-designerskie","19":"product_tag-kolczyki-na-zamowienie","20":"product_tag-kolczyki-z-sercami","21":"product_tag-luksusowe-dodatki","22":"pa_barwa-g-h","23":"pa_czystosc-si1","24":"pa_dlugosc-24mm","25":"pa_dostawca-draco","26":"pa_kamien-biale-diamenty","27":"pa_kamien-brylanty","28":"pa_kamien-laka-czarna","29":"pa_kolor-biale","30":"pa_kruszec-zloto","31":"pa_proba-0-750","32":"pa_szerokosc-13-6mm","33":"pa_waga-650g","34":"pa_zapiecie-klips-z-bolcem","36":"first","37":"onbackorder","38":"purchasable","39":"product-type-simple"},"aioseo_notices":[],"_links":{"self":[{"href":"https:\/\/staviori.com.pl\/de\/wp-json\/wp\/v2\/product\/13819","targetHints":{"allow":["GET"]}}],"collection":[{"href":"https:\/\/staviori.com.pl\/de\/wp-json\/wp\/v2\/product"}],"about":[{"href":"https:\/\/staviori.com.pl\/de\/wp-json\/wp\/v2\/types\/product"}],"replies":[{"embeddable":true,"href":"https:\/\/staviori.com.pl\/de\/wp-json\/wp\/v2\/comments?post=13819"}],"wp:featuredmedia":[{"embeddable":true,"href":"https:\/\/staviori.com.pl\/de\/wp-json\/wp\/v2\/media\/17568"}],"wp:attachment":[{"href":"https:\/\/staviori.com.pl\/de\/wp-json\/wp\/v2\/media?parent=13819"}],"wp:term":[{"taxonomy":"product_brand","embeddable":true,"href":"https:\/\/staviori.com.pl\/de\/wp-json\/wp\/v2\/product_brand?post=13819"},{"taxonomy":"product_cat","embeddable":true,"href":"https:\/\/staviori.com.pl\/de\/wp-json\/wp\/v2\/product_cat?post=13819"},{"taxonomy":"product_tag","embeddable":true,"href":"https:\/\/staviori.com.pl\/de\/wp-json\/wp\/v2\/product_tag?post=13819"}],"curies":[{"name":"wp","href":"https:\/\/api.w.org\/{rel}","templated":true}]}}